{"id":18772,"date":"2025-08-23T08:39:58","date_gmt":"2025-08-23T08:39:58","guid":{"rendered":"https:\/\/hideyourkeys.io\/?post_type=product&#038;p=18772"},"modified":"2025-08-23T18:17:03","modified_gmt":"2025-08-23T18:17:03","slug":"plant-pot-safe-mini","status":"publish","type":"product","link":"https:\/\/hideyourkeys.io\/es\/producto\/plant-pot-safe-mini\/","title":{"rendered":"Maceta Cofre Mini (M14)"},"content":{"rendered":"<p>Si eres un amante de las plantas y la tecnolog\u00eda, \u00a1tenemos el producto perfecto para ti! Presentamos la nueva edici\u00f3n mini de la maceta cofre con suculenta artificial, que te permite guardar tu frase semilla hecha con el BitJig M14 en un contenedor de tama\u00f1o reducido.<\/p>\n<p>Nuestra maceta est\u00e1 dise\u00f1ada para mantener tu frase semilla de Bitcoin, hecha con nuestros <a href=\"https:\/\/hideyourkeys.io\/es\/producto\/bitjig-m8-pack-basico\/\">estampadores<\/a>, segura y oculta en su interior, gracias al compartimento de almacenamiento especialmente dise\u00f1ado. Est\u00e1 pensada para usarse con arandelas de 44 mm fabricadas con el BitJig M14. <\/p>\n<p>Adem\u00e1s de ser una excelente manera de ocultar tu frase semilla, nuestra maceta tambi\u00e9n es una hermosa pieza decorativa para tu hogar u oficina. Con su dise\u00f1o moderno y elegante, es perfecto para acicalar cualquier espacio.<\/p>\n<p>Esta maceta de almacenamiento es perfecta para almacenar su propia frase semilla hecha de arandelas estampadas hechas con nuestros estampadores.<\/p>\n<p>Este producto contiene:<\/p>\n<ul>\n<li>Una (1) maceta suculenta<\/li>\n<li>Dos arandelas M14 compatibles con el BitJig M14<\/li>\n<\/ul>\n<p>Consulte el <a href=\"https:\/\/hideyourkeys.io\/es\/producto\/manual-maceta-cofre\/\">manual del producto<\/a> antes de comprarlo.<\/p>\n","protected":false},"excerpt":{"rendered":"<p>Planta suculenta falsa en tama\u00f1o compacto para esconder tus llaves. Almacenar frase semilla.<\/p>\n","protected":false},"featured_media":19017,"comment_status":"open","ping_status":"closed","template":"","meta":{"powered_cache_disable_cache":false,"powered_cache_disable_lazyload":false,"powered_cache_disable_css_optimization":false,"powered_cache_disable_js_optimization":false},"product_brand":[],"product_cat":[276],"product_tag":[315,405,390],"class_list":{"0":"post-18772","1":"product","2":"type-product","3":"status-publish","4":"has-post-thumbnail","6":"product_cat-macetas-y-jarrones","7":"product_tag-maceta-falsa","8":"product_tag-maceta-suculenta-mini","9":"product_tag-ocultar-frase-semilla","10":"pa_color-beige-es","11":"pa_color-blanco","12":"pa_color-granito","13":"pa_color-gris","14":"pa_color-negro","15":"pa_style-pinchos","16":"pa_style-zigzag-es","18":"first","19":"instock","20":"taxable","21":"shipping-taxable","22":"purchasable","23":"product-type-variable"},"_links":{"self":[{"href":"https:\/\/hideyourkeys.io\/es\/wp-json\/wp\/v2\/product\/18772","targetHints":{"allow":["GET"]}}],"collection":[{"href":"https:\/\/hideyourkeys.io\/es\/wp-json\/wp\/v2\/product"}],"about":[{"href":"https:\/\/hideyourkeys.io\/es\/wp-json\/wp\/v2\/types\/product"}],"replies":[{"embeddable":true,"href":"https:\/\/hideyourkeys.io\/es\/wp-json\/wp\/v2\/comments?post=18772"}],"wp:featuredmedia":[{"embeddable":true,"href":"https:\/\/hideyourkeys.io\/es\/wp-json\/wp\/v2\/media\/19017"}],"wp:attachment":[{"href":"https:\/\/hideyourkeys.io\/es\/wp-json\/wp\/v2\/media?parent=18772"}],"wp:term":[{"taxonomy":"product_brand","embeddable":true,"href":"https:\/\/hideyourkeys.io\/es\/wp-json\/wp\/v2\/product_brand?post=18772"},{"taxonomy":"product_cat","embeddable":true,"href":"https:\/\/hideyourkeys.io\/es\/wp-json\/wp\/v2\/product_cat?post=18772"},{"taxonomy":"product_tag","embeddable":true,"href":"https:\/\/hideyourkeys.io\/es\/wp-json\/wp\/v2\/product_tag?post=18772"}],"curies":[{"name":"wp","href":"https:\/\/api.w.org\/{rel}","templated":true}]}}