{"id":19225,"date":"2025-10-10T08:49:23","date_gmt":"2025-10-10T08:49:23","guid":{"rendered":"https:\/\/hideyourkeys.io\/?post_type=product&#038;p=19225"},"modified":"2025-10-10T19:54:30","modified_gmt":"2025-10-10T19:54:30","slug":"bitjig-free-12-ranuras","status":"publish","type":"product","link":"https:\/\/hideyourkeys.io\/es\/producto\/bitjig-free-12-ranuras\/","title":{"rendered":"BitJig Free 12 ranuras"},"content":{"rendered":"<p>\u00bfTienes una impresora 3D? Entonces puedes imprimirte esta herramienta para grabar arandelas, el BitJig Free, necesitar\u00e1s un yunque para estampar arandelas con \u00e9l. Descarga el fichero .zip con los archivos .STL. La mejor soluci\u00f3n para empezar grabando tu frase de recuperaci\u00f3n de Bitcoin o Crypto.<\/p>\n","protected":false},"excerpt":{"rendered":"<p>BitJig Free con 12 ranuras \u2013 Imprime tu propia plantilla de grabado. Descarga los archivos .STL y comienza a grabar tu frase semilla en arandelas M8.<\/p>\n","protected":false},"featured_media":15802,"comment_status":"open","ping_status":"closed","template":"","meta":{"powered_cache_disable_cache":false,"powered_cache_disable_lazyload":false,"powered_cache_disable_css_optimization":false,"powered_cache_disable_js_optimization":false},"product_brand":[],"product_cat":[269],"product_tag":[296,251,252,391],"class_list":{"0":"post-19225","1":"product","2":"type-product","3":"status-publish","4":"has-post-thumbnail","6":"product_cat-guias-y-manuales","7":"product_tag-bitcoin-es","8":"product_tag-estampador","9":"product_tag-estampador-es","10":"product_tag-manual-es","12":"first","13":"instock","14":"downloadable","15":"taxable","16":"shipping-taxable","17":"purchasable","18":"product-type-simple"},"_links":{"self":[{"href":"https:\/\/hideyourkeys.io\/es\/wp-json\/wp\/v2\/product\/19225","targetHints":{"allow":["GET"]}}],"collection":[{"href":"https:\/\/hideyourkeys.io\/es\/wp-json\/wp\/v2\/product"}],"about":[{"href":"https:\/\/hideyourkeys.io\/es\/wp-json\/wp\/v2\/types\/product"}],"replies":[{"embeddable":true,"href":"https:\/\/hideyourkeys.io\/es\/wp-json\/wp\/v2\/comments?post=19225"}],"wp:featuredmedia":[{"embeddable":true,"href":"https:\/\/hideyourkeys.io\/es\/wp-json\/wp\/v2\/media\/15802"}],"wp:attachment":[{"href":"https:\/\/hideyourkeys.io\/es\/wp-json\/wp\/v2\/media?parent=19225"}],"wp:term":[{"taxonomy":"product_brand","embeddable":true,"href":"https:\/\/hideyourkeys.io\/es\/wp-json\/wp\/v2\/product_brand?post=19225"},{"taxonomy":"product_cat","embeddable":true,"href":"https:\/\/hideyourkeys.io\/es\/wp-json\/wp\/v2\/product_cat?post=19225"},{"taxonomy":"product_tag","embeddable":true,"href":"https:\/\/hideyourkeys.io\/es\/wp-json\/wp\/v2\/product_tag?post=19225"}],"curies":[{"name":"wp","href":"https:\/\/api.w.org\/{rel}","templated":true}]}}