{"id":19328,"date":"2025-12-13T14:16:51","date_gmt":"2025-12-13T14:16:51","guid":{"rendered":"https:\/\/hideyourkeys.io\/product\/punzones-acero-letras-numeros\/"},"modified":"2025-12-13T14:32:34","modified_gmt":"2025-12-13T14:32:34","slug":"punzones-acero-letras-numeros","status":"publish","type":"product","link":"https:\/\/hideyourkeys.io\/es\/producto\/punzones-acero-letras-numeros\/","title":{"rendered":"Punzones de Acero de Letras y N\u00fameros"},"content":{"rendered":"<p>Protege tu Bitcoin o criptomonedas con este preciso juego de punzones de acero para letras y n\u00fameros. Dise\u00f1ado para grabar tu frase de recuperaci\u00f3n BIP39 en arandelas de metal, es totalmente compatible con todos los modelos de BitJig para un marcado perfecto y alineado. <\/p>\n<p>Este juego de 36 piezas contiene el alfabeto completo (de la A a la Z), todos los n\u00fameros del 0 al 9 (con un solo punz\u00f3n reversible para el 6 y el 9), y el s\u00edmbolo et (&amp;). Proporciona todos los caracteres necesarios para grabar cualquier frase de recuperaci\u00f3n est\u00e1ndar de 12 o 24 palabras y a\u00f1adir etiquetas o identificadores personalizados. <\/p>\n<p>Fabricados con acero de herramientas endurecido, cada punz\u00f3n cuenta con un v\u00e1stago est\u00e1ndar de 6 mm y un car\u00e1cter de 4 mm de altura para impresiones n\u00edtidas y duraderas. Cree una copia de seguridad a prueba de fuego y agua con seguridad total, manteniendo la custodia y privacidad completas de principio a fin. <\/p>\n","protected":false},"excerpt":{"rendered":"<p>Protege tu Bitcoin o criptomonedas con este preciso juego de punzones de acero para letras y n\u00fameros. Dise\u00f1ado para grabar tu frase de recuperaci\u00f3n BIP39 en arandelas de metal, es totalmente compatible con todos los modelos de BitJig para un marcado perfecto y alineado. <\/p>\n","protected":false},"featured_media":19323,"comment_status":"open","ping_status":"closed","template":"","meta":{"powered_cache_disable_cache":false,"powered_cache_disable_lazyload":false,"powered_cache_disable_css_optimization":false,"powered_cache_disable_js_optimization":false},"product_brand":[],"product_cat":[249],"product_tag":[296,251,252],"class_list":{"0":"post-19328","1":"product","2":"type-product","3":"status-publish","4":"has-post-thumbnail","6":"product_cat-estampadores-capsulas","7":"product_tag-bitcoin-es","8":"product_tag-estampador","9":"product_tag-estampador-es","11":"first","12":"instock","13":"taxable","14":"shipping-taxable","15":"purchasable","16":"product-type-simple"},"_links":{"self":[{"href":"https:\/\/hideyourkeys.io\/es\/wp-json\/wp\/v2\/product\/19328","targetHints":{"allow":["GET"]}}],"collection":[{"href":"https:\/\/hideyourkeys.io\/es\/wp-json\/wp\/v2\/product"}],"about":[{"href":"https:\/\/hideyourkeys.io\/es\/wp-json\/wp\/v2\/types\/product"}],"replies":[{"embeddable":true,"href":"https:\/\/hideyourkeys.io\/es\/wp-json\/wp\/v2\/comments?post=19328"}],"wp:featuredmedia":[{"embeddable":true,"href":"https:\/\/hideyourkeys.io\/es\/wp-json\/wp\/v2\/media\/19323"}],"wp:attachment":[{"href":"https:\/\/hideyourkeys.io\/es\/wp-json\/wp\/v2\/media?parent=19328"}],"wp:term":[{"taxonomy":"product_brand","embeddable":true,"href":"https:\/\/hideyourkeys.io\/es\/wp-json\/wp\/v2\/product_brand?post=19328"},{"taxonomy":"product_cat","embeddable":true,"href":"https:\/\/hideyourkeys.io\/es\/wp-json\/wp\/v2\/product_cat?post=19328"},{"taxonomy":"product_tag","embeddable":true,"href":"https:\/\/hideyourkeys.io\/es\/wp-json\/wp\/v2\/product_tag?post=19328"}],"curies":[{"name":"wp","href":"https:\/\/api.w.org\/{rel}","templated":true}]}}