{"id":5238,"date":"2023-09-03T17:59:30","date_gmt":"2023-09-03T17:59:30","guid":{"rendered":"https:\/\/hideyourkeys.io\/product\/funda-magnetica-ocultable-para-hardware-wallet\/"},"modified":"2024-11-12T08:03:53","modified_gmt":"2024-11-12T08:03:53","slug":"estuche-magnetico-para-ocultar-la-cartera-de-hardware","status":"publish","type":"product","link":"https:\/\/hideyourkeys.io\/es\/producto\/estuche-magnetico-para-ocultar-la-cartera-de-hardware\/","title":{"rendered":"Funda magn\u00e9tica ocultable para hardware Wallet"},"content":{"rendered":"<div class=\"flex flex-grow flex-col gap-3 max-w-full\">\n<div class=\"min-h-[20px] flex flex-col items-start gap-3 overflow-x-auto whitespace-pre-wrap break-words\">\n<div class=\"markdown prose w-full break-words dark:prose-invert light\">\n<p>Presentamos nuestro nuevo estuche magn\u00e9tico para ocultar monedero hardware, \u00a1su escondite favorito de monedero hardware ! Este estuche est\u00e1 dise\u00f1ado con imanes en la parte posterior, lo que le permite ocultar de forma segura su dispositivo detr\u00e1s o debajo de cualquier superficie met\u00e1lica. Este estuche garantiza que su dispositivo favorito permanezca oculto y que se pueda recuperar f\u00e1cilmente, para que nunca olvide d\u00f3nde se encuentra.  <\/p>\n<p>Este producto contiene:<\/p>\n<ul>\n<li>Una funda magn\u00e9tica para una cartera de hardware de su elecci\u00f3n<\/li>\n<\/ul>\n<p><strong>NOTA:<\/strong> El dispositivo de billetera de hardware no est\u00e1 incluido<\/p>\n<\/div>\n<\/div>\n<\/div>\n","protected":false},"excerpt":{"rendered":"<p>Estuche para ocultar monedero hardware, dise\u00f1ado con imanes en la parte posterior, lo que le permite ocultar de forma segura su dispositivo detr\u00e1s o debajo de cualquier superficie met\u00e1lica.<\/p>\n","protected":false},"featured_media":15092,"comment_status":"open","ping_status":"closed","template":"","meta":{"powered_cache_disable_cache":false,"powered_cache_disable_lazyload":false,"powered_cache_disable_css_optimization":false,"powered_cache_disable_js_optimization":false},"product_brand":[],"product_cat":[272],"product_tag":[286,287],"class_list":{"0":"post-5238","1":"product","2":"type-product","3":"status-publish","4":"has-post-thumbnail","6":"product_cat-packs-y-otros","7":"product_tag-hardware-wallet-es","8":"product_tag-ocultar-hardware-wallet","9":"pa_color-blanco","10":"pa_color-gris","11":"pa_color-negro","13":"first","14":"instock","15":"taxable","16":"shipping-taxable","17":"purchasable","18":"product-type-variable"},"_links":{"self":[{"href":"https:\/\/hideyourkeys.io\/es\/wp-json\/wp\/v2\/product\/5238","targetHints":{"allow":["GET"]}}],"collection":[{"href":"https:\/\/hideyourkeys.io\/es\/wp-json\/wp\/v2\/product"}],"about":[{"href":"https:\/\/hideyourkeys.io\/es\/wp-json\/wp\/v2\/types\/product"}],"replies":[{"embeddable":true,"href":"https:\/\/hideyourkeys.io\/es\/wp-json\/wp\/v2\/comments?post=5238"}],"wp:featuredmedia":[{"embeddable":true,"href":"https:\/\/hideyourkeys.io\/es\/wp-json\/wp\/v2\/media\/15092"}],"wp:attachment":[{"href":"https:\/\/hideyourkeys.io\/es\/wp-json\/wp\/v2\/media?parent=5238"}],"wp:term":[{"taxonomy":"product_brand","embeddable":true,"href":"https:\/\/hideyourkeys.io\/es\/wp-json\/wp\/v2\/product_brand?post=5238"},{"taxonomy":"product_cat","embeddable":true,"href":"https:\/\/hideyourkeys.io\/es\/wp-json\/wp\/v2\/product_cat?post=5238"},{"taxonomy":"product_tag","embeddable":true,"href":"https:\/\/hideyourkeys.io\/es\/wp-json\/wp\/v2\/product_tag?post=5238"}],"curies":[{"name":"wp","href":"https:\/\/api.w.org\/{rel}","templated":true}]}}