{"id":5556,"date":"2023-08-19T22:22:52","date_gmt":"2023-08-19T22:22:52","guid":{"rendered":"https:\/\/hideyourkeys.io\/product\/maceta-suculenta-safe-mini\/"},"modified":"2025-04-19T01:05:27","modified_gmt":"2025-04-19T01:05:27","slug":"maceta-cofre","status":"publish","type":"product","link":"https:\/\/hideyourkeys.io\/es\/producto\/maceta-cofre\/","title":{"rendered":"Maceta Cofre"},"content":{"rendered":"<p>Si eres un amante de las plantas y la tecnolog\u00eda, \u00a1tenemos el producto perfecto para ti! Presentamos nuestra nueva edici\u00f3n segura para macetas de suculentas artificiales, que le permite guardar su frase semilla y \/ o monedero hardware en un recipiente de tama\u00f1o peque\u00f1o. Nuestro bote est\u00e1 dise\u00f1ado para mantener tu frase semilla de Bitcoin hecha con nuestros <a href=\"https:\/\/hideyourkeys.io\/es\/producto\/bitjig-m8-pack-basico\/\">sellos<\/a> segura y oculta en su interior, gracias al compartimento de almacenamiento especialmente dise\u00f1ado en el interior. Y para mantener sus criptomonedas a\u00fan m\u00e1s seguras, puede almacenar diferentes tipos de billeteras de hardware como Ledger, BitBox, Jade, Trezor. Adem\u00e1s de ser una excelente manera de ocultar su frase semilla, nuestra maceta tambi\u00e9n es una hermosa pieza decorativa para su hogar u oficina.<\/p>\n<p> Con su dise\u00f1o moderno y elegante, es perfecto para acicalar cualquier espacio.<\/p>\n<p>Esta maceta de almacenamiento es perfecta para almacenar su propia frase semilla hecha de arandelas estampadas hechas con nuestros estampadores.<\/p>\n<p>Este producto contiene:<\/p>\n<ul>\n<li>Una (1) maceta suculenta<\/li>\n<li>Un juego de arandelas (25 arandelas) con un (1) tornillo y una (1) tuerca<\/li>\n<\/ul>\n<p>Consulte el <a href=\"https:\/\/hideyourkeys.io\/es\/producto\/manual-maceta-cofre\/\">manual del producto<\/a> antes de comprarlo.<\/p>\n","protected":false},"excerpt":{"rendered":"<p>Planta suculenta falsa en tama\u00f1o compacto para esconder tus llaves. Almacenar frase semilla.<\/p>\n","protected":false},"featured_media":13346,"comment_status":"open","ping_status":"closed","template":"","meta":{"powered_cache_disable_cache":false,"powered_cache_disable_lazyload":false,"powered_cache_disable_css_optimization":false,"powered_cache_disable_js_optimization":false},"product_brand":[],"product_cat":[276],"product_tag":[315,405,390],"class_list":{"0":"post-5556","1":"product","2":"type-product","3":"status-publish","4":"has-post-thumbnail","6":"product_cat-macetas-y-jarrones","7":"product_tag-maceta-falsa","8":"product_tag-maceta-suculenta-mini","9":"product_tag-ocultar-frase-semilla","10":"pa_color-beige-es","11":"pa_color-blanco","12":"pa_color-granito","13":"pa_color-gris","14":"pa_color-negro","15":"pa_style-pinchos","16":"pa_style-zigzag-es","18":"first","19":"instock","20":"featured","21":"taxable","22":"shipping-taxable","23":"purchasable","24":"product-type-variable"},"_links":{"self":[{"href":"https:\/\/hideyourkeys.io\/es\/wp-json\/wp\/v2\/product\/5556","targetHints":{"allow":["GET"]}}],"collection":[{"href":"https:\/\/hideyourkeys.io\/es\/wp-json\/wp\/v2\/product"}],"about":[{"href":"https:\/\/hideyourkeys.io\/es\/wp-json\/wp\/v2\/types\/product"}],"replies":[{"embeddable":true,"href":"https:\/\/hideyourkeys.io\/es\/wp-json\/wp\/v2\/comments?post=5556"}],"wp:featuredmedia":[{"embeddable":true,"href":"https:\/\/hideyourkeys.io\/es\/wp-json\/wp\/v2\/media\/13346"}],"wp:attachment":[{"href":"https:\/\/hideyourkeys.io\/es\/wp-json\/wp\/v2\/media?parent=5556"}],"wp:term":[{"taxonomy":"product_brand","embeddable":true,"href":"https:\/\/hideyourkeys.io\/es\/wp-json\/wp\/v2\/product_brand?post=5556"},{"taxonomy":"product_cat","embeddable":true,"href":"https:\/\/hideyourkeys.io\/es\/wp-json\/wp\/v2\/product_cat?post=5556"},{"taxonomy":"product_tag","embeddable":true,"href":"https:\/\/hideyourkeys.io\/es\/wp-json\/wp\/v2\/product_tag?post=5556"}],"curies":[{"name":"wp","href":"https:\/\/api.w.org\/{rel}","templated":true}]}}