{"id":5581,"date":"2023-08-23T23:18:28","date_gmt":"2023-08-23T23:18:28","guid":{"rendered":"https:\/\/hideyourkeys.io\/product\/drenaje-de-jardin\/"},"modified":"2025-02-02T22:25:49","modified_gmt":"2025-02-02T22:25:49","slug":"drenaje-jardin","status":"publish","type":"product","link":"https:\/\/hideyourkeys.io\/es\/producto\/drenaje-jardin\/","title":{"rendered":"Drenaje de Jard\u00edn"},"content":{"rendered":"<p>\u00a1Presentamos la combinaci\u00f3n perfecta de funcionalidad y estilo para los entusiastas de las criptomonedas: nuestro nuevo producto para guardar frases semilla, nuestro Drenaje de Jardin!<\/p>\n<p>Este innovador recipiente, fabricado para asemejarse a un sistema de drenaje de jard\u00edn realista, atraer\u00e1 todas las miradas y suscitar\u00e1 conversaci\u00f3n. Pero no te dejes enga\u00f1ar por su aspecto: en su interior encontrar\u00e1s un lugar para guardar una serie de arandelas estampadas con nuestros <a href=\"https:\/\/hideyourkeys.io\/es\/producto\/bitjig-m8-pack-basico\/\">sellos<\/a>. Este es el art\u00edculo perfecto para ocultar sus semillas de Bitcoin u otras criptodivisas de forma segura y discreta.<\/p>\n<p>Este almacenamiento se asemeja a un sistema de drenaje de jard\u00edn real, por lo que puedes estar seguro de que tu semilla de criptomoneda est\u00e1 perfectamente oculta y protegida de los elementos y posibles robos. ChatGPT Ya seas un inversor experimentado o est\u00e9s comenzando en el mundo de las criptomonedas, este contenedor es imprescindible para cualquier persona que desee mantener sus activos digitales seguros y protegidos.<\/p>\n<p>Este producto contiene:<\/p>\n<ul>\n<li>Un (1) Drenaje de Jard\u00edn<\/li>\n<li>Juego de arandelas (25), con una (1) tuerca y un (1) tornillo<\/li>\n<\/ul>\n<p>Consulte <a href=\"https:\/\/hideyourkeys.io\/es\/producto\/desague-de-jardin-manual\/\">el manual<\/a> del producto<\/p>\n","protected":false},"excerpt":{"rendered":"<p>Desag\u00fce de jard\u00edn falso para almacenar sus frases semilla grabadas en metal. Enterrar frase semilla.<\/p>\n","protected":false},"featured_media":14364,"comment_status":"open","ping_status":"closed","template":"","meta":{"powered_cache_disable_cache":false,"powered_cache_disable_lazyload":false,"powered_cache_disable_css_optimization":false,"powered_cache_disable_js_optimization":false},"product_brand":[],"product_cat":[276],"product_tag":[319,390],"class_list":{"0":"post-5581","1":"product","2":"type-product","3":"status-publish","4":"has-post-thumbnail","6":"product_cat-macetas-y-jarrones","7":"product_tag-jardin-es","8":"product_tag-ocultar-frase-semilla","9":"pa_color-gris","10":"pa_color-negro","12":"first","13":"instock","14":"taxable","15":"shipping-taxable","16":"purchasable","17":"product-type-variable"},"_links":{"self":[{"href":"https:\/\/hideyourkeys.io\/es\/wp-json\/wp\/v2\/product\/5581","targetHints":{"allow":["GET"]}}],"collection":[{"href":"https:\/\/hideyourkeys.io\/es\/wp-json\/wp\/v2\/product"}],"about":[{"href":"https:\/\/hideyourkeys.io\/es\/wp-json\/wp\/v2\/types\/product"}],"replies":[{"embeddable":true,"href":"https:\/\/hideyourkeys.io\/es\/wp-json\/wp\/v2\/comments?post=5581"}],"wp:featuredmedia":[{"embeddable":true,"href":"https:\/\/hideyourkeys.io\/es\/wp-json\/wp\/v2\/media\/14364"}],"wp:attachment":[{"href":"https:\/\/hideyourkeys.io\/es\/wp-json\/wp\/v2\/media?parent=5581"}],"wp:term":[{"taxonomy":"product_brand","embeddable":true,"href":"https:\/\/hideyourkeys.io\/es\/wp-json\/wp\/v2\/product_brand?post=5581"},{"taxonomy":"product_cat","embeddable":true,"href":"https:\/\/hideyourkeys.io\/es\/wp-json\/wp\/v2\/product_cat?post=5581"},{"taxonomy":"product_tag","embeddable":true,"href":"https:\/\/hideyourkeys.io\/es\/wp-json\/wp\/v2\/product_tag?post=5581"}],"curies":[{"name":"wp","href":"https:\/\/api.w.org\/{rel}","templated":true}]}}