{"id":5603,"date":"2023-08-23T23:20:59","date_gmt":"2023-08-23T23:20:59","guid":{"rendered":"https:\/\/hideyourkeys.io\/product\/jarron-bolas-apiladas\/"},"modified":"2025-04-16T15:41:55","modified_gmt":"2025-04-16T15:41:55","slug":"florero-cofre","status":"publish","type":"product","link":"https:\/\/hideyourkeys.io\/es\/producto\/florero-cofre\/","title":{"rendered":"Florero Cofre"},"content":{"rendered":"<p>Este jarr\u00f3n \u00fanico no es solo un objeto decorativo para su hogar u oficina, sino tambi\u00e9n una forma segura y conveniente de almacenar sus frases semilla Bitcoin. El jarr\u00f3n cuenta con un compartimento oculto que garantiza la protecci\u00f3n de sus frases semilla Las frases semilla hechas con nuestros sellos se pueden almacenar dentro del jarr\u00f3n. De esta manera, puedes estar seguro de que tus frases semilla est\u00e1n seguras y frases semilla en todo momento. El lugar perfecto donde esconder la frase semilla. Este jarr\u00f3n para almacenar frases semilla Bitcoin es un producto innovador y pr\u00e1ctico que combina funcionalidad y dise\u00f1o.<\/p>\n<p>Este producto contiene:<\/p>\n<ul>\n<li>Un (1) Florero Cofre<\/li>\n<li>Juego de arandelas (25) con una (1) tuerca y un (1) tornillo<\/li>\n<\/ul>\n","protected":false},"excerpt":{"rendered":"<p>Jarr\u00f3n de flores para esconder frases semilla en el interior<\/p>\n","protected":false},"featured_media":14114,"comment_status":"open","ping_status":"closed","template":"","meta":{"powered_cache_disable_cache":false,"powered_cache_disable_lazyload":false,"powered_cache_disable_css_optimization":false,"powered_cache_disable_js_optimization":false},"product_brand":[],"product_cat":[276],"product_tag":[409,390],"class_list":{"0":"post-5603","1":"product","2":"type-product","3":"status-publish","4":"has-post-thumbnail","6":"product_cat-macetas-y-jarrones","7":"product_tag-jarron","8":"product_tag-ocultar-frase-semilla","9":"pa_color-beige-es","10":"pa_color-blanco","11":"pa_color-granito","12":"pa_color-gris","13":"pa_color-negro","14":"pa_size-grande","15":"pa_size-pequeno-es","16":"pa_style-rayas","17":"pa_style-texturizado","19":"first","20":"instock","21":"taxable","22":"shipping-taxable","23":"purchasable","24":"product-type-variable"},"_links":{"self":[{"href":"https:\/\/hideyourkeys.io\/es\/wp-json\/wp\/v2\/product\/5603","targetHints":{"allow":["GET"]}}],"collection":[{"href":"https:\/\/hideyourkeys.io\/es\/wp-json\/wp\/v2\/product"}],"about":[{"href":"https:\/\/hideyourkeys.io\/es\/wp-json\/wp\/v2\/types\/product"}],"replies":[{"embeddable":true,"href":"https:\/\/hideyourkeys.io\/es\/wp-json\/wp\/v2\/comments?post=5603"}],"wp:featuredmedia":[{"embeddable":true,"href":"https:\/\/hideyourkeys.io\/es\/wp-json\/wp\/v2\/media\/14114"}],"wp:attachment":[{"href":"https:\/\/hideyourkeys.io\/es\/wp-json\/wp\/v2\/media?parent=5603"}],"wp:term":[{"taxonomy":"product_brand","embeddable":true,"href":"https:\/\/hideyourkeys.io\/es\/wp-json\/wp\/v2\/product_brand?post=5603"},{"taxonomy":"product_cat","embeddable":true,"href":"https:\/\/hideyourkeys.io\/es\/wp-json\/wp\/v2\/product_cat?post=5603"},{"taxonomy":"product_tag","embeddable":true,"href":"https:\/\/hideyourkeys.io\/es\/wp-json\/wp\/v2\/product_tag?post=5603"}],"curies":[{"name":"wp","href":"https:\/\/api.w.org\/{rel}","templated":true}]}}