{"id":5641,"date":"2023-08-23T23:29:12","date_gmt":"2023-08-23T23:29:12","guid":{"rendered":"https:\/\/hideyourkeys.io\/product\/jarron-esbelto\/"},"modified":"2025-02-02T22:19:59","modified_gmt":"2025-02-02T22:19:59","slug":"lampara-cofre","status":"publish","type":"product","link":"https:\/\/hideyourkeys.io\/es\/producto\/lampara-cofre\/","title":{"rendered":"L\u00e1mpara Cofre"},"content":{"rendered":"<p>Esta l\u00e1mpara \u00fanica no es solo una luz decorativa para su hogar u oficina, sino tambi\u00e9n una forma segura y conveniente de almacenar sus frases semilla Bitcoin y un dispositivo de monedero hardware .<br \/>\nLa l\u00e1mpara cuenta con un compartimento oculto que garantiza la protecci\u00f3n de sus frases semilla<br \/>\nLas frases semilla hechas con nuestros <a>sellos<\/a> se pueden almacenar dentro de la l\u00e1mpara. De esta manera, puedes estar seguro de que tus frases semilla est\u00e1n seguras y frases semilla en todo momento.<\/p>\n<p>Esta l\u00e1mpara est\u00e1 dise\u00f1ada en dos estilos. El primer estilo es un elegante dise\u00f1o a rayas (Rayas). El segundo estilo presenta un patr\u00f3n de puntos (Puntos).<\/p>\n<p>Este producto contiene:<\/p>\n<ul>\n<li>Una (1) L\u00e1mpara Cofre<\/li>\n<li>Juego de arandelas (25) con una (1) tuerca y un (1) tornillo<\/li>\n<\/ul>\n<p>Revisa nuestro <a href=\"https:\/\/hideyourkeys.io\/es\/producto\/jarrones-manual\/\">manual<\/a> de l\u00e1mparas y jarrones.<\/p>\n","protected":false},"excerpt":{"rendered":"<p>L\u00e1mpara para ocultar frase semilla y\/o monedero hardware en el interior. Esconde frase semilla dentro de una l\u00e1mpara.<\/p>\n","protected":false},"featured_media":14580,"comment_status":"open","ping_status":"closed","template":"","meta":{"powered_cache_disable_cache":false,"powered_cache_disable_lazyload":false,"powered_cache_disable_css_optimization":false,"powered_cache_disable_js_optimization":false},"product_brand":[],"product_cat":[276,272],"product_tag":[409,390],"class_list":{"0":"post-5641","1":"product","2":"type-product","3":"status-publish","4":"has-post-thumbnail","6":"product_cat-macetas-y-jarrones","7":"product_cat-packs-y-otros","8":"product_tag-jarron","9":"product_tag-ocultar-frase-semilla","10":"pa_color-beige-es","11":"pa_color-blanco","12":"pa_color-gris","13":"pa_color-negro","14":"pa_style-puntos","15":"pa_style-rayas","17":"first","18":"instock","19":"taxable","20":"shipping-taxable","21":"purchasable","22":"product-type-variable"},"_links":{"self":[{"href":"https:\/\/hideyourkeys.io\/es\/wp-json\/wp\/v2\/product\/5641","targetHints":{"allow":["GET"]}}],"collection":[{"href":"https:\/\/hideyourkeys.io\/es\/wp-json\/wp\/v2\/product"}],"about":[{"href":"https:\/\/hideyourkeys.io\/es\/wp-json\/wp\/v2\/types\/product"}],"replies":[{"embeddable":true,"href":"https:\/\/hideyourkeys.io\/es\/wp-json\/wp\/v2\/comments?post=5641"}],"wp:featuredmedia":[{"embeddable":true,"href":"https:\/\/hideyourkeys.io\/es\/wp-json\/wp\/v2\/media\/14580"}],"wp:attachment":[{"href":"https:\/\/hideyourkeys.io\/es\/wp-json\/wp\/v2\/media?parent=5641"}],"wp:term":[{"taxonomy":"product_brand","embeddable":true,"href":"https:\/\/hideyourkeys.io\/es\/wp-json\/wp\/v2\/product_brand?post=5641"},{"taxonomy":"product_cat","embeddable":true,"href":"https:\/\/hideyourkeys.io\/es\/wp-json\/wp\/v2\/product_cat?post=5641"},{"taxonomy":"product_tag","embeddable":true,"href":"https:\/\/hideyourkeys.io\/es\/wp-json\/wp\/v2\/product_tag?post=5641"}],"curies":[{"name":"wp","href":"https:\/\/api.w.org\/{rel}","templated":true}]}}