{"id":5737,"date":"2023-08-23T23:32:48","date_gmt":"2023-08-23T23:32:48","guid":{"rendered":"https:\/\/hideyourkeys.io\/product\/capsula-de-frases-semilla\/"},"modified":"2025-11-15T13:29:57","modified_gmt":"2025-11-15T13:29:57","slug":"frase-semilla-capsula","status":"publish","type":"product","link":"https:\/\/hideyourkeys.io\/es\/producto\/frase-semilla-capsula\/","title":{"rendered":"C\u00e1psula para frase de recuperaci\u00f3n (M8)"},"content":{"rendered":"<p>Estas c\u00e1psulas est\u00e1n dise\u00f1adas para almacenar de forma segura sus valiosas frases semilla de Bitcoin u otras criptomonedas, lo que garantiza que permanezcan seguras y frases semilla. La c\u00e1psula para arandelas tambi\u00e9n est\u00e1 convenientemente dise\u00f1ada para ser peque\u00f1a y compacta, lo que facilita llevarla a donde quiera que vaya. Cada c\u00e1psula puede caber en un juego de arandelas de metal estampadas (M8-24) hechas con nuestro <a>BitJig<\/a> que muestra su frase semilla de Bitcoin o Crypto, proporcionando una capa adicional de protecci\u00f3n contra el acceso no autorizado.<\/p>\n<p>Esta funci\u00f3n garantiza que sus valiosos activos Bitcoin est\u00e9n seguros y protegidos en todo momento.<\/p>\n<p>La semilla debe ser previamente estampada en arandelas met\u00e1licas, consulte nuestra estampadora para generar un respaldo de semilla adecuado. Este producto incluye un tornillo M8 que se adapta a 24 arandelas (tambi\u00e9n incluidas) y una tuerca. Todos caben perfectamente dentro de la c\u00e1psula. La c\u00e1psula tiene 62 mm de altura y 33 mm de di\u00e1metro.<\/p>\n<p>Adem\u00e1s de sus ventajas pr\u00e1cticas, nuestras c\u00e1psulas de frases con semillas de Bitcoin tambi\u00e9n son un accesorio elegante y \u00fanico. Est\u00e1n disponibles en varios colores y dise\u00f1os, para que pueda elegir el que mejor refleje su estilo personal.<\/p>\n<p>Este producto contiene:<\/p>\n<ul>\n<li>Una (1) c\u00e1psula de almacenamiento<\/li>\n<li>Juego de arandelas (25), con una (1) tuerca y un (1) tornillo<\/li>\n<\/ul>\n","protected":false},"excerpt":{"rendered":"<p>C\u00e1psula para guardar frase semilla grabada en metal. C\u00e1psula para arandelas.<\/p>\n","protected":false},"featured_media":17225,"comment_status":"open","ping_status":"closed","template":"","meta":{"powered_cache_disable_cache":false,"powered_cache_disable_lazyload":false,"powered_cache_disable_css_optimization":false,"powered_cache_disable_js_optimization":false},"product_brand":[],"product_cat":[249],"product_tag":[303,390],"class_list":{"0":"post-5737","1":"product","2":"type-product","3":"status-publish","4":"has-post-thumbnail","6":"product_cat-estampadores-capsulas","7":"product_tag-capsula","8":"product_tag-ocultar-frase-semilla","9":"pa_color-beige-es","10":"pa_color-blanco","11":"pa_color-granito","12":"pa_color-gris","13":"pa_color-negro","15":"first","16":"instock","17":"taxable","18":"shipping-taxable","19":"purchasable","20":"product-type-variable"},"_links":{"self":[{"href":"https:\/\/hideyourkeys.io\/es\/wp-json\/wp\/v2\/product\/5737","targetHints":{"allow":["GET"]}}],"collection":[{"href":"https:\/\/hideyourkeys.io\/es\/wp-json\/wp\/v2\/product"}],"about":[{"href":"https:\/\/hideyourkeys.io\/es\/wp-json\/wp\/v2\/types\/product"}],"replies":[{"embeddable":true,"href":"https:\/\/hideyourkeys.io\/es\/wp-json\/wp\/v2\/comments?post=5737"}],"wp:featuredmedia":[{"embeddable":true,"href":"https:\/\/hideyourkeys.io\/es\/wp-json\/wp\/v2\/media\/17225"}],"wp:attachment":[{"href":"https:\/\/hideyourkeys.io\/es\/wp-json\/wp\/v2\/media?parent=5737"}],"wp:term":[{"taxonomy":"product_brand","embeddable":true,"href":"https:\/\/hideyourkeys.io\/es\/wp-json\/wp\/v2\/product_brand?post=5737"},{"taxonomy":"product_cat","embeddable":true,"href":"https:\/\/hideyourkeys.io\/es\/wp-json\/wp\/v2\/product_cat?post=5737"},{"taxonomy":"product_tag","embeddable":true,"href":"https:\/\/hideyourkeys.io\/es\/wp-json\/wp\/v2\/product_tag?post=5737"}],"curies":[{"name":"wp","href":"https:\/\/api.w.org\/{rel}","templated":true}]}}