{"id":5878,"date":"2023-09-03T13:11:21","date_gmt":"2023-09-03T13:11:21","guid":{"rendered":"https:\/\/hideyourkeys.io\/product\/la-guia-plebeya-definitiva-para-almacenar-su-bitcoin\/"},"modified":"2024-10-24T21:47:37","modified_gmt":"2024-10-24T21:47:37","slug":"la-guia-definitiva-pleb-para-guardar-tu-bitcoin","status":"publish","type":"product","link":"https:\/\/hideyourkeys.io\/es\/producto\/la-guia-definitiva-pleb-para-guardar-tu-bitcoin\/","title":{"rendered":"La gu\u00eda plebeya definitiva para almacenar su Bitcoin"},"content":{"rendered":"<p align=\"justify\"><span style=\"font-family: Liberation Sans, sans-serif;\"><span style=\"font-size: medium;\">Cuando se trata de salvaguardar su Bitcoin (u otras criptomonedas), es crucial tener el control sobre sus claves y no depender de intercambios o terceros. Esta gu\u00eda explicar\u00e1 los m\u00e9todos que son lo suficientemente eficaces y eficientes para el almacenamiento seguro de Bitcoin bajo nuestra perspectiva. Descubra la mejor manera de autocustodiar bitcoin.<\/span><\/span><\/p>\n<p align=\"justify\"><span style=\"font-family: Liberation Sans, sans-serif;\"><span style=\"font-size: medium;\">Los m\u00e9todos enfatizan el almacenamiento f\u00edsico de las frases de recuperaci\u00f3n, alej\u00e1ndolas de dispositivos expuestos a Internet o la degradaci\u00f3n del hardware. En lugar de soluciones vulnerables basadas en papel, exploraremos la opci\u00f3n de grabar su frase clave en metal y proporcionaremos instrucciones paso a paso para generar claves de Bitcoin utilizando billeteras de hardware u otros m\u00e9todos equivalentes, como herramientas fuera de l\u00ednea o herramientas manuales (dados, calculadoras&#8230;).  <\/span><\/span><\/p>\n","protected":false},"excerpt":{"rendered":"<p>La gu\u00eda extendida sobre c\u00f3mo almacenar su bitcoin correctamente. Descubra la mejor manera de autocustodiar bitcoin. <\/p>\n","protected":false},"featured_media":16423,"comment_status":"open","ping_status":"closed","template":"","meta":{"powered_cache_disable_cache":false,"powered_cache_disable_lazyload":false,"powered_cache_disable_css_optimization":false,"powered_cache_disable_js_optimization":false},"product_brand":[],"product_cat":[269],"product_tag":[296,391],"class_list":{"0":"post-5878","1":"product","2":"type-product","3":"status-publish","4":"has-post-thumbnail","6":"product_cat-guias-y-manuales","7":"product_tag-bitcoin-es","8":"product_tag-manual-es","10":"first","11":"instock","12":"downloadable","13":"taxable","14":"shipping-taxable","15":"purchasable","16":"product-type-simple"},"_links":{"self":[{"href":"https:\/\/hideyourkeys.io\/es\/wp-json\/wp\/v2\/product\/5878","targetHints":{"allow":["GET"]}}],"collection":[{"href":"https:\/\/hideyourkeys.io\/es\/wp-json\/wp\/v2\/product"}],"about":[{"href":"https:\/\/hideyourkeys.io\/es\/wp-json\/wp\/v2\/types\/product"}],"replies":[{"embeddable":true,"href":"https:\/\/hideyourkeys.io\/es\/wp-json\/wp\/v2\/comments?post=5878"}],"wp:featuredmedia":[{"embeddable":true,"href":"https:\/\/hideyourkeys.io\/es\/wp-json\/wp\/v2\/media\/16423"}],"wp:attachment":[{"href":"https:\/\/hideyourkeys.io\/es\/wp-json\/wp\/v2\/media?parent=5878"}],"wp:term":[{"taxonomy":"product_brand","embeddable":true,"href":"https:\/\/hideyourkeys.io\/es\/wp-json\/wp\/v2\/product_brand?post=5878"},{"taxonomy":"product_cat","embeddable":true,"href":"https:\/\/hideyourkeys.io\/es\/wp-json\/wp\/v2\/product_cat?post=5878"},{"taxonomy":"product_tag","embeddable":true,"href":"https:\/\/hideyourkeys.io\/es\/wp-json\/wp\/v2\/product_tag?post=5878"}],"curies":[{"name":"wp","href":"https:\/\/api.w.org\/{rel}","templated":true}]}}