{"id":5885,"date":"2023-09-03T15:57:33","date_gmt":"2023-09-03T15:57:33","guid":{"rendered":"https:\/\/hideyourkeys.io\/product\/guia-rapida-para-almacenar-bitcoin\/"},"modified":"2024-10-27T14:00:33","modified_gmt":"2024-10-27T14:00:33","slug":"que-es-el-bitcoin-que-le-da-sentido-a-bitcoin","status":"publish","type":"product","link":"https:\/\/hideyourkeys.io\/es\/producto\/que-es-el-bitcoin-que-le-da-sentido-a-bitcoin\/","title":{"rendered":"Dar sentido a Bitcoin"},"content":{"rendered":"<p>Sabes que no quer\u00edas leer nuestra <a href=\"https:\/\/hideyourkeys.io\/es\/producto\/la-guia-definitiva-pleb-para-guardar-tu-bitcoin\/\">gu\u00eda plebe<\/a> de casi 200 p\u00e1ginas, porque reci\u00e9n est\u00e1s comenzando con bitcoin&#8230; Entonces echa un vistazo a nuestra gu\u00eda \u00abMaking Sense of Bitcoin\u00bb, este es un resumen con nuestros mejores consejos y recomendaciones para almacenar tu bitcoin correctamente, y empezar a entenderlo mejor. Descubre qu\u00e9 es bitcoin y su potencial con nuestra gu\u00eda. La gu\u00eda comienza con las preguntas frecuentes m\u00e1s comunes relacionadas con Bitcoin, y luego hace hincapi\u00e9 en el almacenamiento f\u00edsico de las claves, lejos de los dispositivos expuestos a Internet o la degradaci\u00f3n del hardware.  <\/p>\n<p> En lugar de soluciones vulnerables basadas en papel, exploraremos la opci\u00f3n de grabar tu frase clave en metal. Tambi\u00e9n proporciona instrucciones paso a paso para generar claves de Bitcoin utilizando carteras de hardware u otros m\u00e9todos equivalentes, como herramientas fuera de l\u00ednea o herramientas manuales (dados, calculadoras&#8230;).<\/p>\n<div class=\"flex max-w-full flex-col flex-grow\">\n<div class=\"min-h-8 text-message flex w-full flex-col items-end gap-2 whitespace-normal break-words [.text-message+&amp;]:mt-5\" dir=\"auto\" data-message-author-role=\"assistant\" data-message-id=\"88561fb1-06aa-47fb-83b3-87d04eb8cf6a\" data-message-model-slug=\"gpt-4o\">\n<div class=\"flex w-full flex-col gap-1 empty:hidden first:pt-[3px]\">\n<div class=\"markdown prose w-full break-words dark:prose-invert dark\">\n<p>Otro de los principios clave de Bitcoin es \u00abno conf\u00edes, verifica\u00bb, as\u00ed que no conf\u00edes solo en nuestras gu\u00edas: hay una gran cantidad de informaci\u00f3n en l\u00ednea para que explores. Un buen lugar para empezar es <a href=\"https:\/\/bitcoin.org\" target=\"_new\" rel=\"noopener\">bitcoin.org<\/a>, donde encontrar\u00e1s recursos, documentaci\u00f3n y enlaces a m\u00e1s informaci\u00f3n sobre la tecnolog\u00eda, la seguridad y la comunidad de Bitcoin. \u00a1Sum\u00e9rgete y comienza a verificarlo por ti mismo!  <\/p>\n<\/div>\n<\/div>\n<\/div>\n<\/div>\n<div class=\"mb-2 flex gap-3 empty:hidden -ml-2\">\n<div class=\"items-center justify-start rounded-xl p-1 flex\">\n<div class=\"flex items-center\"><\/div>\n<\/div>\n<\/div>\n","protected":false},"excerpt":{"rendered":"<p>Echa un vistazo a nuestra gu\u00eda \u00abMaking Sense of Bitcoin\u00bb, este es un resumen con nuestros mejores consejos y recomendaciones para almacenar tu bitcoin correctamente, y empezar a entenderlo mejor. Descubre qu\u00e9 es bitcoin y su potencial con nuestra gu\u00eda. <\/p>\n","protected":false},"featured_media":16586,"comment_status":"open","ping_status":"closed","template":"","meta":{"powered_cache_disable_cache":false,"powered_cache_disable_lazyload":false,"powered_cache_disable_css_optimization":false,"powered_cache_disable_js_optimization":false},"product_brand":[],"product_cat":[269],"product_tag":[296,391,390],"class_list":{"0":"post-5885","1":"product","2":"type-product","3":"status-publish","4":"has-post-thumbnail","6":"product_cat-guias-y-manuales","7":"product_tag-bitcoin-es","8":"product_tag-manual-es","9":"product_tag-ocultar-frase-semilla","11":"first","12":"instock","13":"downloadable","14":"taxable","15":"shipping-taxable","16":"purchasable","17":"product-type-simple"},"_links":{"self":[{"href":"https:\/\/hideyourkeys.io\/es\/wp-json\/wp\/v2\/product\/5885","targetHints":{"allow":["GET"]}}],"collection":[{"href":"https:\/\/hideyourkeys.io\/es\/wp-json\/wp\/v2\/product"}],"about":[{"href":"https:\/\/hideyourkeys.io\/es\/wp-json\/wp\/v2\/types\/product"}],"replies":[{"embeddable":true,"href":"https:\/\/hideyourkeys.io\/es\/wp-json\/wp\/v2\/comments?post=5885"}],"wp:featuredmedia":[{"embeddable":true,"href":"https:\/\/hideyourkeys.io\/es\/wp-json\/wp\/v2\/media\/16586"}],"wp:attachment":[{"href":"https:\/\/hideyourkeys.io\/es\/wp-json\/wp\/v2\/media?parent=5885"}],"wp:term":[{"taxonomy":"product_brand","embeddable":true,"href":"https:\/\/hideyourkeys.io\/es\/wp-json\/wp\/v2\/product_brand?post=5885"},{"taxonomy":"product_cat","embeddable":true,"href":"https:\/\/hideyourkeys.io\/es\/wp-json\/wp\/v2\/product_cat?post=5885"},{"taxonomy":"product_tag","embeddable":true,"href":"https:\/\/hideyourkeys.io\/es\/wp-json\/wp\/v2\/product_tag?post=5885"}],"curies":[{"name":"wp","href":"https:\/\/api.w.org\/{rel}","templated":true}]}}