{"id":8870,"date":"2023-11-25T14:45:40","date_gmt":"2023-11-25T14:45:40","guid":{"rendered":"https:\/\/hideyourkeys.io\/?post_type=product&#038;p=8870"},"modified":"2025-02-02T21:53:50","modified_gmt":"2025-02-02T21:53:50","slug":"capsula-de-frase-semilla-mini-3-pack","status":"publish","type":"product","link":"https:\/\/hideyourkeys.io\/es\/producto\/capsula-de-frase-semilla-mini-3-pack\/","title":{"rendered":"C\u00e1psula para frase de recuperaci\u00f3n Mini &#8211; Pack de 3 (M6)"},"content":{"rendered":"<p>\u00bfTe preguntas c\u00f3mo almacenar frases semilla bitcoin? Estas c\u00e1psulas est\u00e1n dise\u00f1adas para almacenar de forma segura sus valiosas frases semilla de Bitcoin u otras criptomonedas, lo que garantiza que permanezcan seguras y frases semilla, \u00a1y ahora vienen en un paquete de 3! Adem\u00e1s, las c\u00e1psulas est\u00e1n dise\u00f1adas de manera conveniente para ser peque\u00f1as y compactas, lo que las hace f\u00e1ciles de llevar contigo donde quiera que vayas.<\/p>\n<p>Cada c\u00e1psula puede caber en un conjunto de arandelas de metal estampadas hechas con nuestro <a href=\"https:\/\/hideyourkeys.io\/es\/producto\/bitjig-m6-pack-basico\/\">BitJig M<\/a>6 que muestra su frase semilla de Bitcoin o Crypto, proporcionando una capa adicional de protecci\u00f3n contra el acceso no autorizado. Esta funci\u00f3n garantiza que sus valiosos activos Bitcoin est\u00e9n seguros y protegidos en todo momento.<\/p>\n<p>La semilla debe ser previamente estampada en arandelas met\u00e1licas, consulte nuestra estampadora para generar un respaldo de semilla adecuado. Este producto incluye un tornillo M6 que se ajusta a 24 arandelas (tambi\u00e9n incluidas) y una tuerca. Todos caben perfectamente dentro de la c\u00e1psula.<\/p>\n<p>Adem\u00e1s de sus ventajas pr\u00e1cticas, nuestras c\u00e1psulas de frases con semillas de Bitcoin tambi\u00e9n son un accesorio elegante y \u00fanico. Est\u00e1n disponibles en varios colores y dise\u00f1os, para que pueda elegir el que mejor refleje su estilo personal.<\/p>\n<p>Este producto contiene:<\/p>\n<ul>\n<li>Tres (3) c\u00e1psulas de almacenamiento<\/li>\n<li>Tres juegos de arandelas (75), con tres (3) tuercas y tres (3) tornillos<\/li>\n<\/ul>\n","protected":false},"excerpt":{"rendered":"<p>\u00bfTe preguntas c\u00f3mo almacenar frases semilla bitcoin? Pack de 3 c\u00e1psulas de arandela para ocultar frases semilla.<\/p>\n","protected":false},"featured_media":14921,"comment_status":"open","ping_status":"closed","template":"","meta":{"powered_cache_disable_cache":false,"powered_cache_disable_lazyload":false,"powered_cache_disable_css_optimization":false,"powered_cache_disable_js_optimization":false},"product_brand":[],"product_cat":[272],"product_tag":[303,390],"class_list":{"0":"post-8870","1":"product","2":"type-product","3":"status-publish","4":"has-post-thumbnail","6":"product_cat-packs-y-otros","7":"product_tag-capsula","8":"product_tag-ocultar-frase-semilla","10":"first","11":"instock","12":"taxable","13":"shipping-taxable","14":"purchasable","15":"product-type-variable"},"_links":{"self":[{"href":"https:\/\/hideyourkeys.io\/es\/wp-json\/wp\/v2\/product\/8870","targetHints":{"allow":["GET"]}}],"collection":[{"href":"https:\/\/hideyourkeys.io\/es\/wp-json\/wp\/v2\/product"}],"about":[{"href":"https:\/\/hideyourkeys.io\/es\/wp-json\/wp\/v2\/types\/product"}],"replies":[{"embeddable":true,"href":"https:\/\/hideyourkeys.io\/es\/wp-json\/wp\/v2\/comments?post=8870"}],"wp:featuredmedia":[{"embeddable":true,"href":"https:\/\/hideyourkeys.io\/es\/wp-json\/wp\/v2\/media\/14921"}],"wp:attachment":[{"href":"https:\/\/hideyourkeys.io\/es\/wp-json\/wp\/v2\/media?parent=8870"}],"wp:term":[{"taxonomy":"product_brand","embeddable":true,"href":"https:\/\/hideyourkeys.io\/es\/wp-json\/wp\/v2\/product_brand?post=8870"},{"taxonomy":"product_cat","embeddable":true,"href":"https:\/\/hideyourkeys.io\/es\/wp-json\/wp\/v2\/product_cat?post=8870"},{"taxonomy":"product_tag","embeddable":true,"href":"https:\/\/hideyourkeys.io\/es\/wp-json\/wp\/v2\/product_tag?post=8870"}],"curies":[{"name":"wp","href":"https:\/\/api.w.org\/{rel}","templated":true}]}}