{"id":4498,"date":"2023-08-24T10:14:23","date_gmt":"2023-08-24T10:14:23","guid":{"rendered":"https:\/\/hideyourkeys.io\/a-propos-de-nous\/"},"modified":"2025-02-02T08:24:41","modified_gmt":"2025-02-02T08:24:41","slug":"a-propos-de-nous","status":"publish","type":"page","link":"https:\/\/hideyourkeys.io\/fr\/a-propos-de-nous\/","title":{"rendered":"\u00c0 propos de nous"},"content":{"rendered":"\n<div class=\"wp-block-stackable-text stk-block-text stk-block stk-ca77bfc\" data-block-id=\"ca77bfc\"><p class=\"stk-block-text__text\">Bienvenue sur HideYourKeys &#8211; votre partenaire bitcoin honn\u00eate<\/p><\/div>\n\n<div class=\"wp-block-stackable-text stk-block-text stk-block stk-3cb9623\" data-block-id=\"3cb9623\"><p class=\"stk-block-text__text has-text-align-justify\">Chez HideYourKeys, nous croyons au pouvoir de la souverainet\u00e9 financi\u00e8re et de la libert\u00e9 personnelle. Notre mission est de permettre aux individus de prendre le contr\u00f4le de leurs actifs num\u00e9riques en fournissant des solutions innovantes et s\u00e9curis\u00e9es pour le stockage et la sauvegarde des crypto-monnaies, avec un accent particulier sur le bitcoin.<\/p><\/div>\n\n<div class=\"wp-block-stackable-text stk-block-text stk-block stk-ab87af0\" data-block-id=\"ab87af0\"><p class=\"stk-block-text__text has-text-align-justify\">Dans un monde o\u00f9 les transactions num\u00e9riques et la finance d\u00e9centralis\u00e9e sont de plus en plus r\u00e9pandues, le besoin de mesures de s\u00e9curit\u00e9 robustes n&rsquo;a jamais \u00e9t\u00e9 aussi grand. Les crypto-monnaies offrent une autonomie financi\u00e8re in\u00e9gal\u00e9e, mais un grand pouvoir s&rsquo;accompagne d&rsquo;une grande responsabilit\u00e9. C&rsquo;est l\u00e0 que HideYourKeys intervient.<\/p><\/div>\n\n<div class=\"wp-block-stackable-text stk-block-text stk-block stk-0ecc1f1\" data-block-id=\"0ecc1f1\"><p class=\"stk-block-text__text has-text-align-justify\">Notre \u00e9quipe de passionn\u00e9s de bitcoins, d&rsquo;experts en s\u00e9curit\u00e9 et de professionnels de la technologie s&rsquo;engage \u00e0 d\u00e9velopper des outils et des techniques qui vous permettent de prot\u00e9ger votre patrimoine physique et num\u00e9rique tout en pr\u00e9servant votre vie priv\u00e9e et votre libert\u00e9.<\/p><\/div>\n\n<div class=\"wp-block-stackable-text stk-block-text stk-block stk-9f8deb8\" data-block-id=\"9f8deb8\"><p class=\"stk-block-text__text\">Nous comprenons que les besoins de s\u00e9curit\u00e9 de chaque individu sont uniques, et c&rsquo;est pourquoi nous offrons une gamme de solutions personnalisables pour r\u00e9pondre \u00e0 diff\u00e9rents niveaux d&rsquo;expertise et d&rsquo;exigences.<\/p><\/div>\n\n<div class=\"wp-block-stackable-text stk-block-text stk-block stk-46e8b37\" data-block-id=\"46e8b37\"><p class=\"stk-block-text__text has-text-align-justify\">Chez HideYourKeys, nous sommes plus qu&rsquo;une destination pour des produits remarquables &#8211; nous sommes un mouvement. Vous en avez assez de la m\u00eame rengaine ? Nous aussi. C&rsquo;est pourquoi, en plus de cr\u00e9er une large gamme de pi\u00e8ces modernes et \u00e9l\u00e9gantes, nous encourageons les communaut\u00e9s qui se pr\u00e9sentent comme des citadelles de bitcoin &#8211; des lieux o\u00f9 des personnes partageant les m\u00eames id\u00e9es se r\u00e9unissent pour transcender les d\u00e9fis de notre monde.  <\/p><\/div>\n\n<div class=\"wp-block-stackable-text stk-block-text stk-block stk-48db9b8\" data-block-id=\"48db9b8\"><p class=\"stk-block-text__text\">Nous r\u00e9imaginons les possibilit\u00e9s et nous vous invitons \u00e0 y participer. Rejoignez-nous pour un voyage d&rsquo;innovation, de beaut\u00e9 et d&rsquo;autonomisation.  <\/p><\/div>\n\n<div class=\"wp-block-stackable-text stk-block-text stk-block stk-c005194\" data-block-id=\"c005194\"><p class=\"stk-block-text__text\">Bienvenue, nous sommes encore en avance.<\/p><\/div>\n","protected":false},"excerpt":{"rendered":"<p>Bienvenue sur HideYourKeys &#8211; votre partenaire bitcoin honn\u00eate Chez HideYourKeys, nous croyons au pouvoir de la souverainet\u00e9 financi\u00e8re et de la libert\u00e9 personnelle. Notre mission est de permettre aux individus de prendre le contr\u00f4le de leurs actifs num\u00e9riques en fournissant des solutions innovantes et s\u00e9curis\u00e9es pour le stockage et la sauvegarde des crypto-monnaies, avec un [&hellip;]<\/p>\n","protected":false},"author":1,"featured_media":0,"parent":0,"menu_order":0,"comment_status":"closed","ping_status":"open","template":"","meta":{"powered_cache_disable_cache":false,"powered_cache_disable_lazyload":false,"powered_cache_disable_css_optimization":false,"powered_cache_disable_js_optimization":false,"footnotes":""},"class_list":["post-4498","page","type-page","status-publish","hentry"],"blocksy_meta":[],"_links":{"self":[{"href":"https:\/\/hideyourkeys.io\/fr\/wp-json\/wp\/v2\/pages\/4498","targetHints":{"allow":["GET"]}}],"collection":[{"href":"https:\/\/hideyourkeys.io\/fr\/wp-json\/wp\/v2\/pages"}],"about":[{"href":"https:\/\/hideyourkeys.io\/fr\/wp-json\/wp\/v2\/types\/page"}],"author":[{"embeddable":true,"href":"https:\/\/hideyourkeys.io\/fr\/wp-json\/wp\/v2\/users\/1"}],"replies":[{"embeddable":true,"href":"https:\/\/hideyourkeys.io\/fr\/wp-json\/wp\/v2\/comments?post=4498"}],"version-history":[{"count":0,"href":"https:\/\/hideyourkeys.io\/fr\/wp-json\/wp\/v2\/pages\/4498\/revisions"}],"wp:attachment":[{"href":"https:\/\/hideyourkeys.io\/fr\/wp-json\/wp\/v2\/media?parent=4498"}],"curies":[{"name":"wp","href":"https:\/\/api.w.org\/{rel}","templated":true}]}}