{"id":4516,"date":"2023-08-24T15:47:03","date_gmt":"2023-08-24T15:47:03","guid":{"rendered":"https:\/\/hideyourkeys.io\/politique-en-matiere-de-cookies\/"},"modified":"2024-08-06T11:10:36","modified_gmt":"2024-08-06T11:10:36","slug":"politique-en-matiere-de-cookies","status":"publish","type":"page","link":"https:\/\/hideyourkeys.io\/fr\/politique-en-matiere-de-cookies\/","title":{"rendered":"Politique en mati\u00e8re de cookies"},"content":{"rendered":"\n<div class=\"wp-block-stackable-text stk-block-text stk-block stk-308d439\" data-block-id=\"308d439\"><p class=\"stk-block-text__text has-text-align-justify\">Pour g\u00e9rer les cookies et les technologies similaires utilis\u00e9es (pixels de suivi, balises web, etc.) et les consentements correspondants, nous utilisons l&rsquo;outil de consentement \u00ab\u00a0Real Cookie Banner\u00a0\u00bb. Pour plus de d\u00e9tails sur le fonctionnement de \u00ab\u00a0Real Cookie Banner\u00a0\u00bb, voir <a rel=\"noreferrer noopener\" href=\"https:\/\/devowl.io\/rcb\/data-processing\/\" target=\"_blank\">https:\/\/devowl.io\/rcb\/data-processing\/<\/a>.<\/p><\/div>\n\n<div class=\"wp-block-stackable-text stk-block-text stk-block stk-9f44d42\" data-block-id=\"9f44d42\"><p class=\"stk-block-text__text has-text-align-justify\">La base juridique du traitement des donn\u00e9es personnelles dans ce contexte est l&rsquo;art. 6 (1) lit. c GDPR et Art. 6 (1) lit. f GDPR. Notre int\u00e9r\u00eat l\u00e9gitime est la gestion des cookies et des technologies similaires utilis\u00e9es et les consentements correspondants.<\/p><\/div>\n\n<div class=\"wp-block-stackable-text stk-block-text stk-block stk-d0665b9\" data-block-id=\"d0665b9\"><p class=\"stk-block-text__text has-text-align-justify\">La fourniture de donn\u00e9es \u00e0 caract\u00e8re personnel n&rsquo;est ni exig\u00e9e contractuellement ni n\u00e9cessaire \u00e0 la conclusion d&rsquo;un contrat. Vous n&rsquo;\u00eates pas oblig\u00e9 de fournir les donn\u00e9es personnelles. Si vous ne fournissez pas les donn\u00e9es personnelles, nous ne pourrons pas g\u00e9rer vos consentements.<\/p><\/div>\n\n<p><\/p>\n\n<div class=\"wp-block-stackable-text stk-block-text stk-block stk-94bfc4c\" data-block-id=\"94bfc4c\"><p class=\"stk-block-text__text has-text-align-justify\">Gravatar est un service qui permet aux personnes d&rsquo;associer leur adresse \u00e9lectronique \u00e0 une image avatar qui est par exemple charg\u00e9e dans la zone de commentaires. Aucun cookie au sens technique n&rsquo;est install\u00e9 sur le client de l&rsquo;utilisateur, mais des donn\u00e9es techniques et personnelles telles que l&rsquo;adresse IP seront transmises du client au serveur du prestataire de services afin de permettre l&rsquo;utilisation du service.<\/p><\/div>\n\n<p><\/p>\n\n<div class=\"wp-block-stackable-text stk-block-text stk-block stk-3369c86\" data-block-id=\"3369c86\"><p class=\"stk-block-text__text has-text-align-justify\">WordPress, en tant que syst\u00e8me de gestion de contenu, offre la possibilit\u00e9 d&rsquo;\u00e9crire des commentaires sous les articles de blog et autres contenus similaires. Le cookie stocke le nom, l&rsquo;adresse \u00e9lectronique et le site web d&rsquo;un commentateur afin de l&rsquo;afficher \u00e0 nouveau s&rsquo;il souhaite \u00e9crire un autre commentaire sur ce site web.<\/p><\/div>\n\n<p><\/p>\n\n<div class=\"wp-block-stackable-text stk-block-text stk-block stk-6d96f45\" data-block-id=\"6d96f45\"><p class=\"stk-block-text__text has-text-align-justify\">Google Fonts est un service qui t\u00e9l\u00e9charge les polices qui ne sont pas install\u00e9es sur l&rsquo;appareil client de l&rsquo;utilisateur et les int\u00e8gre au site web. Aucun cookie au sens technique n&rsquo;est install\u00e9 sur le client de l&rsquo;utilisateur, mais des donn\u00e9es techniques et personnelles telles que l&rsquo;adresse IP seront transmises du client au serveur du prestataire de services afin de permettre l&rsquo;utilisation du service.<\/p><\/div>\n\n<p><\/p>\n\n<p>Ce site utilise WooCommerce pour les achats et la gestion des comptes. Bien qu&rsquo;aucun cookie ne soit directement install\u00e9 sur votre appareil, certaines donn\u00e9es techniques et personnelles, telles que votre adresse IP, sont transmises au serveur du prestataire de services pour permettre ces fonctions, y compris la gestion des informations relatives aux commandes et des comptes d&rsquo;utilisateur. En utilisant ce site, vous consentez \u00e0 cette transmission de donn\u00e9es et vous disposez d&rsquo;un droit d&rsquo;acc\u00e8s, de rectification ou de suppression de vos donn\u00e9es personnelles<\/p>\n\n<p><\/p>\n\n<p>Ce site web utilise Stripe comme plateforme de paiement pour le traitement s\u00e9curis\u00e9 des paiements. Bien qu&rsquo;aucun cookie ne soit directement install\u00e9 sur votre appareil, certaines donn\u00e9es techniques et personnelles, telles que vos donn\u00e9es de paiement et vos transactions, peuvent \u00eatre transmises de mani\u00e8re s\u00e9curis\u00e9e \u00e0 Stripe pour faciliter le traitement des paiements. En utilisant ce site et en effectuant des achats par l&rsquo;interm\u00e9diaire de Stripe, vous consentez \u00e0 cette transmission de donn\u00e9es. Vous avez le droit d&rsquo;acc\u00e9der, de rectifier ou de supprimer vos donn\u00e9es personnelles relatives aux paiements<\/p>\n\n<p><\/p>\n\n<p>Ce site web utilise Cloudflare, un service de diffusion de contenu et de s\u00e9curit\u00e9 qui peut collecter et traiter des donn\u00e9es techniques, telles que les adresses IP, afin d&rsquo;optimiser les performances du site web et de se prot\u00e9ger contre les menaces de s\u00e9curit\u00e9. Aucune information personnelle n&rsquo;est stock\u00e9e ni utilis\u00e9e \u00e0 des fins de suivi.<\/p>\n\n<p><\/p>\n\n<p>Ce site web utilise WPML, un plugin WordPress \u00e0 des fins de traduction. Il peut collecter et traiter le contenu du site web \u00e0 des fins de traduction, mais il ne stocke pas d&rsquo;informations personnelles ni ne suit le comportement des utilisateurs.<\/p>\n","protected":false},"excerpt":{"rendered":"<p>Pour g\u00e9rer les cookies et les technologies similaires utilis\u00e9es (pixels de suivi, balises web, etc.) et les consentements correspondants, nous utilisons l&rsquo;outil de consentement \u00ab\u00a0Real Cookie Banner\u00a0\u00bb. Pour plus de d\u00e9tails sur le fonctionnement de \u00ab\u00a0Real Cookie Banner\u00a0\u00bb, voir https:\/\/devowl.io\/rcb\/data-processing\/. La base juridique du traitement des donn\u00e9es personnelles dans ce contexte est l&rsquo;art. 6 (1) [&hellip;]<\/p>\n","protected":false},"author":1,"featured_media":0,"parent":0,"menu_order":0,"comment_status":"closed","ping_status":"open","template":"","meta":{"powered_cache_disable_cache":false,"powered_cache_disable_lazyload":false,"powered_cache_disable_css_optimization":false,"powered_cache_disable_js_optimization":false,"footnotes":""},"class_list":["post-4516","page","type-page","status-publish","hentry"],"blocksy_meta":[],"_links":{"self":[{"href":"https:\/\/hideyourkeys.io\/fr\/wp-json\/wp\/v2\/pages\/4516","targetHints":{"allow":["GET"]}}],"collection":[{"href":"https:\/\/hideyourkeys.io\/fr\/wp-json\/wp\/v2\/pages"}],"about":[{"href":"https:\/\/hideyourkeys.io\/fr\/wp-json\/wp\/v2\/types\/page"}],"author":[{"embeddable":true,"href":"https:\/\/hideyourkeys.io\/fr\/wp-json\/wp\/v2\/users\/1"}],"replies":[{"embeddable":true,"href":"https:\/\/hideyourkeys.io\/fr\/wp-json\/wp\/v2\/comments?post=4516"}],"version-history":[{"count":0,"href":"https:\/\/hideyourkeys.io\/fr\/wp-json\/wp\/v2\/pages\/4516\/revisions"}],"wp:attachment":[{"href":"https:\/\/hideyourkeys.io\/fr\/wp-json\/wp\/v2\/media?parent=4516"}],"curies":[{"name":"wp","href":"https:\/\/api.w.org\/{rel}","templated":true}]}}