{"id":4524,"date":"2023-09-03T13:55:27","date_gmt":"2023-09-03T13:55:27","guid":{"rendered":"https:\/\/hideyourkeys.io\/telechargements\/"},"modified":"2025-10-10T19:52:46","modified_gmt":"2025-10-10T19:52:46","slug":"telechargements","status":"publish","type":"page","link":"https:\/\/hideyourkeys.io\/fr\/telechargements\/","title":{"rendered":"T\u00e9l\u00e9chargements"},"content":{"rendered":"\n<div class=\"wp-block-stackable-text stk-block-text stk-block stk-bf728cb\" data-block-id=\"bf728cb\"><p class=\"stk-block-text__text\">Dans cette section, vous trouverez des t\u00e9l\u00e9chargements de nos manuels pour les produits de la boutique, ainsi que des guides pour vous aider \u00e0 comprendre les diff\u00e9rentes fa\u00e7ons d&rsquo;assurer l&rsquo;autod\u00e9tention de Bitcoin\/Crypto.<\/p><\/div>\n\n<div class=\"wp-block-stackable-heading stk-block-heading stk-block-heading--v2 stk-block stk-b4f3c02\" id=\"3-d-printing-files\" data-block-id=\"b4f3c02\"><h2 class=\"stk-block-heading__text\">Fichiers d&rsquo;impression 3D<\/h2><\/div>\n\n<div class=\"wp-block-stackable-text stk-block-text stk-block stk-3441832\" data-block-id=\"3441832\"><p class=\"stk-block-text__text has-text-align-justify\">T\u00e9l\u00e9chargez nos fichiers .STL pour imprimer votre propre gabarit :<\/p><\/div>\n\n<div class=\"wp-block-stackable-text stk-block-text stk-block stk-40bac39\" data-block-id=\"40bac39\"><p class=\"stk-block-text__text\"><strong>BitJig Free:<\/strong><\/p><\/div>\n\n<div class=\"wp-block-stackable-text stk-block-text stk-block stk-6e1c72d\" data-block-id=\"6e1c72d\"><p class=\"stk-block-text__text has-text-align-justify\">Si vous avez une imprimante 3D, vous pouvez t\u00e9l\u00e9charger les fichiers .STL pour imprimer la version BitJig Free, ce qui vous permet de graver facilement vos mots de r\u00e9cup\u00e9ration sur des rondelles M8 (24 mm).<\/p><\/div>\n\n<div class=\"wp-block-stackable-button-group stk-block-button-group stk-block stk-b63c85c\" data-block-id=\"b63c85c\"><div class=\"stk-row stk-inner-blocks stk-block-content stk-button-group\">\n<div class=\"wp-block-stackable-button stk-block-button my-animated-button stk-block stk-efd8c2b\" data-block-id=\"efd8c2b\"><style>.stk-efd8c2b .stk-button{background:var(--theme-palette-color-1, #FE9412) !important;border-top-left-radius:50px !important;border-top-right-radius:50px !important;border-bottom-right-radius:50px !important;border-bottom-left-radius:50px !important;}.stk-efd8c2b .stk-button:hover:after{background:var(--theme-palette-color-4, #0E0D12) !important;opacity:1 !important;}.stk-efd8c2b .stk-button:before{border-style:solid !important;border-color:var(--theme-palette-color-1, #FE9412) !important;border-top-width:2px !important;border-right-width:2px !important;border-bottom-width:2px !important;border-left-width:2px !important;}.stk-efd8c2b .stk-button:hover:before{border-color:var(--theme-palette-color-4, #0E0D12) !important;border-top-width:2px !important;border-right-width:2px !important;border-bottom-width:2px !important;border-left-width:2px !important;}.stk-efd8c2b .stk-button__inner-text{font-size:14px !important;color:var(--theme-palette-color-8, #ffffff) !important;}.stk-efd8c2b .stk-button:hover .stk-button__inner-text{color:var(--theme-palette-color-8, #ffffff) !important;}@media screen and (max-width:999px){.stk-efd8c2b .stk-button__inner-text{font-size:14px !important;}}<\/style><a class=\"stk-link stk-button stk--hover-effect-lift\" href=\"https:\/\/hideyourkeys.io\/fr\/produit\/bitjig-free\" rel=\"noreferrer noopener\"><span class=\"has-text-color stk-button__inner-text\"><strong>T\u00c9L\u00c9CHARGER<\/strong><\/span><\/a><\/div>\n<\/div><\/div>\n\n<div class=\"wp-block-stackable-text stk-block-text stk-block stk-861f796\" data-block-id=\"861f796\"><p class=\"stk-block-text__text\"><strong>BitJig Free 12 emplacements<\/strong><\/p><\/div>\n\n<div class=\"wp-block-stackable-text stk-block-text stk-block stk-bdcf1cd\" data-block-id=\"bdcf1cd\"><p class=\"stk-block-text__text has-text-align-justify\">Si vous avez une imprimante 3D, vous pouvez t\u00e9l\u00e9charger les fichiers .STL pour imprimer la version BitJig Free, ce qui vous permet de graver facilement vos mots de r\u00e9cup\u00e9ration sur des rondelles M8 (24 mm).<\/p><\/div>\n\n<div class=\"wp-block-stackable-button-group stk-block-button-group stk-block stk-d37c79e\" data-block-id=\"d37c79e\"><div class=\"stk-row stk-inner-blocks stk-block-content stk-button-group\">\n<div class=\"wp-block-stackable-button stk-block-button my-animated-button stk-block stk-27ffd7e\" data-block-id=\"27ffd7e\"><style>.stk-27ffd7e .stk-button{background:var(--theme-palette-color-1, #FE9412) !important;border-top-left-radius:50px !important;border-top-right-radius:50px !important;border-bottom-right-radius:50px !important;border-bottom-left-radius:50px !important;}.stk-27ffd7e .stk-button:hover:after{background:var(--theme-palette-color-4, #0E0D12) !important;opacity:1 !important;}.stk-27ffd7e .stk-button:before{border-style:solid !important;border-color:var(--theme-palette-color-1, #FE9412) !important;border-top-width:2px !important;border-right-width:2px !important;border-bottom-width:2px !important;border-left-width:2px !important;}.stk-27ffd7e .stk-button:hover:before{border-color:var(--theme-palette-color-4, #0E0D12) !important;border-top-width:2px !important;border-right-width:2px !important;border-bottom-width:2px !important;border-left-width:2px !important;}.stk-27ffd7e .stk-button__inner-text{font-size:14px !important;color:var(--theme-palette-color-8, #ffffff) !important;}.stk-27ffd7e .stk-button:hover .stk-button__inner-text{color:var(--theme-palette-color-8, #ffffff) !important;}@media screen and (max-width:999px){.stk-27ffd7e .stk-button__inner-text{font-size:14px !important;}}<\/style><a class=\"stk-link stk-button stk--hover-effect-lift\" href=\"https:\/\/hideyourkeys.io\/product\/bitjig-free-12-emplacements\" rel=\"noreferrer noopener\"><span class=\"has-text-color stk-button__inner-text\"><strong>T\u00c9L\u00c9CHARGER<\/strong><\/span><\/a><\/div>\n<\/div><\/div>\n\n<div class=\"wp-block-stackable-heading stk-block-heading stk-block-heading--v2 stk-block stk-1e41cc3\" id=\"guides\" data-block-id=\"1e41cc3\"><h2 class=\"stk-block-heading__text\">Guides<\/h2><\/div>\n\n<div class=\"wp-block-stackable-text stk-block-text stk-block stk-7a03249\" data-block-id=\"7a03249\"><p class=\"stk-block-text__text has-text-align-justify\">T\u00e9l\u00e9chargez nos guides :<\/p><\/div>\n\n<div class=\"wp-block-stackable-text stk-block-text stk-block stk-e1a92cb\" data-block-id=\"e1a92cb\"><p class=\"stk-block-text__text\"><strong>Le guide d\u00e9finitif des pl\u00e9b\u00e9iens pour stocker vos bitcoins<\/strong><\/p><\/div>\n\n<div class=\"wp-block-stackable-text stk-block-text stk-block stk-96793be\" data-block-id=\"96793be\"><p class=\"stk-block-text__text has-text-align-justify\">Lorsqu&rsquo;il s&rsquo;agit de prot\u00e9ger votre bitcoin (ou d&rsquo;autres crypto-monnaies), il est essentiel d&rsquo;avoir le contr\u00f4le de vos cl\u00e9s et de ne pas d\u00e9pendre d&rsquo;\u00e9changes ou de tierces parties. Ce guide explique les m\u00e9thodes qui sont suffisamment efficaces et efficientes pour le stockage s\u00e9curis\u00e9 de Bitcoin selon notre point de vue.<\/p><\/div>\n\n<div class=\"wp-block-stackable-button-group stk-block-button-group stk-block stk-2fa8e2f\" data-block-id=\"2fa8e2f\"><div class=\"stk-row stk-inner-blocks stk-block-content stk-button-group\">\n<div class=\"wp-block-stackable-button stk-block-button my-animated-button stk-block stk-12fa784\" data-block-id=\"12fa784\"><style>.stk-12fa784 .stk-button{background:var(--theme-palette-color-1, #FE9412) !important;}.stk-12fa784 .stk-button:hover:after{background:var(--theme-palette-color-4, #0E0D12) !important;opacity:1 !important;}.stk-12fa784 .stk-button:before{border-style:solid !important;border-color:var(--theme-palette-color-1, #FE9412) !important;border-top-width:2px !important;border-right-width:2px !important;border-bottom-width:2px !important;border-left-width:2px !important;}.stk-12fa784 .stk-button:hover:before{border-color:var(--theme-palette-color-4, #0E0D12) !important;border-top-width:2px !important;border-right-width:2px !important;border-bottom-width:2px !important;border-left-width:2px !important;}.stk-12fa784 .stk-button__inner-text{font-size:14px !important;color:var(--theme-palette-color-8, #ffffff) !important;}.stk-12fa784 .stk-button:hover .stk-button__inner-text{color:var(--theme-palette-color-8, #ffffff) !important;}@media screen and (max-width:999px){.stk-12fa784 .stk-button__inner-text{font-size:14px !important;}}<\/style><a class=\"stk-link stk-button stk--hover-effect-lift\" href=\"https:\/\/hideyourkeys.io\/fr\/produit\/le-guide-definitive-pleb-pour-stocker-vos-bitcoins\/\" rel=\"noreferrer noopener\"><span class=\"has-text-color stk-button__inner-text\"><strong>T\u00c9L\u00c9CHARGER<\/strong><\/span><\/a><\/div>\n<\/div><\/div>\n\n<div class=\"wp-block-stackable-text stk-block-text stk-block stk-ff41b96\" data-block-id=\"ff41b96\"><p class=\"stk-block-text__text\"><strong>Comprendre le Bitcoin<\/strong><\/p><\/div>\n\n<div class=\"wp-block-stackable-text stk-block-text stk-block stk-4bdba1a\" data-block-id=\"4bdba1a\"><p class=\"stk-block-text__text has-text-align-justify\">Lorsqu&rsquo;il s&rsquo;agit de prot\u00e9ger votre bitcoin (ou d&rsquo;autres crypto-monnaies), il est essentiel d&rsquo;avoir le contr\u00f4le de vos cl\u00e9s et de ne pas d\u00e9pendre d&rsquo;\u00e9changes ou de tierces parties. Ce guide vous aidera \u00e0 comprendre le bitcoin et vous expliquera les m\u00e9thodes qui sont efficaces et suffisamment efficientes pour un stockage s\u00e9curis\u00e9 des bitcoins de notre point de vue.<\/p><\/div>\n\n<div class=\"wp-block-stackable-button-group stk-block-button-group stk-block stk-f9b9cdf\" data-block-id=\"f9b9cdf\"><div class=\"stk-row stk-inner-blocks stk-block-content stk-button-group\">\n<div class=\"wp-block-stackable-button stk-block-button my-animated-button stk-block stk-373e94c\" data-block-id=\"373e94c\"><style>.stk-373e94c .stk-button{background:var(--theme-palette-color-1, #FE9412) !important;}.stk-373e94c .stk-button:hover:after{background:var(--theme-palette-color-4, #0E0D12) !important;opacity:1 !important;}.stk-373e94c .stk-button:before{border-style:solid !important;border-color:var(--theme-palette-color-1, #FE9412) !important;border-top-width:2px !important;border-right-width:2px !important;border-bottom-width:2px !important;border-left-width:2px !important;}.stk-373e94c .stk-button:hover:before{border-color:var(--theme-palette-color-4, #0E0D12) !important;border-top-width:2px !important;border-right-width:2px !important;border-bottom-width:2px !important;border-left-width:2px !important;}.stk-373e94c .stk-button__inner-text{font-size:14px !important;color:var(--theme-palette-color-8, #ffffff) !important;}.stk-373e94c .stk-button:hover .stk-button__inner-text{color:var(--theme-palette-color-8, #ffffff) !important;}@media screen and (max-width:999px){.stk-373e94c .stk-button__inner-text{font-size:14px !important;}}<\/style><a class=\"stk-link stk-button stk--hover-effect-lift\" href=\"https:\/\/hideyourkeys.io\/fr\/produit\/quest-ce-que-le-bitcoin-donne-un-sens-au-bitcoin\/\" rel=\"noreferrer noopener\"><span class=\"has-text-color stk-button__inner-text\"><strong>T\u00c9L\u00c9CHARGER<\/strong><\/span><\/a><\/div>\n<\/div><\/div>\n\n<div class=\"wp-block-stackable-text stk-block-text stk-block stk-0a1d691\" data-block-id=\"0a1d691\"><p class=\"stk-block-text__text\"><strong>Comment comprendre le bitcoin en moins d&rsquo;une heure ?<\/strong><\/p><\/div>\n\n<div class=\"wp-block-stackable-text stk-block-text stk-block stk-a161ab2\" data-block-id=\"a161ab2\"><p class=\"stk-block-text__text has-text-align-justify\">Le guide d&rsquo;introduction id\u00e9al pour \u00ab\u00a0vacciner\u00a0\u00bb vos amis et votre famille.<\/p><\/div>\n\n<div class=\"wp-block-stackable-button-group stk-block-button-group stk-block stk-42dc740\" data-block-id=\"42dc740\"><div class=\"stk-row stk-inner-blocks stk-block-content stk-button-group\">\n<div class=\"wp-block-stackable-button stk-block-button my-animated-button stk-block stk-d6c261d\" data-block-id=\"d6c261d\"><style>.stk-d6c261d .stk-button{background:var(--theme-palette-color-1, #FE9412) !important;}.stk-d6c261d .stk-button:hover:after{background:var(--theme-palette-color-4, #0E0D12) !important;opacity:1 !important;}.stk-d6c261d .stk-button:before{border-style:solid !important;border-color:var(--theme-palette-color-1, #FE9412) !important;border-top-width:2px !important;border-right-width:2px !important;border-bottom-width:2px !important;border-left-width:2px !important;}.stk-d6c261d .stk-button:hover:before{border-color:var(--theme-palette-color-4, #0E0D12) !important;border-top-width:2px !important;border-right-width:2px !important;border-bottom-width:2px !important;border-left-width:2px !important;}.stk-d6c261d .stk-button__inner-text{font-size:14px !important;color:var(--theme-palette-color-8, #ffffff) !important;}.stk-d6c261d .stk-button:hover .stk-button__inner-text{color:var(--theme-palette-color-8, #ffffff) !important;}@media screen and (max-width:999px){.stk-d6c261d .stk-button__inner-text{font-size:14px !important;}}<\/style><a class=\"stk-link stk-button stk--hover-effect-lift\" href=\"https:\/\/hideyourkeys.io\/fr\/produit\/comprendre-bitcoin-en-moins-de-1-heure\/\" rel=\"noreferrer noopener\"><span class=\"has-text-color stk-button__inner-text\"><strong>T\u00c9L\u00c9CHARGER<\/strong><\/span><\/a><\/div>\n<\/div><\/div>\n\n<div class=\"wp-block-stackable-heading stk-block-heading stk-block-heading--v2 stk-block stk-b88887a\" id=\"manuals\" data-block-id=\"b88887a\"><h2 class=\"stk-block-heading__text\">Manuels<\/h2><\/div>\n\n<div class=\"wp-block-stackable-text stk-block-text stk-block stk-51faa7c\" data-block-id=\"51faa7c\"><p class=\"stk-block-text__text has-text-align-justify\">T\u00e9l\u00e9charger nos manuels :<\/p><\/div>\n\n<div class=\"wp-block-stackable-text stk-block-text stk-block stk-23f8361\" data-block-id=\"23f8361\"><p class=\"stk-block-text__text\"><strong>Manuel BitJig :<\/strong><\/p><\/div>\n\n<div class=\"wp-block-stackable-text stk-block-text stk-block stk-dcbba58\" data-block-id=\"dcbba58\"><p class=\"stk-block-text__text\">T\u00e9l\u00e9chargez notre manuel BitJig, afin de graver correctement vos rondelles m\u00e9talliques.<\/p><\/div>\n\n<div class=\"wp-block-stackable-button-group stk-block-button-group stk-block stk-43b5c08\" data-block-id=\"43b5c08\"><div class=\"stk-row stk-inner-blocks stk-block-content stk-button-group\">\n<div class=\"wp-block-stackable-button stk-block-button my-animated-button stk-block stk-526dc3e\" data-block-id=\"526dc3e\"><style>.stk-526dc3e .stk-button{background:var(--theme-palette-color-1, #FE9412) !important;}.stk-526dc3e .stk-button:hover:after{background:var(--theme-palette-color-4, #0E0D12) !important;opacity:1 !important;}.stk-526dc3e .stk-button:before{border-style:solid !important;border-color:var(--theme-palette-color-1, #FE9412) !important;border-top-width:2px !important;border-right-width:2px !important;border-bottom-width:2px !important;border-left-width:2px !important;}.stk-526dc3e .stk-button:hover:before{border-color:var(--theme-palette-color-4, #0E0D12) !important;border-top-width:2px !important;border-right-width:2px !important;border-bottom-width:2px !important;border-left-width:2px !important;}.stk-526dc3e .stk-button__inner-text{font-size:14px !important;color:var(--theme-palette-color-8, #ffffff) !important;}.stk-526dc3e .stk-button:hover .stk-button__inner-text{color:var(--theme-palette-color-8, #ffffff) !important;}@media screen and (max-width:999px){.stk-526dc3e .stk-button__inner-text{font-size:14px !important;}}<\/style><a class=\"stk-link stk-button stk--hover-effect-lift\" href=\"https:\/\/hideyourkeys.io\/fr\/produit\/bitjig-manuel\/\" rel=\"noreferrer noopener\"><span class=\"has-text-color stk-button__inner-text\"><strong>T\u00c9L\u00c9CHARGER<\/strong><\/span><\/a><\/div>\n<\/div><\/div>\n\n<div class=\"wp-block-stackable-text stk-block-text stk-block stk-36cf19e\" data-block-id=\"36cf19e\"><p class=\"stk-block-text__text\"><strong>Pots pour plantes :<\/strong><\/p><\/div>\n\n<div class=\"wp-block-stackable-text stk-block-text stk-block stk-2942d2f\" data-block-id=\"2942d2f\"><p class=\"stk-block-text__text\">Consultez notre manuel sur les pots de fleurs, pour savoir comment cacher vos phrases de graines \u00e0 l&rsquo;int\u00e9rieur !<\/p><\/div>\n\n<div class=\"wp-block-stackable-button-group stk-block-button-group stk-block stk-4290e67\" data-block-id=\"4290e67\"><div class=\"stk-row stk-inner-blocks stk-block-content stk-button-group\">\n<div class=\"wp-block-stackable-button stk-block-button my-animated-button stk-block stk-d34c3e5\" data-block-id=\"d34c3e5\"><style>.stk-d34c3e5 .stk-button{background:var(--theme-palette-color-1, #FE9412) !important;}.stk-d34c3e5 .stk-button:hover:after{background:var(--theme-palette-color-4, #0E0D12) !important;opacity:1 !important;}.stk-d34c3e5 .stk-button:before{border-style:solid !important;border-color:var(--theme-palette-color-1, #FE9412) !important;border-top-width:2px !important;border-right-width:2px !important;border-bottom-width:2px !important;border-left-width:2px !important;}.stk-d34c3e5 .stk-button:hover:before{border-color:var(--theme-palette-color-4, #0E0D12) !important;border-top-width:2px !important;border-right-width:2px !important;border-bottom-width:2px !important;border-left-width:2px !important;}.stk-d34c3e5 .stk-button__inner-text{font-size:14px !important;color:var(--theme-palette-color-8, #ffffff) !important;}.stk-d34c3e5 .stk-button:hover .stk-button__inner-text{color:var(--theme-palette-color-8, #ffffff) !important;}@media screen and (max-width:999px){.stk-d34c3e5 .stk-button__inner-text{font-size:14px !important;}}<\/style><a class=\"stk-link stk-button stk--hover-effect-lift\" href=\"https:\/\/hideyourkeys.io\/fr\/produit\/manuel-pot-de-plante-coffre\/\" rel=\"noreferrer noopener\"><span class=\"has-text-color stk-button__inner-text\"><strong>T\u00c9L\u00c9CHARGER<\/strong><\/span><\/a><\/div>\n<\/div><\/div>\n\n<div class=\"wp-block-stackable-text stk-block-text stk-block stk-597c41e\" data-block-id=\"597c41e\"><p class=\"stk-block-text__text\"><strong>Vases :<\/strong><\/p><\/div>\n\n<div class=\"wp-block-stackable-text stk-block-text stk-block stk-272909e\" data-block-id=\"272909e\"><p class=\"stk-block-text__text\">Vous voulez un endroit id\u00e9al pour cacher votre phrase mn\u00e9motechnique ? Consultez notre manuel sur les vases puis<\/p><\/div>\n\n<div class=\"wp-block-stackable-button-group stk-block-button-group stk-block stk-502c116\" data-block-id=\"502c116\"><div class=\"stk-row stk-inner-blocks stk-block-content stk-button-group\">\n<div class=\"wp-block-stackable-button stk-block-button my-animated-button stk-block stk-a6a0e95\" data-block-id=\"a6a0e95\"><style>.stk-a6a0e95 .stk-button{background:var(--theme-palette-color-1, #FE9412) !important;}.stk-a6a0e95 .stk-button:hover:after{background:var(--theme-palette-color-4, #0E0D12) !important;opacity:1 !important;}.stk-a6a0e95 .stk-button:before{border-style:solid !important;border-color:var(--theme-palette-color-1, #FE9412) !important;border-top-width:2px !important;border-right-width:2px !important;border-bottom-width:2px !important;border-left-width:2px !important;}.stk-a6a0e95 .stk-button:hover:before{border-color:var(--theme-palette-color-4, #0E0D12) !important;border-top-width:2px !important;border-right-width:2px !important;border-bottom-width:2px !important;border-left-width:2px !important;}.stk-a6a0e95 .stk-button__inner-text{font-size:14px !important;color:var(--theme-palette-color-8, #ffffff) !important;}.stk-a6a0e95 .stk-button:hover .stk-button__inner-text{color:var(--theme-palette-color-8, #ffffff) !important;}@media screen and (max-width:999px){.stk-a6a0e95 .stk-button__inner-text{font-size:14px !important;}}<\/style><a class=\"stk-link stk-button stk--hover-effect-lift\" href=\"https:\/\/hideyourkeys.io\/fr\/produit\/vases-manuel\/\" rel=\"noreferrer noopener\"><span class=\"has-text-color stk-button__inner-text\"><strong>T\u00c9L\u00c9CHARGER<\/strong><\/span><\/a><\/div>\n<\/div><\/div>\n\n<div class=\"wp-block-stackable-text stk-block-text stk-block stk-d62c768\" data-block-id=\"d62c768\"><p class=\"stk-block-text__text\"><strong>Drain de jardin :<\/strong><\/p><\/div>\n\n<div class=\"wp-block-stackable-text stk-block-text stk-block stk-a639ffd\" data-block-id=\"a639ffd\"><p class=\"stk-block-text__text\">Avez-vous un beau jardin ? C&rsquo;est peut-\u00eatre un bon endroit pour cacher ses cl\u00e9s. Consultez notre manuel :<\/p><\/div>\n\n<div class=\"wp-block-stackable-button-group stk-block-button-group stk-block stk-706c2c7\" data-block-id=\"706c2c7\"><div class=\"stk-row stk-inner-blocks stk-block-content stk-button-group\">\n<div class=\"wp-block-stackable-button stk-block-button my-animated-button stk-block stk-2ca94bf\" data-block-id=\"2ca94bf\"><style>.stk-2ca94bf .stk-button{background:var(--theme-palette-color-1, #FE9412) !important;}.stk-2ca94bf .stk-button:hover:after{background:var(--theme-palette-color-4, #0E0D12) !important;opacity:1 !important;}.stk-2ca94bf .stk-button:before{border-style:solid !important;border-color:var(--theme-palette-color-1, #FE9412) !important;border-top-width:2px !important;border-right-width:2px !important;border-bottom-width:2px !important;border-left-width:2px !important;}.stk-2ca94bf .stk-button:hover:before{border-color:var(--theme-palette-color-4, #0E0D12) !important;border-top-width:2px !important;border-right-width:2px !important;border-bottom-width:2px !important;border-left-width:2px !important;}.stk-2ca94bf .stk-button__inner-text{font-size:14px !important;color:var(--theme-palette-color-8, #ffffff) !important;}.stk-2ca94bf .stk-button:hover .stk-button__inner-text{color:var(--theme-palette-color-8, #ffffff) !important;}@media screen and (max-width:999px){.stk-2ca94bf .stk-button__inner-text{font-size:14px !important;}}<\/style><a class=\"stk-link stk-button stk--hover-effect-lift\" href=\"https:\/\/hideyourkeys.io\/fr\/produit\/manuel-drain-jardin\/\" rel=\"noreferrer noopener\"><span class=\"has-text-color stk-button__inner-text\"><strong>T\u00c9L\u00c9CHARGER<\/strong><\/span><\/a><\/div>\n<\/div><\/div>\n\n<div class=\"wp-block-stackable-text stk-block-text stk-block stk-a3f497b\" data-block-id=\"a3f497b\"><p class=\"stk-block-text__text\"><strong>Hardware wallet :<\/strong><\/p><\/div>\n\n<div class=\"wp-block-stackable-text stk-block-text stk-block stk-a0cdb72\" data-block-id=\"a0cdb72\"><p class=\"stk-block-text__text\">Vous voulez essayer notre portefeuille hardware ? Vous devriez d&rsquo;abord lire le manuel :<\/p><\/div>\n\n<div class=\"wp-block-stackable-button-group stk-block-button-group stk-block stk-8cda56f\" data-block-id=\"8cda56f\"><div class=\"stk-row stk-inner-blocks stk-block-content stk-button-group\">\n<div class=\"wp-block-stackable-button stk-block-button my-animated-button stk-block stk-56f5323\" data-block-id=\"56f5323\"><style>.stk-56f5323 .stk-button{background:var(--theme-palette-color-1, #FE9412) !important;}.stk-56f5323 .stk-button:hover:after{background:var(--theme-palette-color-4, #0E0D12) !important;opacity:1 !important;}.stk-56f5323 .stk-button:before{border-style:solid !important;border-color:var(--theme-palette-color-1, #FE9412) !important;border-top-width:2px !important;border-right-width:2px !important;border-bottom-width:2px !important;border-left-width:2px !important;}.stk-56f5323 .stk-button:hover:before{border-color:var(--theme-palette-color-4, #0E0D12) !important;border-top-width:2px !important;border-right-width:2px !important;border-bottom-width:2px !important;border-left-width:2px !important;}.stk-56f5323 .stk-button__inner-text{font-size:14px !important;color:var(--theme-palette-color-8, #ffffff) !important;}.stk-56f5323 .stk-button:hover .stk-button__inner-text{color:var(--theme-palette-color-8, #ffffff) !important;}@media screen and (max-width:999px){.stk-56f5323 .stk-button__inner-text{font-size:14px !important;}}<\/style><a class=\"stk-link stk-button stk--hover-effect-lift\" href=\"https:\/\/hideyourkeys.io\/fr\/produit\/manuel-portefeuille-materiel\/\" rel=\"noreferrer noopener\"><span class=\"has-text-color stk-button__inner-text\"><strong>T\u00c9L\u00c9CHARGER<\/strong><\/span><\/a><\/div>\n<\/div><\/div>\n\n<div class=\"wp-block-stackable-heading stk-block-heading stk-block-heading--v2 stk-block stk-0797dec\" id=\"need-help\" data-block-id=\"0797dec\"><h2 class=\"stk-block-heading__text\">Besoin d&rsquo;aide ?<\/h2><\/div>\n\n<div class=\"wp-block-stackable-text stk-block-text stk-block stk-6b416af\" data-block-id=\"6b416af\"><p class=\"stk-block-text__text\">Contactez-nous \u00e0 l&rsquo;adresse <strong>info@hideyourkeys.io<\/strong> pour toute autre question.<\/p><\/div>\n\n<p><\/p>\n","protected":false},"excerpt":{"rendered":"<p>Dans cette section, vous trouverez des t\u00e9l\u00e9chargements de nos manuels pour les produits de la boutique, ainsi que des guides pour vous aider \u00e0 comprendre les diff\u00e9rentes fa\u00e7ons d&rsquo;assurer l&rsquo;autod\u00e9tention de Bitcoin\/Crypto. Fichiers d&rsquo;impression 3D T\u00e9l\u00e9chargez nos fichiers .STL pour imprimer votre propre gabarit : BitJig Free: Si vous avez une imprimante 3D, vous pouvez [&hellip;]<\/p>\n","protected":false},"author":1,"featured_media":0,"parent":0,"menu_order":0,"comment_status":"closed","ping_status":"closed","template":"","meta":{"powered_cache_disable_cache":false,"powered_cache_disable_lazyload":false,"powered_cache_disable_css_optimization":false,"powered_cache_disable_js_optimization":false,"footnotes":""},"class_list":["post-4524","page","type-page","status-publish","hentry"],"blocksy_meta":[],"_links":{"self":[{"href":"https:\/\/hideyourkeys.io\/fr\/wp-json\/wp\/v2\/pages\/4524","targetHints":{"allow":["GET"]}}],"collection":[{"href":"https:\/\/hideyourkeys.io\/fr\/wp-json\/wp\/v2\/pages"}],"about":[{"href":"https:\/\/hideyourkeys.io\/fr\/wp-json\/wp\/v2\/types\/page"}],"author":[{"embeddable":true,"href":"https:\/\/hideyourkeys.io\/fr\/wp-json\/wp\/v2\/users\/1"}],"replies":[{"embeddable":true,"href":"https:\/\/hideyourkeys.io\/fr\/wp-json\/wp\/v2\/comments?post=4524"}],"version-history":[{"count":0,"href":"https:\/\/hideyourkeys.io\/fr\/wp-json\/wp\/v2\/pages\/4524\/revisions"}],"wp:attachment":[{"href":"https:\/\/hideyourkeys.io\/fr\/wp-json\/wp\/v2\/media?parent=4524"}],"curies":[{"name":"wp","href":"https:\/\/api.w.org\/{rel}","templated":true}]}}