{"id":4570,"date":"2023-08-24T12:58:33","date_gmt":"2023-08-24T12:58:33","guid":{"rendered":"https:\/\/hideyourkeys.io\/conditions-generales-dutilisation\/"},"modified":"2024-08-06T11:23:25","modified_gmt":"2024-08-06T11:23:25","slug":"conditions-generales-dutilisation","status":"publish","type":"page","link":"https:\/\/hideyourkeys.io\/fr\/conditions-generales-dutilisation\/","title":{"rendered":"Conditions g\u00e9n\u00e9rales d&rsquo;utilisation"},"content":{"rendered":"\n<div class=\"wp-block-stackable-text stk-block-text stk-block stk-8f55d4a\" data-block-id=\"8f55d4a\"><p class=\"stk-block-text__text\"><strong>Politique de service \u00e0 la client\u00e8le<\/strong><\/p><\/div>\n\n<div class=\"wp-block-stackable-text stk-block-text stk-block stk-6e7539c\" data-block-id=\"6e7539c\"><p class=\"stk-block-text__text has-text-align-justify\">Chez HideYourKeys, nous nous engageons \u00e0 fournir un service client exceptionnel et \u00e0 veiller \u00e0 ce que vos droits en mati\u00e8re de confidentialit\u00e9 et de protection des donn\u00e9es soient respect\u00e9s conform\u00e9ment au r\u00e8glement g\u00e9n\u00e9ral sur la protection des donn\u00e9es (RGPD) et \u00e0 la loi sur les t\u00e9l\u00e9communications (TKG) article 165 (3). Prenez le temps de vous familiariser avec notre politique de service \u00e0 la client\u00e8le afin de comprendre comment nous traitons les diff\u00e9rents aspects de votre exp\u00e9rience d&rsquo;achat.<\/p><\/div>\n\n<div class=\"wp-block-stackable-text stk-block-text stk-block stk-b80cc6f\" data-block-id=\"b80cc6f\"><p class=\"stk-block-text__text has-text-align-justify\"><strong>1. Confidentialit\u00e9 et protection des donn\u00e9es :<\/strong> Nous accordons de l&rsquo;importance \u00e0 votre vie priv\u00e9e et traitons vos informations personnelles conform\u00e9ment au GDPR. Vous avez le droit de savoir comment vos donn\u00e9es sont collect\u00e9es, utilis\u00e9es et stock\u00e9es. Pour plus de d\u00e9tails, veuillez vous r\u00e9f\u00e9rer \u00e0 notre politique de confidentialit\u00e9, disponible sur notre site web.<\/p><\/div>\n\n<div class=\"wp-block-stackable-text stk-block-text stk-block stk-1677ba2\" data-block-id=\"1677ba2\"><p class=\"stk-block-text__text has-text-align-justify\"><strong>2. Commande et exp\u00e9dition :<\/strong> Nous traitons les commandes rapidement et les marchandises sont exp\u00e9di\u00e9es depuis notre centre logistique en Europe. Les d\u00e9lais d&rsquo;exp\u00e9dition en Europe sont r\u00e9duits, ce qui garantit une livraison rapide. Vous recevrez une confirmation de commande avec les informations de suivi une fois votre commande exp\u00e9di\u00e9e. Pour toute question relative \u00e0 votre commande, \u00e0 l&rsquo;exp\u00e9dition ou au suivi, notre \u00e9quipe du service client\u00e8le est \u00e0 votre disposition pour vous aider.<\/p><\/div>\n\n<div class=\"wp-block-stackable-text stk-block-text stk-block stk-ed6e674\" data-block-id=\"ed6e674\"><p class=\"stk-block-text__text has-text-align-justify\"><strong>3. Retours et remboursements :<\/strong> Si vous recevez un produit endommag\u00e9 ou incorrect, veuillez nous contacter dans les 7 jours suivant la livraison pour obtenir de l&rsquo;aide. Pour les articles non endommag\u00e9s, notre politique de retour autorise les retours dans les 14 jours suivant la livraison. Veuillez vous r\u00e9f\u00e9rer \u00e0 notre politique de retour et de remboursement pour des instructions d\u00e9taill\u00e9es.<\/p><\/div>\n\n<div class=\"wp-block-stackable-text stk-block-text stk-block stk-bd7699e\" data-block-id=\"bd7699e\"><p class=\"stk-block-text__text has-text-align-justify\"><strong>4. Demandes de confidentialit\u00e9 (articles 13 et 14 du GDPR) :<\/strong> Vous avez le droit d&rsquo;acc\u00e9der \u00e0 vos donn\u00e9es personnelles et de demander leur correction ou leur suppression, comme le pr\u00e9voit le GDPR. Si vous avez des inqui\u00e9tudes sur la mani\u00e8re dont vos donn\u00e9es sont trait\u00e9es, veuillez nous contacter \u00e0 l&rsquo;adresse suivante : info@hideyourkeys.io<\/p><\/div>\n\n<div class=\"wp-block-stackable-text stk-block-text stk-block stk-618223f\" data-block-id=\"618223f\"><p class=\"stk-block-text__text has-text-align-justify\"><strong>5. Contacter le service client\u00e8le :<\/strong> Notre \u00e9quipe de service \u00e0 la client\u00e8le est disponible par e-mail, Nostr et d&rsquo;autres m\u00e9dias sociaux, comme indiqu\u00e9 sur notre page d&rsquo;accueil. Pour toute question relative \u00e0 la protection des donn\u00e9es et \u00e0 la vie priv\u00e9e, veuillez nous contacter \u00e0 l&rsquo;adresse suivante : info@hideyourkeys.io.<\/p><\/div>\n\n<div class=\"wp-block-stackable-text stk-block-text stk-block stk-15d1cc8\" data-block-id=\"15d1cc8\"><p class=\"stk-block-text__text has-text-align-justify\"><strong>6. R\u00e9actions et plaintes :<\/strong> Nous appr\u00e9cions votre retour d&rsquo;information et nous nous effor\u00e7ons de r\u00e9pondre rapidement \u00e0 toute pr\u00e9occupation. Si vous avez une plainte concernant la vie priv\u00e9e ou la protection des donn\u00e9es, veuillez nous contacter \u00e0 l&rsquo;adresse suivante : info@hideyourkeys.io<\/p><\/div>\n\n<div class=\"wp-block-stackable-text stk-block-text stk-block stk-b40330e\" data-block-id=\"b40330e\"><p class=\"stk-block-text__text has-text-align-justify\"><strong>7. Mises \u00e0 jour de la politique :<\/strong> La pr\u00e9sente politique de service \u00e0 la client\u00e8le peut \u00eatre mise \u00e0 jour p\u00e9riodiquement. Toute modification sera communiqu\u00e9e sur notre site web et pourra n\u00e9cessiter votre consentement, le cas \u00e9ch\u00e9ant.<\/p><\/div>\n\n<div class=\"wp-block-stackable-text stk-block-text stk-block stk-da6b156\" data-block-id=\"da6b156\"><p class=\"stk-block-text__text has-text-align-justify\"><strong>8. Cadre juridique :<\/strong> La pr\u00e9sente politique est conforme aux dispositions des articles 13 et 14 du r\u00e8glement g\u00e9n\u00e9ral sur la protection des donn\u00e9es (RGPD), ainsi qu&rsquo;\u00e0 l&rsquo;article 165, paragraphe 3, de la loi sur les t\u00e9l\u00e9communications (TKG).<\/p><\/div>\n\n<div class=\"wp-block-stackable-text stk-block-text stk-block stk-3d2a58c\" data-block-id=\"3d2a58c\"><p class=\"stk-block-text__text has-text-align-justify\">Nous nous engageons \u00e0 offrir \u00e0 nos clients une exp\u00e9rience d&rsquo;achat transparente et s\u00e9curis\u00e9e. Si vous avez des questions ou si vous avez besoin d&rsquo;aide, n&rsquo;h\u00e9sitez pas \u00e0 contacter notre service client\u00e8le.<\/p><\/div>\n","protected":false},"excerpt":{"rendered":"<p>Politique de service \u00e0 la client\u00e8le Chez HideYourKeys, nous nous engageons \u00e0 fournir un service client exceptionnel et \u00e0 veiller \u00e0 ce que vos droits en mati\u00e8re de confidentialit\u00e9 et de protection des donn\u00e9es soient respect\u00e9s conform\u00e9ment au r\u00e8glement g\u00e9n\u00e9ral sur la protection des donn\u00e9es (RGPD) et \u00e0 la loi sur les t\u00e9l\u00e9communications (TKG) article [&hellip;]<\/p>\n","protected":false},"author":1,"featured_media":0,"parent":0,"menu_order":0,"comment_status":"closed","ping_status":"open","template":"","meta":{"powered_cache_disable_cache":false,"powered_cache_disable_lazyload":false,"powered_cache_disable_css_optimization":false,"powered_cache_disable_js_optimization":false,"footnotes":""},"class_list":["post-4570","page","type-page","status-publish","hentry"],"blocksy_meta":[],"_links":{"self":[{"href":"https:\/\/hideyourkeys.io\/fr\/wp-json\/wp\/v2\/pages\/4570","targetHints":{"allow":["GET"]}}],"collection":[{"href":"https:\/\/hideyourkeys.io\/fr\/wp-json\/wp\/v2\/pages"}],"about":[{"href":"https:\/\/hideyourkeys.io\/fr\/wp-json\/wp\/v2\/types\/page"}],"author":[{"embeddable":true,"href":"https:\/\/hideyourkeys.io\/fr\/wp-json\/wp\/v2\/users\/1"}],"replies":[{"embeddable":true,"href":"https:\/\/hideyourkeys.io\/fr\/wp-json\/wp\/v2\/comments?post=4570"}],"version-history":[{"count":0,"href":"https:\/\/hideyourkeys.io\/fr\/wp-json\/wp\/v2\/pages\/4570\/revisions"}],"wp:attachment":[{"href":"https:\/\/hideyourkeys.io\/fr\/wp-json\/wp\/v2\/media?parent=4570"}],"curies":[{"name":"wp","href":"https:\/\/api.w.org\/{rel}","templated":true}]}}