{"id":10354,"date":"2024-02-03T11:29:45","date_gmt":"2024-02-03T11:29:45","guid":{"rendered":"https:\/\/hideyourkeys.io\/?post_type=product&#038;p=10354"},"modified":"2025-02-17T21:17:18","modified_gmt":"2025-02-17T21:17:18","slug":"phrase-de-recuperation-capsule-acier-mini-m6","status":"publish","type":"product","link":"https:\/\/hideyourkeys.io\/fr\/produit\/phrase-de-recuperation-capsule-acier-mini-m6\/","title":{"rendered":"Capsule en acier pour phrase de r\u00e9cup\u00e9ration Mini (M6)"},"content":{"rendered":"<p>Ces capsules sont con\u00e7ues pour stocker en toute s\u00e9curit\u00e9 vos pr\u00e9cieuses phrases de r\u00e9cup\u00e9ration Bitcoin ou d&rsquo;autres crypto-monnaies, garantissant qu&rsquo;elles restent en s\u00e9curit\u00e9 et prot\u00e9g\u00e9es. La capsule en acier est \u00e9galement tr\u00e8s petite et compacte, ce qui la rend facile \u00e0 emporter partout avec vous.<\/p>\n<p>Chaque capsule peut contenir un ensemble de rondelles m\u00e9talliques estampill\u00e9es (M6-18) fabriqu\u00e9es avec notre <a href=\"https:\/\/hideyourkeys.io\/fr\/produit\/bitjig-m6-pack-basique\/\">BitJig M6<\/a>, affichant votre phrase de r\u00e9cup\u00e9ration Bitcoin ou Crypto, offrant ainsi une couche suppl\u00e9mentaire de protection contre les acc\u00e8s non autoris\u00e9s. Cette fonction garantit que vos pr\u00e9cieux actifs en bitcoins sont s\u00e9curis\u00e9s et prot\u00e9g\u00e9s \u00e0 tout moment.<\/p>\n<p>La phrase de r\u00e9cup\u00e9ration doit \u00eatre pr\u00e9alablement estampill\u00e9e sur des rondelles m\u00e9talliques, consultez notre estampeur pour g\u00e9n\u00e9rer une sauvegarde de phrase appropri\u00e9e. Ce produit comprend une vis M6 qui convient \u00e0 24 rondelles (\u00e9galement incluses) et un \u00e9crou. Elles s&rsquo;ins\u00e8rent tous parfaitement dans la capsule. La capsule mesure 69 mm de hauteur et 22 mm de diam\u00e8tre.<\/p>\n<p>Ce produit contient :<\/p>\n<ul>\n<li>Une (1) capsule de stockage en acier<\/li>\n<li>Jeu de rondelles (25), avec un (1) \u00e9crou et une (1) vis<\/li>\n<\/ul>\n","protected":false},"excerpt":{"rendered":"<p>Capsule pour stocker la phrase de semence grav\u00e9e sur m\u00e9tal. Capsule en acier pour rondelles M6. <\/p>\n","protected":false},"featured_media":15063,"comment_status":"open","ping_status":"closed","template":"","meta":{"powered_cache_disable_cache":false,"powered_cache_disable_lazyload":false,"powered_cache_disable_css_optimization":false,"powered_cache_disable_js_optimization":false},"product_brand":[],"product_cat":[278],"product_tag":[395,301],"class_list":{"0":"post-10354","1":"product","2":"type-product","3":"status-publish","4":"has-post-thumbnail","6":"product_cat-timbres-et-capsules","7":"product_tag-cacher-lexpression-de-la-graine","8":"product_tag-capsule-fr","10":"first","11":"instock","12":"taxable","13":"shipping-taxable","14":"purchasable","15":"product-type-variable"},"_links":{"self":[{"href":"https:\/\/hideyourkeys.io\/fr\/wp-json\/wp\/v2\/product\/10354","targetHints":{"allow":["GET"]}}],"collection":[{"href":"https:\/\/hideyourkeys.io\/fr\/wp-json\/wp\/v2\/product"}],"about":[{"href":"https:\/\/hideyourkeys.io\/fr\/wp-json\/wp\/v2\/types\/product"}],"replies":[{"embeddable":true,"href":"https:\/\/hideyourkeys.io\/fr\/wp-json\/wp\/v2\/comments?post=10354"}],"wp:featuredmedia":[{"embeddable":true,"href":"https:\/\/hideyourkeys.io\/fr\/wp-json\/wp\/v2\/media\/15063"}],"wp:attachment":[{"href":"https:\/\/hideyourkeys.io\/fr\/wp-json\/wp\/v2\/media?parent=10354"}],"wp:term":[{"taxonomy":"product_brand","embeddable":true,"href":"https:\/\/hideyourkeys.io\/fr\/wp-json\/wp\/v2\/product_brand?post=10354"},{"taxonomy":"product_cat","embeddable":true,"href":"https:\/\/hideyourkeys.io\/fr\/wp-json\/wp\/v2\/product_cat?post=10354"},{"taxonomy":"product_tag","embeddable":true,"href":"https:\/\/hideyourkeys.io\/fr\/wp-json\/wp\/v2\/product_tag?post=10354"}],"curies":[{"name":"wp","href":"https:\/\/api.w.org\/{rel}","templated":true}]}}