{"id":10895,"date":"2024-05-19T17:40:26","date_gmt":"2024-05-19T17:40:26","guid":{"rendered":"https:\/\/hideyourkeys.io\/?post_type=product&#038;p=10895"},"modified":"2024-10-24T21:40:20","modified_gmt":"2024-10-24T21:40:20","slug":"comprendre-bitcoin-moins-1-heure","status":"publish","type":"product","link":"https:\/\/hideyourkeys.io\/fr\/produit\/comprendre-bitcoin-moins-1-heure\/","title":{"rendered":"Comment vous faire comprendre le bitcoin en moins d&rsquo;une heure"},"content":{"rendered":"<p align=\"justify\"><span style=\"font-family: Liberation Sans, sans-serif; font-size: medium;\">Vous ne savez pas comment d\u00e9buter dans le bitcoin ? Le guide d&rsquo;introduction id\u00e9al pour d\u00e9buter dans le Bitcoin<\/span><\/p>\n","protected":false},"excerpt":{"rendered":"<p>Comment d\u00e9buter en bitcoin ? Comprendre le bitcoin en moins d&rsquo;une heure<\/p>\n","protected":false},"featured_media":10969,"comment_status":"open","ping_status":"closed","template":"","meta":{"powered_cache_disable_cache":false,"powered_cache_disable_lazyload":false,"powered_cache_disable_css_optimization":false,"powered_cache_disable_js_optimization":false},"product_brand":[],"product_cat":[266],"product_tag":[293,414],"class_list":{"0":"post-10895","1":"product","2":"type-product","3":"status-publish","4":"has-post-thumbnail","6":"product_cat-guides-et-manuels","7":"product_tag-bitcoin-fr","8":"product_tag-manuel","10":"first","11":"instock","12":"downloadable","13":"taxable","14":"shipping-taxable","15":"purchasable","16":"product-type-simple"},"_links":{"self":[{"href":"https:\/\/hideyourkeys.io\/fr\/wp-json\/wp\/v2\/product\/10895","targetHints":{"allow":["GET"]}}],"collection":[{"href":"https:\/\/hideyourkeys.io\/fr\/wp-json\/wp\/v2\/product"}],"about":[{"href":"https:\/\/hideyourkeys.io\/fr\/wp-json\/wp\/v2\/types\/product"}],"replies":[{"embeddable":true,"href":"https:\/\/hideyourkeys.io\/fr\/wp-json\/wp\/v2\/comments?post=10895"}],"wp:featuredmedia":[{"embeddable":true,"href":"https:\/\/hideyourkeys.io\/fr\/wp-json\/wp\/v2\/media\/10969"}],"wp:attachment":[{"href":"https:\/\/hideyourkeys.io\/fr\/wp-json\/wp\/v2\/media?parent=10895"}],"wp:term":[{"taxonomy":"product_brand","embeddable":true,"href":"https:\/\/hideyourkeys.io\/fr\/wp-json\/wp\/v2\/product_brand?post=10895"},{"taxonomy":"product_cat","embeddable":true,"href":"https:\/\/hideyourkeys.io\/fr\/wp-json\/wp\/v2\/product_cat?post=10895"},{"taxonomy":"product_tag","embeddable":true,"href":"https:\/\/hideyourkeys.io\/fr\/wp-json\/wp\/v2\/product_tag?post=10895"}],"curies":[{"name":"wp","href":"https:\/\/api.w.org\/{rel}","templated":true}]}}