{"id":11406,"date":"2024-06-06T13:38:07","date_gmt":"2024-06-06T13:38:07","guid":{"rendered":"https:\/\/hideyourkeys.io\/?post_type=product&#038;p=11406"},"modified":"2025-07-15T00:00:08","modified_gmt":"2025-07-15T00:00:08","slug":"bitjig-m8-pack-avance","status":"publish","type":"product","link":"https:\/\/hideyourkeys.io\/fr\/produit\/bitjig-m8-pack-avance\/","title":{"rendered":"BitJig M8 Pack Avanc\u00e9"},"content":{"rendered":"<p>Gardez vos cryptomonnaies en s\u00e9curit\u00e9 avec notre solution de stockage tout-en-un. Soyez assur\u00e9 que votre crypto-monnaie est en s\u00e9curit\u00e9. Avec ce pack, vous pouvez avoir confiance dans la s\u00e9curit\u00e9 de vos investissements en cryptomonnaie et acc\u00e9der facilement \u00e0 vos cl\u00e9s priv\u00e9es lorsque cela est n\u00e9cessaire. Le BitJig est l\u2019alternative parfaite au Cryptotag pour stocker votre phrase de d\u00e9marrage dans du m\u00e9tal.<\/p>\n<p>Il suffit d&rsquo;apposer votre phrase sur la rondelle, de la ranger dans la capsule et de la conserver en lieu s\u00fbr. Et avec 25 rondelles incluses, vous pourrez stocker une phrase de r\u00e9cup\u00e9ration contenant jusqu&rsquo;\u00e0 24 mots, ainsi qu&rsquo;une passphrase ou un indice sur la rondelle num\u00e9ro 25. Visitez notre magasin pour obtenir des <a href=\"https:\/\/hideyourkeys.io\/fr\/produit\/phrase-de-recuperation-capsule-mini-3-pack\/\">capsules et des rondelles<\/a> suppl\u00e9mentaires afin de cr\u00e9er de nouvelles phrases de semences.<\/p>\n<p>Ce pack contient :<\/p>\n<ul>\n<li>Un (1) BitJig<\/li>\n<li>Une (1) capsule de rangement pour rondelles<\/li>\n<li>Jeu de rondelles (25) avec vis (1) et \u00e9crou (1)<\/li>\n<li>Jeu de 36 tampons de haute qualit\u00e9<\/li>\n<li>Un maillet en acier (0,8 kg)<\/li>\n<\/ul>\n<p>Consultez notre <a href=\"https:\/\/hideyourkeys.io\/fr\/produit\/manuel-bitjig\/\">manuel de produits<\/a> sur les gabarits d&#8217;emboutissage.<\/p>\n","protected":false},"excerpt":{"rendered":"<p>Essayez notre pack BitJig avanc\u00e9 pour graver vos phrases de graines dans le m\u00e9tal. Obtenir un r\u00e9sultat net et fiable, une excellente alternative aux cryptotags.<\/p>\n","protected":false},"featured_media":19437,"comment_status":"open","ping_status":"closed","template":"","meta":{"powered_cache_disable_cache":false,"powered_cache_disable_lazyload":false,"powered_cache_disable_css_optimization":false,"powered_cache_disable_js_optimization":false},"product_brand":[],"product_cat":[270,278],"product_tag":[297,260,309,261,262],"class_list":{"0":"post-11406","1":"product","2":"type-product","3":"status-publish","4":"has-post-thumbnail","6":"product_cat-packs-et-autres","7":"product_cat-timbres-et-capsules","8":"product_tag-bitjig-fr","9":"product_tag-metal-seed-storage-fr","10":"product_tag-portefeuille-metallique-bitcoin","11":"product_tag-stamper-fr","12":"product_tag-stamping-jig-fr","14":"first","15":"instock","16":"sale","17":"featured","18":"taxable","19":"shipping-taxable","20":"purchasable","21":"product-type-variable"},"_links":{"self":[{"href":"https:\/\/hideyourkeys.io\/fr\/wp-json\/wp\/v2\/product\/11406","targetHints":{"allow":["GET"]}}],"collection":[{"href":"https:\/\/hideyourkeys.io\/fr\/wp-json\/wp\/v2\/product"}],"about":[{"href":"https:\/\/hideyourkeys.io\/fr\/wp-json\/wp\/v2\/types\/product"}],"replies":[{"embeddable":true,"href":"https:\/\/hideyourkeys.io\/fr\/wp-json\/wp\/v2\/comments?post=11406"}],"wp:featuredmedia":[{"embeddable":true,"href":"https:\/\/hideyourkeys.io\/fr\/wp-json\/wp\/v2\/media\/19437"}],"wp:attachment":[{"href":"https:\/\/hideyourkeys.io\/fr\/wp-json\/wp\/v2\/media?parent=11406"}],"wp:term":[{"taxonomy":"product_brand","embeddable":true,"href":"https:\/\/hideyourkeys.io\/fr\/wp-json\/wp\/v2\/product_brand?post=11406"},{"taxonomy":"product_cat","embeddable":true,"href":"https:\/\/hideyourkeys.io\/fr\/wp-json\/wp\/v2\/product_cat?post=11406"},{"taxonomy":"product_tag","embeddable":true,"href":"https:\/\/hideyourkeys.io\/fr\/wp-json\/wp\/v2\/product_tag?post=11406"}],"curies":[{"name":"wp","href":"https:\/\/api.w.org\/{rel}","templated":true}]}}