{"id":11467,"date":"2024-06-06T18:50:40","date_gmt":"2024-06-06T18:50:40","guid":{"rendered":"https:\/\/hideyourkeys.io\/?post_type=product&#038;p=11467"},"modified":"2025-04-09T19:42:24","modified_gmt":"2025-04-09T19:42:24","slug":"bitjig-manuel","status":"publish","type":"product","link":"https:\/\/hideyourkeys.io\/fr\/produit\/bitjig-manuel\/","title":{"rendered":"Manuel BitJig"},"content":{"rendered":"<p>Consultez notre manuel BitJig pour vous assurer d&rsquo;une utilisation correcte du produit. Apprenez \u00e0 graver votre phrase de r\u00e9cup\u00e9ration dans des rondelles m\u00e9talliques, pour obtenir des r\u00e9sultats nets et brillants. Obtenez vos rondelles de phrases de r\u00e9cup\u00e9ration crypto. <\/p>\n<p>Nous vous recommandons de t\u00e9l\u00e9charger nos manuels avant d&rsquo;acheter les produits, ils sont gratuits. De cette fa\u00e7on, vous saurez \u00e0 quoi vous attendre lorsque vous ach\u00e8terez l&rsquo;un de nos produits.<\/p>\n<p>Ce manuel est destin\u00e9 \u00e0 couvrir l&rsquo;utilisation de nos gabarits d&#8217;emboutissage, v\u00e9rifiez certains de nos packs tels que <a href=\"https:\/\/hideyourkeys.io\/fr\/produit\/bitjig-m8-pack-basique\/\">BitJig<\/a> ou <a href=\"https:\/\/hideyourkeys.io\/fr\/produit\/bitjig-m6-pack-basique\/\">BitJig M6<\/a>.<\/p>\n<p>&nbsp;<\/p>\n","protected":false},"excerpt":{"rendered":"<p>Manuel pour nos gabarits de marquage. Obtenez votre manuel pour les rondelles de phrases de r\u00e9cup\u00e9ration crypto. <\/p>\n","protected":false},"featured_media":12986,"comment_status":"open","ping_status":"closed","template":"","meta":{"powered_cache_disable_cache":false,"powered_cache_disable_lazyload":false,"powered_cache_disable_css_optimization":false,"powered_cache_disable_js_optimization":false},"product_brand":[],"product_cat":[266],"product_tag":[293,414,261,262],"class_list":{"0":"post-11467","1":"product","2":"type-product","3":"status-publish","4":"has-post-thumbnail","6":"product_cat-guides-et-manuels","7":"product_tag-bitcoin-fr","8":"product_tag-manuel","9":"product_tag-stamper-fr","10":"product_tag-stamping-jig-fr","12":"first","13":"instock","14":"downloadable","15":"taxable","16":"shipping-taxable","17":"purchasable","18":"product-type-simple"},"_links":{"self":[{"href":"https:\/\/hideyourkeys.io\/fr\/wp-json\/wp\/v2\/product\/11467","targetHints":{"allow":["GET"]}}],"collection":[{"href":"https:\/\/hideyourkeys.io\/fr\/wp-json\/wp\/v2\/product"}],"about":[{"href":"https:\/\/hideyourkeys.io\/fr\/wp-json\/wp\/v2\/types\/product"}],"replies":[{"embeddable":true,"href":"https:\/\/hideyourkeys.io\/fr\/wp-json\/wp\/v2\/comments?post=11467"}],"wp:featuredmedia":[{"embeddable":true,"href":"https:\/\/hideyourkeys.io\/fr\/wp-json\/wp\/v2\/media\/12986"}],"wp:attachment":[{"href":"https:\/\/hideyourkeys.io\/fr\/wp-json\/wp\/v2\/media?parent=11467"}],"wp:term":[{"taxonomy":"product_brand","embeddable":true,"href":"https:\/\/hideyourkeys.io\/fr\/wp-json\/wp\/v2\/product_brand?post=11467"},{"taxonomy":"product_cat","embeddable":true,"href":"https:\/\/hideyourkeys.io\/fr\/wp-json\/wp\/v2\/product_cat?post=11467"},{"taxonomy":"product_tag","embeddable":true,"href":"https:\/\/hideyourkeys.io\/fr\/wp-json\/wp\/v2\/product_tag?post=11467"}],"curies":[{"name":"wp","href":"https:\/\/api.w.org\/{rel}","templated":true}]}}