{"id":11849,"date":"2024-06-09T20:34:49","date_gmt":"2024-06-09T20:34:49","guid":{"rendered":"https:\/\/hideyourkeys.io\/?post_type=product&#038;p=11849"},"modified":"2025-10-10T08:51:43","modified_gmt":"2025-10-10T08:51:43","slug":"bitjig-free","status":"publish","type":"product","link":"https:\/\/hideyourkeys.io\/fr\/produit\/bitjig-free\/","title":{"rendered":"BitJig Free"},"content":{"rendered":"<p>Avez-vous une imprimante 3D ? Ensuite, vous pouvez imprimer vous-m\u00eame ce gabarit d\u2019estampage de rondelle , le BitJig Free, vous aurez besoin d\u2019une enclume pour tamponner les rondelles dessus. T\u00e9l\u00e9chargez le .zip avec le . STL. L\u2019appareil parfait pour commencer \u00e0 graver vos phrases de r\u00e9cup\u00e9ration pour Bitcoin ou Crypto.<\/p>\n","protected":false},"excerpt":{"rendered":"<p>BitJig Free &#8211; Imprimez votre propre gabarit d\u2019estampage. T\u00e9l\u00e9chargez le fichier . STL et commencez \u00e0 graver votre phrase de r\u00e9cup\u00e9ration sur rondelles M8.<\/p>\n","protected":false},"featured_media":15799,"comment_status":"open","ping_status":"closed","template":"","meta":{"powered_cache_disable_cache":false,"powered_cache_disable_lazyload":false,"powered_cache_disable_css_optimization":false,"powered_cache_disable_js_optimization":false},"product_brand":[],"product_cat":[266],"product_tag":[293,414,261,262],"class_list":{"0":"post-11849","1":"product","2":"type-product","3":"status-publish","4":"has-post-thumbnail","6":"product_cat-guides-et-manuels","7":"product_tag-bitcoin-fr","8":"product_tag-manuel","9":"product_tag-stamper-fr","10":"product_tag-stamping-jig-fr","12":"first","13":"instock","14":"downloadable","15":"taxable","16":"shipping-taxable","17":"purchasable","18":"product-type-simple"},"_links":{"self":[{"href":"https:\/\/hideyourkeys.io\/fr\/wp-json\/wp\/v2\/product\/11849","targetHints":{"allow":["GET"]}}],"collection":[{"href":"https:\/\/hideyourkeys.io\/fr\/wp-json\/wp\/v2\/product"}],"about":[{"href":"https:\/\/hideyourkeys.io\/fr\/wp-json\/wp\/v2\/types\/product"}],"replies":[{"embeddable":true,"href":"https:\/\/hideyourkeys.io\/fr\/wp-json\/wp\/v2\/comments?post=11849"}],"wp:featuredmedia":[{"embeddable":true,"href":"https:\/\/hideyourkeys.io\/fr\/wp-json\/wp\/v2\/media\/15799"}],"wp:attachment":[{"href":"https:\/\/hideyourkeys.io\/fr\/wp-json\/wp\/v2\/media?parent=11849"}],"wp:term":[{"taxonomy":"product_brand","embeddable":true,"href":"https:\/\/hideyourkeys.io\/fr\/wp-json\/wp\/v2\/product_brand?post=11849"},{"taxonomy":"product_cat","embeddable":true,"href":"https:\/\/hideyourkeys.io\/fr\/wp-json\/wp\/v2\/product_cat?post=11849"},{"taxonomy":"product_tag","embeddable":true,"href":"https:\/\/hideyourkeys.io\/fr\/wp-json\/wp\/v2\/product_tag?post=11849"}],"curies":[{"name":"wp","href":"https:\/\/api.w.org\/{rel}","templated":true}]}}