{"id":12078,"date":"2024-06-17T20:26:54","date_gmt":"2024-06-17T20:26:54","guid":{"rendered":"https:\/\/hideyourkeys.io\/?post_type=product&#038;p=12078"},"modified":"2025-02-02T19:58:36","modified_gmt":"2025-02-02T19:58:36","slug":"bitjig-m6","status":"publish","type":"product","link":"https:\/\/hideyourkeys.io\/fr\/produit\/bitjig-m6\/","title":{"rendered":"BitJig M6"},"content":{"rendered":"<p>Le BitJig M6 est un outil utilis\u00e9 pour imprimer une phrase de graine en m\u00e9tal (vos cl\u00e9s priv\u00e9es ou phrase mn\u00e9monique sur des rondelles m\u00e9talliques), pour Bitcoin ou d\u2019autres crypto-monnaies. Cet outil vous permet de cr\u00e9er et de stocker facilement vos cl\u00e9s priv\u00e9es de mani\u00e8re s\u00e9curis\u00e9e et durable. Le BitJig M6 est actionn\u00e9 manuellement avec un marteau (ou de pr\u00e9f\u00e9rence un maillet), les tol\u00e9rances sont parfaites pour un ensemble de rondelles M6-18.<\/p>\n<p>Avec cet outil, vous pouvez avoir confiance en la s\u00e9curit\u00e9 de vos investissements en cryptomonnaie et acc\u00e9der facilement \u00e0 vos cl\u00e9s priv\u00e9es lorsque n\u00e9cessaire. Le BitJig est la solution parfaite en remplacement de produits tels que Billfodl ou Cryptotag pour stocker votre phrase-seed en m\u00e9tal.<\/p>\n<p>Cet outil de poin\u00e7onnage est con\u00e7u avec un m\u00e9canisme qui maintient la rondelle en place pendant le processus de poin\u00e7onnage, le rendant plus efficace et pr\u00e9cis que d&rsquo;autres solutions. La plateforme de support pour la rondelle offre une base stable et robuste pour maintenir en place lors de l&rsquo;estampage, \u00e9liminant le risque de blessure en frappant accidentellement vos doigts ou d&rsquo;avoir \u00e0 appliquer une force excessive. La conception du BitJig permet \u00e9galement une impression plus pr\u00e9cise de la phrase ou du code semence choisi, garantissant que les cl\u00e9s priv\u00e9es stock\u00e9es sur les rondelles sont clairement lisibles et faciles \u00e0 lire.<\/p>\n<p>Ce produit contient :<\/p>\n<ul>\n<li>Un (1) BitJig M6.<\/li>\n<\/ul>\n<p>Le maillet ou le marteau n&rsquo;est pas inclus. Nous recommandons l&rsquo;utilisation d&rsquo;un maillet en acier dur d&rsquo;au moins 0.8-1 kg. Au cas o\u00f9 vous auriez besoin d&rsquo;un maillet, jetez un coup d&rsquo;\u0153il \u00e0 notre <a>pack avanc\u00e9.<\/a><\/p>\n<p>Pour utiliser le BitJig, les utilisateurs devront avoir des poin\u00e7ons m\u00e9talliques pour imprimer leur phrase ou leur code semence choisi sur les rondelles. Consultez notre option <a href=\"https:\/\/hideyourkeys.io\/fr\/produit\/bitjig-m6-pack-basique\/\">Pack Basique<\/a> si vous n&rsquo;avez pas de poin\u00e7ons.<\/p>\n<p>Consultez le <a href=\"https:\/\/hideyourkeys.io\/fr\/produit\/manuel-bitjig\/\">manuel du produit<\/a>.<\/p>\n<p>&nbsp;<\/p>\n<p>&nbsp;<\/p>\n","protected":false},"excerpt":{"rendered":"<p>BitJig M6 est un outil utilis\u00e9 pour graver une phrase de graine dans du m\u00e9tal (phrase de sauvegarde dans des rondelles m\u00e9talliques), afin de la stocker en toute s\u00e9curit\u00e9<\/p>\n","protected":false},"featured_media":19519,"comment_status":"open","ping_status":"closed","template":"","meta":{"powered_cache_disable_cache":false,"powered_cache_disable_lazyload":false,"powered_cache_disable_css_optimization":false,"powered_cache_disable_js_optimization":false},"product_brand":[],"product_cat":[278],"product_tag":[293,261,262],"class_list":{"0":"post-12078","1":"product","2":"type-product","3":"status-publish","4":"has-post-thumbnail","6":"product_cat-timbres-et-capsules","7":"product_tag-bitcoin-fr","8":"product_tag-stamper-fr","9":"product_tag-stamping-jig-fr","10":"pa_color-gris-blanc","12":"first","13":"instock","14":"taxable","15":"shipping-taxable","16":"purchasable","17":"product-type-simple"},"_links":{"self":[{"href":"https:\/\/hideyourkeys.io\/fr\/wp-json\/wp\/v2\/product\/12078","targetHints":{"allow":["GET"]}}],"collection":[{"href":"https:\/\/hideyourkeys.io\/fr\/wp-json\/wp\/v2\/product"}],"about":[{"href":"https:\/\/hideyourkeys.io\/fr\/wp-json\/wp\/v2\/types\/product"}],"replies":[{"embeddable":true,"href":"https:\/\/hideyourkeys.io\/fr\/wp-json\/wp\/v2\/comments?post=12078"}],"wp:featuredmedia":[{"embeddable":true,"href":"https:\/\/hideyourkeys.io\/fr\/wp-json\/wp\/v2\/media\/19519"}],"wp:attachment":[{"href":"https:\/\/hideyourkeys.io\/fr\/wp-json\/wp\/v2\/media?parent=12078"}],"wp:term":[{"taxonomy":"product_brand","embeddable":true,"href":"https:\/\/hideyourkeys.io\/fr\/wp-json\/wp\/v2\/product_brand?post=12078"},{"taxonomy":"product_cat","embeddable":true,"href":"https:\/\/hideyourkeys.io\/fr\/wp-json\/wp\/v2\/product_cat?post=12078"},{"taxonomy":"product_tag","embeddable":true,"href":"https:\/\/hideyourkeys.io\/fr\/wp-json\/wp\/v2\/product_tag?post=12078"}],"curies":[{"name":"wp","href":"https:\/\/api.w.org\/{rel}","templated":true}]}}