{"id":15819,"date":"2024-10-07T17:10:52","date_gmt":"2024-10-07T17:10:52","guid":{"rendered":"https:\/\/hideyourkeys.io\/product\/bitjig-lite-2\/"},"modified":"2024-11-12T07:30:04","modified_gmt":"2024-11-12T07:30:04","slug":"bitjig-lite","status":"publish","type":"product","link":"https:\/\/hideyourkeys.io\/fr\/produit\/bitjig-lite\/","title":{"rendered":"BitJig Lite"},"content":{"rendered":"<p>Le BitJig Lite est un gabarit de marquage de rondelles de bitcoin utilis\u00e9 pour imprimer une phrase de r\u00e9cup\u00e9ration (vos cl\u00e9s priv\u00e9es ou phrase mn\u00e9monique) sur des rondelles m\u00e9talliques, pour Bitcoin ou d&rsquo;autres cryptomonnaies. Cet outil vous permet de cr\u00e9er et de stocker facilement vos cl\u00e9s priv\u00e9es de mani\u00e8re s\u00e9curis\u00e9e et durable. Le BitJig Lite est actionn\u00e9 manuellement avec un marteau (ou de pr\u00e9f\u00e9rence un maillet), les tol\u00e9rances sont parfaites pour un ensemble de washers M8-24.<\/p>\n<p>Avec cet outil, vous pouvez avoir confiance en la s\u00e9curit\u00e9 de vos investissements en cryptomonnaie et acc\u00e9der facilement \u00e0 vos cl\u00e9s priv\u00e9es lorsque n\u00e9cessaire. Le BitJig est la solution parfaite en remplacement de produits tels que Billfodl ou Cryptotag pour stocker votre phrase-seed en m\u00e9tal.<\/p>\n<p>Ce gabarit de marquage de rondelle de bitcoin dispose de deux trous (6 mm et 7 mm de largeur), pour garantir la compatibilit\u00e9 avec la plupart des poin\u00e7ons en acier disponibles sur le march\u00e9. Nous recommandons d&rsquo;utiliser une enclume pour soutenir le BitJig, ainsi que du ruban adh\u00e9sif pour fixer la rondelle et \u00e9viter qu&rsquo;elle ne bouge pendant le processus de marquage. <\/p>\n<p>Ce produit contient :<\/p>\n<ul>\n<li>Un (1) BitJig Lite.<\/li>\n<\/ul>\n<p>Le maillet ou le marteau n&rsquo;est pas inclus. Nous recommandons d&rsquo;utiliser un maillet en acier dur d&rsquo;au moins 0,8-1 kg.<\/p>\n<p>Pour utiliser ce gabarit d\u2019estampage de rondelle bitcoin, les utilisateurs devront avoir des tampons en m\u00e9tal pour imprimer la phrase ou le code de graine de leur choix sur les rondelles.<\/p>\n<p>Consultez le <a href=\"https:\/\/hideyourkeys.io\/fr\/produit\/manuel-bitjig\/\">manuel du produit<\/a>.<\/p>\n","protected":false},"excerpt":{"rendered":"<p>Obtenez votre phrase de d\u00e9part dans les rondelles m\u00e9talliques avec le BitJig Lite, notre option abordable de gabarit d\u2019estampage de rondelle bitcoin<\/p>\n","protected":false},"featured_media":15770,"comment_status":"open","ping_status":"closed","template":"","meta":{"powered_cache_disable_cache":false,"powered_cache_disable_lazyload":false,"powered_cache_disable_css_optimization":false,"powered_cache_disable_js_optimization":false},"product_brand":[],"product_cat":[278],"product_tag":[293,261,262],"class_list":{"0":"post-15819","1":"product","2":"type-product","3":"status-publish","4":"has-post-thumbnail","6":"product_cat-timbres-et-capsules","7":"product_tag-bitcoin-fr","8":"product_tag-stamper-fr","9":"product_tag-stamping-jig-fr","10":"pa_color-blanc","11":"pa_color-gris-fr","13":"first","14":"instock","15":"taxable","16":"shipping-taxable","17":"purchasable","18":"product-type-variable"},"_links":{"self":[{"href":"https:\/\/hideyourkeys.io\/fr\/wp-json\/wp\/v2\/product\/15819","targetHints":{"allow":["GET"]}}],"collection":[{"href":"https:\/\/hideyourkeys.io\/fr\/wp-json\/wp\/v2\/product"}],"about":[{"href":"https:\/\/hideyourkeys.io\/fr\/wp-json\/wp\/v2\/types\/product"}],"replies":[{"embeddable":true,"href":"https:\/\/hideyourkeys.io\/fr\/wp-json\/wp\/v2\/comments?post=15819"}],"wp:featuredmedia":[{"embeddable":true,"href":"https:\/\/hideyourkeys.io\/fr\/wp-json\/wp\/v2\/media\/15770"}],"wp:attachment":[{"href":"https:\/\/hideyourkeys.io\/fr\/wp-json\/wp\/v2\/media?parent=15819"}],"wp:term":[{"taxonomy":"product_brand","embeddable":true,"href":"https:\/\/hideyourkeys.io\/fr\/wp-json\/wp\/v2\/product_brand?post=15819"},{"taxonomy":"product_cat","embeddable":true,"href":"https:\/\/hideyourkeys.io\/fr\/wp-json\/wp\/v2\/product_cat?post=15819"},{"taxonomy":"product_tag","embeddable":true,"href":"https:\/\/hideyourkeys.io\/fr\/wp-json\/wp\/v2\/product_tag?post=15819"}],"curies":[{"name":"wp","href":"https:\/\/api.w.org\/{rel}","templated":true}]}}