{"id":17180,"date":"2025-01-30T21:33:56","date_gmt":"2025-01-30T21:33:56","guid":{"rendered":"https:\/\/hideyourkeys.io\/product\/aluminum-seed-phrase-capsule-m8\/"},"modified":"2025-01-31T09:07:06","modified_gmt":"2025-01-31T09:07:06","slug":"capsule-aluminium-phrase-recuperation-m8","status":"publish","type":"product","link":"https:\/\/hideyourkeys.io\/fr\/produit\/capsule-aluminium-phrase-recuperation-m8\/","title":{"rendered":"Capsule en Aluminium pour Phrase de R\u00e9cup\u00e9ration (M8)"},"content":{"rendered":"<p>Prot\u00e9gez votre phrase de r\u00e9cup\u00e9ration avec la Capsule en Aluminium pour Phrase de R\u00e9cup\u00e9ration (M8), une solution durable et s\u00e9curis\u00e9e con\u00e7ue pour prot\u00e9ger vos mots de r\u00e9cup\u00e9ration. Fabriqu\u00e9e en aluminium de haute qualit\u00e9, cette capsule prot\u00e8ge vos informations sensibles de l\u2019eau, de la corrosion et d\u2019autres menaces pouvant compromettre vos actifs cryptographiques. Chaque capsule peut contenir un ensemble de rondelles m\u00e9talliques grav\u00e9es (M8-24) fabriqu\u00e9es avec notre BitJig M8.<\/p>\n<p>La phrase de r\u00e9cup\u00e9ration doit \u00eatre pr\u00e9alablement estampill\u00e9e sur des rondelles m\u00e9talliques, consultez notre estampeur pour g\u00e9n\u00e9rer une sauvegarde de phrase appropri\u00e9e. Ce produit comprend une vis M8 qui s\u2019adapte \u00e0 24 rondelles (\u00e9galement incluses) et un \u00e9crou. Elles s&rsquo;ins\u00e8rent tous parfaitement dans la capsule. La capsule mesure 100 mm de hauteur et 30 mm de diam\u00e8tre.<\/p>\n<p>Ce produit contient :<\/p>\n<p>Une (1) capsule de rangement en aluminium<br \/>\nJeu de rondelles (25), avec un (1) \u00e9crou et une (1) vis<\/p>\n","protected":false},"excerpt":{"rendered":"<p>Une capsule en aluminium \u00e9tanche et r\u00e9sistante \u00e0 la corrosion con\u00e7ue pour stocker en toute s\u00e9curit\u00e9 votre phrase de r\u00e9cup\u00e9ration crypto.<\/p>\n","protected":false},"featured_media":17163,"comment_status":"open","ping_status":"closed","template":"","meta":{"powered_cache_disable_cache":false,"powered_cache_disable_lazyload":false,"powered_cache_disable_css_optimization":false,"powered_cache_disable_js_optimization":false},"product_brand":[],"product_cat":[278],"product_tag":[293],"class_list":{"0":"post-17180","1":"product","2":"type-product","3":"status-publish","4":"has-post-thumbnail","6":"product_cat-timbres-et-capsules","7":"product_tag-bitcoin-fr","9":"first","10":"instock","11":"taxable","12":"shipping-taxable","13":"purchasable","14":"product-type-variable"},"_links":{"self":[{"href":"https:\/\/hideyourkeys.io\/fr\/wp-json\/wp\/v2\/product\/17180","targetHints":{"allow":["GET"]}}],"collection":[{"href":"https:\/\/hideyourkeys.io\/fr\/wp-json\/wp\/v2\/product"}],"about":[{"href":"https:\/\/hideyourkeys.io\/fr\/wp-json\/wp\/v2\/types\/product"}],"replies":[{"embeddable":true,"href":"https:\/\/hideyourkeys.io\/fr\/wp-json\/wp\/v2\/comments?post=17180"}],"wp:featuredmedia":[{"embeddable":true,"href":"https:\/\/hideyourkeys.io\/fr\/wp-json\/wp\/v2\/media\/17163"}],"wp:attachment":[{"href":"https:\/\/hideyourkeys.io\/fr\/wp-json\/wp\/v2\/media?parent=17180"}],"wp:term":[{"taxonomy":"product_brand","embeddable":true,"href":"https:\/\/hideyourkeys.io\/fr\/wp-json\/wp\/v2\/product_brand?post=17180"},{"taxonomy":"product_cat","embeddable":true,"href":"https:\/\/hideyourkeys.io\/fr\/wp-json\/wp\/v2\/product_cat?post=17180"},{"taxonomy":"product_tag","embeddable":true,"href":"https:\/\/hideyourkeys.io\/fr\/wp-json\/wp\/v2\/product_tag?post=17180"}],"curies":[{"name":"wp","href":"https:\/\/api.w.org\/{rel}","templated":true}]}}