{"id":17632,"date":"2025-02-19T20:21:18","date_gmt":"2025-02-19T20:21:18","guid":{"rendered":"https:\/\/hideyourkeys.io\/?post_type=product&#038;p=17632"},"modified":"2025-09-29T17:27:10","modified_gmt":"2025-09-29T17:27:10","slug":"bitjig-m14","status":"publish","type":"product","link":"https:\/\/hideyourkeys.io\/fr\/produit\/bitjig-m14\/","title":{"rendered":"BitJig M14"},"content":{"rendered":"<p>Le BitJig M14 est un outil utilis\u00e9 pour imprimer une phrase de r\u00e9cup\u00e9ration (vos cl\u00e9s priv\u00e9es ou phrase mn\u00e9motechnique) sur une grande rondelle m\u00e9tallique, pour Bitcoin ou d&rsquo;autres cryptomonnaies, obtenant ainsi une phrase de r\u00e9cup\u00e9ration en acier compact. Cet outil vous permet de cr\u00e9er et de stocker facilement vos cl\u00e9s priv\u00e9es de mani\u00e8re s\u00e9curis\u00e9e et durable. The BitJig M14 is operated manually with a hammer (or a mallet preferably), the tolerances are perfect for a M14-44 washer.<\/p>\n<p>Avec cet outil, vous pouvez avoir confiance en la s\u00e9curit\u00e9 de vos investissements en cryptomonnaie et acc\u00e9der facilement \u00e0 vos cl\u00e9s priv\u00e9es lorsque n\u00e9cessaire. Le BitJig est l&rsquo;alternative parfaite aux produits tels que Billfodl ou Cryptotag pour obtenir votre phrase de r\u00e9cup\u00e9ration en acier compact.<\/p>\n<p>Cet outil de poin\u00e7onnage est con\u00e7u avec un m\u00e9canisme qui maintient la rondelle en place pendant le processus de poin\u00e7onnage, le rendant plus efficace et pr\u00e9cis que d&rsquo;autres solutions. La plateforme de support offre une base stable et robuste pour maintenir l&rsquo;objet pendant l&rsquo;estampillage, \u00e9liminant ainsi le risque de blessure d\u00fb \u00e0 un coup accidentel sur les doigts ou \u00e0 la n\u00e9cessit\u00e9 d&rsquo;appliquer une force excessive. Le design du BitJig permet \u00e9galement une impression plus pr\u00e9cise de la phrase ou du code de r\u00e9cup\u00e9ration choisi, garantissant que les cl\u00e9s priv\u00e9es stock\u00e9es sur la rondelle sont clairement lisibles et faciles \u00e0 lire, obtenant ainsi une phrase de r\u00e9cup\u00e9ration en acier compact.<\/p>\n<p>Ce produit contient :<\/p>\n<ul>\n<li>Un (1) BitJig M14.<\/li>\n<\/ul>\n<p>Le maillet ou le marteau n&rsquo;est pas inclus. Nous recommandons d&rsquo;utiliser un maillet en acier dur d&rsquo;au moins 0,8-1 kg.<\/p>\n<p>Si vous avez besoin d&rsquo;un maillet, jetez un \u0153il \u00e0 notre pack avanc\u00e9.<\/p>\n<p>Pour utiliser le BitJig, les utilisateurs devront disposer de tampons m\u00e9talliques de 6 mm de c\u00f4t\u00e9 pour imprimer leur phrase ou code de r\u00e9cup\u00e9ration choisi sur la rondelle. Consultez notre option de pack de base si vous n&rsquo;avez pas de tampons.<\/p>\n<p>Consultez le <a href=\"https:\/\/hideyourkeys.io\/fr\/produit\/manuel-bitjig\/\">manuel du produit<\/a>.<\/p>\n<p>&nbsp;<\/p>\n<p>&nbsp;<\/p>\n","protected":false},"excerpt":{"rendered":"<p>Le BitJig M14 est un outil utilis\u00e9 pour graver une phrase de r\u00e9cup\u00e9ration (phrase de sauvegarde) sur des rondelles m\u00e9talliques, afin de la stocker en toute s\u00e9curit\u00e9. Obtenez d\u00e8s maintenant votre phrase de r\u00e9cup\u00e9ration en acier compact.<\/p>\n","protected":false},"featured_media":19671,"comment_status":"open","ping_status":"closed","template":"","meta":{"powered_cache_disable_cache":false,"powered_cache_disable_lazyload":false,"powered_cache_disable_css_optimization":false,"powered_cache_disable_js_optimization":false},"product_brand":[],"product_cat":[278],"product_tag":[293,261,262],"class_list":{"0":"post-17632","1":"product","2":"type-product","3":"status-publish","4":"has-post-thumbnail","6":"product_cat-timbres-et-capsules","7":"product_tag-bitcoin-fr","8":"product_tag-stamper-fr","9":"product_tag-stamping-jig-fr","11":"first","12":"instock","13":"taxable","14":"shipping-taxable","15":"purchasable","16":"product-type-simple"},"_links":{"self":[{"href":"https:\/\/hideyourkeys.io\/fr\/wp-json\/wp\/v2\/product\/17632","targetHints":{"allow":["GET"]}}],"collection":[{"href":"https:\/\/hideyourkeys.io\/fr\/wp-json\/wp\/v2\/product"}],"about":[{"href":"https:\/\/hideyourkeys.io\/fr\/wp-json\/wp\/v2\/types\/product"}],"replies":[{"embeddable":true,"href":"https:\/\/hideyourkeys.io\/fr\/wp-json\/wp\/v2\/comments?post=17632"}],"wp:featuredmedia":[{"embeddable":true,"href":"https:\/\/hideyourkeys.io\/fr\/wp-json\/wp\/v2\/media\/19671"}],"wp:attachment":[{"href":"https:\/\/hideyourkeys.io\/fr\/wp-json\/wp\/v2\/media?parent=17632"}],"wp:term":[{"taxonomy":"product_brand","embeddable":true,"href":"https:\/\/hideyourkeys.io\/fr\/wp-json\/wp\/v2\/product_brand?post=17632"},{"taxonomy":"product_cat","embeddable":true,"href":"https:\/\/hideyourkeys.io\/fr\/wp-json\/wp\/v2\/product_cat?post=17632"},{"taxonomy":"product_tag","embeddable":true,"href":"https:\/\/hideyourkeys.io\/fr\/wp-json\/wp\/v2\/product_tag?post=17632"}],"curies":[{"name":"wp","href":"https:\/\/api.w.org\/{rel}","templated":true}]}}