{"id":17701,"date":"2025-02-19T20:51:30","date_gmt":"2025-02-19T20:51:30","guid":{"rendered":"https:\/\/hideyourkeys.io\/?post_type=product&#038;p=17701"},"modified":"2025-07-15T00:00:10","modified_gmt":"2025-07-15T00:00:10","slug":"bitjig-m14-pack-basique","status":"publish","type":"product","link":"https:\/\/hideyourkeys.io\/fr\/produit\/bitjig-m14-pack-basique\/","title":{"rendered":"BitJig M14 Pack Basique"},"content":{"rendered":"<p>Gardez vos cryptomonnaies en s\u00e9curit\u00e9 avec notre solution de stockage tout-en-un. Avec notre pack BitJig M14, votre Bitcoin ou cryptomonnaie est en s\u00e9curit\u00e9. Avec ce pack, vous pouvez avoir confiance dans la s\u00e9curit\u00e9 de vos investissements en cryptomonnaie et acc\u00e9der facilement \u00e0 vos cl\u00e9s priv\u00e9es lorsque cela est n\u00e9cessaire. Le BitJig est l&rsquo;alternative parfaite aux produits tels que BillFodl ou Cryptotag pour stocker votre phrase de r\u00e9cup\u00e9ration Bitcoin compacte sur m\u00e9tal.<\/p>\n<p>Il suffit d&rsquo;apposer votre phrase sur la rondelle, de la ranger dans la capsule et de la conserver en lieu s\u00fbr. La capsule de la rondelle est \u00e9quip\u00e9e d&rsquo;un aimant qui vous permettra de fixer votre capsule \u00e0 toute surface m\u00e9tallique. Visitez notre magasin pour obtenir des capsules et des rondelles suppl\u00e9mentaires afin de cr\u00e9er de nouvelles phrases de semences.<\/p>\n<p>Ce pack contient :<\/p>\n<ul>\n<li>Un (1) BitJig M14<\/li>\n<li>Deux (2) capsules magn\u00e9tiques pour rondelles<\/li>\n<li>Deux (2) rondelles de 44 mm de diam\u00e8tre<\/li>\n<li>Jeu de 36 tampons de haute qualit\u00e9<\/li>\n<\/ul>\n<p>Le maillet ou le marteau n&rsquo;est pas inclus. Nous recommandons d&rsquo;utiliser un maillet en acier dur d&rsquo;au moins 0,8-1 kg.<\/p>\n<p>Si vous avez besoin d&rsquo;un maillet, jetez un \u0153il \u00e0 notre pack avanc\u00e9.<\/p>\n<p>Consultez notre <a href=\"https:\/\/hideyourkeys.io\/fr\/produit\/manuel-bitjig\/\">manuel de produits<\/a> sur les gabarits d&#8217;emboutissage.<\/p>\n","protected":false},"excerpt":{"rendered":"<p>Essayez notre pack BitJig M14 pour graver vos phrases de r\u00e9cup\u00e9ration sur m\u00e9tal.<br \/>\nObtenir un r\u00e9sultat net et fiable. Obtenez votre phrase de r\u00e9cup\u00e9ration Bitcoin compacte.<\/p>\n","protected":false},"featured_media":19706,"comment_status":"open","ping_status":"closed","template":"","meta":{"powered_cache_disable_cache":false,"powered_cache_disable_lazyload":false,"powered_cache_disable_css_optimization":false,"powered_cache_disable_js_optimization":false},"product_brand":[],"product_cat":[270,278],"product_tag":[297,260,309,261,262],"class_list":{"0":"post-17701","1":"product","2":"type-product","3":"status-publish","4":"has-post-thumbnail","6":"product_cat-packs-et-autres","7":"product_cat-timbres-et-capsules","8":"product_tag-bitjig-fr","9":"product_tag-metal-seed-storage-fr","10":"product_tag-portefeuille-metallique-bitcoin","11":"product_tag-stamper-fr","12":"product_tag-stamping-jig-fr","14":"first","15":"instock","16":"sale","17":"featured","18":"taxable","19":"shipping-taxable","20":"purchasable","21":"product-type-variable"},"_links":{"self":[{"href":"https:\/\/hideyourkeys.io\/fr\/wp-json\/wp\/v2\/product\/17701","targetHints":{"allow":["GET"]}}],"collection":[{"href":"https:\/\/hideyourkeys.io\/fr\/wp-json\/wp\/v2\/product"}],"about":[{"href":"https:\/\/hideyourkeys.io\/fr\/wp-json\/wp\/v2\/types\/product"}],"replies":[{"embeddable":true,"href":"https:\/\/hideyourkeys.io\/fr\/wp-json\/wp\/v2\/comments?post=17701"}],"wp:featuredmedia":[{"embeddable":true,"href":"https:\/\/hideyourkeys.io\/fr\/wp-json\/wp\/v2\/media\/19706"}],"wp:attachment":[{"href":"https:\/\/hideyourkeys.io\/fr\/wp-json\/wp\/v2\/media?parent=17701"}],"wp:term":[{"taxonomy":"product_brand","embeddable":true,"href":"https:\/\/hideyourkeys.io\/fr\/wp-json\/wp\/v2\/product_brand?post=17701"},{"taxonomy":"product_cat","embeddable":true,"href":"https:\/\/hideyourkeys.io\/fr\/wp-json\/wp\/v2\/product_cat?post=17701"},{"taxonomy":"product_tag","embeddable":true,"href":"https:\/\/hideyourkeys.io\/fr\/wp-json\/wp\/v2\/product_tag?post=17701"}],"curies":[{"name":"wp","href":"https:\/\/api.w.org\/{rel}","templated":true}]}}