{"id":17793,"date":"2025-02-23T17:04:42","date_gmt":"2025-02-23T17:04:42","guid":{"rendered":"https:\/\/hideyourkeys.io\/?post_type=product&#038;p=17793"},"modified":"2025-02-23T17:39:03","modified_gmt":"2025-02-23T17:39:03","slug":"krux","status":"publish","type":"product","link":"https:\/\/hideyourkeys.io\/fr\/produit\/krux\/","title":{"rendered":"Krux Wallet"},"content":{"rendered":"<p>Krux est un portefeuille mat\u00e9riel open-source con\u00e7u pour une gestion s\u00e9curis\u00e9e des Bitcoins. Le portefeuille mat\u00e9riel Krux fonctionne hors ligne, permettant aux utilisateurs de g\u00e9n\u00e9rer et signer des transactions sans exposer les cl\u00e9s priv\u00e9es aux menaces en ligne. Son design minimaliste et son firmware auditable garantissent une solution de s\u00e9curit\u00e9 fiable et v\u00e9rifiable.  <\/p>\n<div class=\"flex max-w-full flex-col flex-grow\">\n<div class=\"min-h-8 text-message flex w-full flex-col items-end gap-2 whitespace-normal break-words text-start [.text-message+&amp;]:mt-5\" dir=\"auto\" data-message-author-role=\"assistant\" data-message-id=\"4021c7ea-7af2-49a9-9b99-ff2aeb3090ca\" data-message-model-slug=\"gpt-4o\">\n<div class=\"flex w-full flex-col gap-1 empty:hidden first:pt-[3px]\">\n<div class=\"markdown prose w-full break-words dark:prose-invert dark\">\n<p data-start=\"0\" data-end=\"448\" data-is-last-node=\"\" data-is-only-node=\"\">Nous proposons deux options. Vous pouvez acheter <strong data-start=\"117\" data-end=\"145\">le portefeuille mat\u00e9riel complet<\/strong>, enti\u00e8rement assembl\u00e9 et pr\u00eat \u00e0 l&#8217;emploi avec toutes les fonctionnalit\u00e9s de Krux, <strong data-start=\"216\" data-end=\"245\">ou seulement le bo\u00eetier arri\u00e8re <\/strong>pour un Wonder MV, sp\u00e9cifiquement con\u00e7u pour cet appareil, avec le symbole Krux imprim\u00e9 en 3D dessus. <\/p>\n<\/div>\n<\/div>\n<\/div>\n<\/div>\n<p><strong>Principales caract\u00e9ristiques<\/strong><\/p>\n<ul>\n<li data-start=\"50\" data-end=\"115\"><strong data-start=\"52\" data-end=\"68\">Open-source : <\/strong>Transparent et v\u00e9rifiable par la communaut\u00e9.<\/li>\n<li data-start=\"116\" data-end=\"204\"><strong data-start=\"118\" data-end=\"139\">Enti\u00e8rement isol\u00e9 : <\/strong>Fonctionne sans connexion Internet pour une s\u00e9curit\u00e9 accrue.<\/li>\n<li data-start=\"205\" data-end=\"301\"><strong data-start=\"207\" data-end=\"254\">Signature et g\u00e9n\u00e9ration de transactions hors ligne : <\/strong>Prot\u00e8ge les cl\u00e9s priv\u00e9es contre les menaces en ligne.<\/li>\n<li data-start=\"302\" data-end=\"379\"><strong data-start=\"304\" data-end=\"340\">Compatibilit\u00e9 avec les standards Bitcoin :<\/strong> Supporte BIP-39, BIP-32 et BIP-85.<\/li>\n<li data-start=\"380\" data-end=\"433\"><strong data-start=\"382\" data-end=\"407\">Interface minimaliste : <\/strong>Simple et facile \u00e0 utiliser.<\/li>\n<li data-start=\"434\" data-end=\"512\"><strong data-start=\"436\" data-end=\"459\">Firmware auditable :<\/strong> Peut \u00eatre revu, modifi\u00e9 et v\u00e9rifi\u00e9 par n&rsquo;importe qui.<\/li>\n<li data-start=\"513\" data-end=\"597\"><strong data-start=\"515\" data-end=\"553\">Supporte plusieurs formats d&rsquo;adresse : <\/strong>Inclut SegWit natif (bech32) et plus encore.<\/li>\n<li data-start=\"598\" data-end=\"689\"><strong data-start=\"600\" data-end=\"626\">Options de sauvegarde s\u00e9curis\u00e9es : <\/strong>Compatible avec les phrases de r\u00e9cup\u00e9ration et autres m\u00e9thodes de s\u00e9curit\u00e9.<\/li>\n<\/ul>\n<p>Prenez le contr\u00f4le total de la s\u00e9curit\u00e9 de votre Bitcoin avec le portefeuille mat\u00e9riel Krux et prot\u00e9gez vos fonds en toute confiance.<\/p>\n","protected":false},"excerpt":{"rendered":"<p>Krux est un portefeuille mat\u00e9riel open-source con\u00e7u pour une gestion s\u00e9curis\u00e9e des Bitcoins. Le portefeuille mat\u00e9riel Krux fonctionne hors ligne, permettant aux utilisateurs de g\u00e9n\u00e9rer et signer des transactions sans exposer les cl\u00e9s priv\u00e9es aux menaces en ligne. Son design minimaliste et son firmware auditable garantissent une solution de s\u00e9curit\u00e9 fiable et v\u00e9rifiable.  <\/p>\n","protected":false},"featured_media":17835,"comment_status":"open","ping_status":"closed","template":"","meta":{"powered_cache_disable_cache":false,"powered_cache_disable_lazyload":false,"powered_cache_disable_css_optimization":false,"powered_cache_disable_js_optimization":false},"product_brand":[],"product_cat":[270],"product_tag":[293,771],"class_list":{"0":"post-17793","1":"product","2":"type-product","3":"status-publish","4":"has-post-thumbnail","6":"product_cat-packs-et-autres","7":"product_tag-bitcoin-fr","8":"product_tag-seedsigner-fr","9":"pa_color-noir","11":"first","12":"instock","13":"taxable","14":"shipping-taxable","15":"purchasable","16":"product-type-variable"},"_links":{"self":[{"href":"https:\/\/hideyourkeys.io\/fr\/wp-json\/wp\/v2\/product\/17793","targetHints":{"allow":["GET"]}}],"collection":[{"href":"https:\/\/hideyourkeys.io\/fr\/wp-json\/wp\/v2\/product"}],"about":[{"href":"https:\/\/hideyourkeys.io\/fr\/wp-json\/wp\/v2\/types\/product"}],"replies":[{"embeddable":true,"href":"https:\/\/hideyourkeys.io\/fr\/wp-json\/wp\/v2\/comments?post=17793"}],"wp:featuredmedia":[{"embeddable":true,"href":"https:\/\/hideyourkeys.io\/fr\/wp-json\/wp\/v2\/media\/17835"}],"wp:attachment":[{"href":"https:\/\/hideyourkeys.io\/fr\/wp-json\/wp\/v2\/media?parent=17793"}],"wp:term":[{"taxonomy":"product_brand","embeddable":true,"href":"https:\/\/hideyourkeys.io\/fr\/wp-json\/wp\/v2\/product_brand?post=17793"},{"taxonomy":"product_cat","embeddable":true,"href":"https:\/\/hideyourkeys.io\/fr\/wp-json\/wp\/v2\/product_cat?post=17793"},{"taxonomy":"product_tag","embeddable":true,"href":"https:\/\/hideyourkeys.io\/fr\/wp-json\/wp\/v2\/product_tag?post=17793"}],"curies":[{"name":"wp","href":"https:\/\/api.w.org\/{rel}","templated":true}]}}