{"id":17861,"date":"2025-02-23T19:55:37","date_gmt":"2025-02-23T19:55:37","guid":{"rendered":"https:\/\/hideyourkeys.io\/?post_type=product&#038;p=17861"},"modified":"2025-03-23T14:49:45","modified_gmt":"2025-03-23T14:49:45","slug":"capsule-magnetique-phrase-de-recuperation-m14","status":"publish","type":"product","link":"https:\/\/hideyourkeys.io\/fr\/produit\/capsule-magnetique-phrase-de-recuperation-m14\/","title":{"rendered":"Capsule magn\u00e9tique pour phrase de r\u00e9cup\u00e9ration (M14)"},"content":{"rendered":"<p>Ces capsules sont con\u00e7ues pour stocker en toute s\u00e9curit\u00e9 vos pr\u00e9cieuses phrases de r\u00e9cup\u00e9ration Bitcoin ou d&rsquo;autres crypto-monnaies, garantissant qu&rsquo;elles restent en s\u00e9curit\u00e9 et prot\u00e9g\u00e9es. La capsule pour rondelles de crypto est \u00e9galement con\u00e7ue de mani\u00e8re pratique pour \u00eatre petite et compacte, ce qui la rend facile \u00e0 transporter partout avec vous.<\/p>\n<p>Chaque capsule peut contenir une grande rondelle en m\u00e9tal (M14-44) fabriqu\u00e9e avec notre BitJig M14, affichant votre phrase de r\u00e9cup\u00e9ration Bitcoin ou crypto, offrant ainsi une couche suppl\u00e9mentaire de protection contre les acc\u00e8s non autoris\u00e9s. Cette fonction garantit que vos pr\u00e9cieux actifs en bitcoins sont s\u00e9curis\u00e9s et prot\u00e9g\u00e9s \u00e0 tout moment.<\/p>\n<p>Les capsules magn\u00e9tiques sont le moyen id\u00e9al pour dissimuler vos grandes rondelles de 44 mm de diam\u00e8tre ; vous pouvez les fixer \u00e0 toute surface m\u00e9tallique. C&rsquo;est la capsule parfaite pour les rondelles Bitcoin.<\/p>\n<p>Ce produit contient :<\/p>\n<ul>\n<li>Deux (2) capsules magn\u00e9tiques<\/li>\n<li>Deux (2) rondelles de 44 mm de diam\u00e8tre<\/li>\n<\/ul>\n","protected":false},"excerpt":{"rendered":"<p>Capsule magn\u00e9tique pour stocker une phrase de r\u00e9cup\u00e9ration grav\u00e9e sur m\u00e9tal. Capsule pour rondelles Bitcoin.<\/p>\n","protected":false},"featured_media":18194,"comment_status":"open","ping_status":"closed","template":"","meta":{"powered_cache_disable_cache":false,"powered_cache_disable_lazyload":false,"powered_cache_disable_css_optimization":false,"powered_cache_disable_js_optimization":false},"product_brand":[],"product_cat":[270,278],"product_tag":[395,301],"class_list":{"0":"post-17861","1":"product","2":"type-product","3":"status-publish","4":"has-post-thumbnail","6":"product_cat-packs-et-autres","7":"product_cat-timbres-et-capsules","8":"product_tag-cacher-lexpression-de-la-graine","9":"product_tag-capsule-fr","10":"pa_color-blanc","11":"pa_color-gris-fr","12":"pa_color-noir","14":"first","15":"instock","16":"taxable","17":"shipping-taxable","18":"purchasable","19":"product-type-variable"},"_links":{"self":[{"href":"https:\/\/hideyourkeys.io\/fr\/wp-json\/wp\/v2\/product\/17861","targetHints":{"allow":["GET"]}}],"collection":[{"href":"https:\/\/hideyourkeys.io\/fr\/wp-json\/wp\/v2\/product"}],"about":[{"href":"https:\/\/hideyourkeys.io\/fr\/wp-json\/wp\/v2\/types\/product"}],"replies":[{"embeddable":true,"href":"https:\/\/hideyourkeys.io\/fr\/wp-json\/wp\/v2\/comments?post=17861"}],"wp:featuredmedia":[{"embeddable":true,"href":"https:\/\/hideyourkeys.io\/fr\/wp-json\/wp\/v2\/media\/18194"}],"wp:attachment":[{"href":"https:\/\/hideyourkeys.io\/fr\/wp-json\/wp\/v2\/media?parent=17861"}],"wp:term":[{"taxonomy":"product_brand","embeddable":true,"href":"https:\/\/hideyourkeys.io\/fr\/wp-json\/wp\/v2\/product_brand?post=17861"},{"taxonomy":"product_cat","embeddable":true,"href":"https:\/\/hideyourkeys.io\/fr\/wp-json\/wp\/v2\/product_cat?post=17861"},{"taxonomy":"product_tag","embeddable":true,"href":"https:\/\/hideyourkeys.io\/fr\/wp-json\/wp\/v2\/product_tag?post=17861"}],"curies":[{"name":"wp","href":"https:\/\/api.w.org\/{rel}","templated":true}]}}