{"id":18709,"date":"2025-08-23T08:39:58","date_gmt":"2025-08-23T08:39:58","guid":{"rendered":"https:\/\/hideyourkeys.io\/?post_type=product&#038;p=18709"},"modified":"2025-08-23T18:15:25","modified_gmt":"2025-08-23T18:15:25","slug":"plant-pot-safe-mini","status":"publish","type":"product","link":"https:\/\/hideyourkeys.io\/fr\/produit\/plant-pot-safe-mini\/","title":{"rendered":"Pot de Plante Coffre Mini (M14)"},"content":{"rendered":"<p>Si vous aimez les plantes et la technologie, nous avons le produit id\u00e9al pour vous ! D\u00e9couvrez notre nouvelle \u00e9dition mini du pot de plante succulente artificielle coffre, qui vous permet de conserver votre phrase de r\u00e9cup\u00e9ration r\u00e9alis\u00e9e avec le BitJig M14 dans un petit contenant discret.<\/p>\n<p>Notre pot est con\u00e7u pour garder votre phrase de r\u00e9cup\u00e9ration Bitcoin, r\u00e9alis\u00e9e avec nos <a href=\"https:\/\/hideyourkeys.io\/fr\/produit\/bitjig-m8-pack-basique\/\"> poin\u00e7ons<\/a>, en s\u00e9curit\u00e9 et dissimul\u00e9e \u00e0 l\u2019int\u00e9rieur gr\u00e2ce \u00e0 un compartiment de rangement sp\u00e9cialement con\u00e7u. Il est pr\u00e9vu pour \u00eatre utilis\u00e9 avec des rondelles de 44 mm fabriqu\u00e9es avec le BitJig M14. <\/p>\n<p>En plus d\u2019\u00eatre un excellent moyen de cacher votre phrase de r\u00e9cup\u00e9ration, notre pot est aussi une belle pi\u00e8ce d\u00e9corative pour votre maison ou votre bureau. Avec son design moderne et \u00e9l\u00e9gant, il est parfait pour embellir n&rsquo;importe quel espace.<\/p>\n<p>Ce pot de rangement est parfait pour ranger votre propre phrase de r\u00e9cup\u00e9ration faite de rondelles estamp\u00e9es fabriqu\u00e9es avec nos tampons.<\/p>\n<p>Ce produit contient :<\/p>\n<ul>\n<li>Un (1) pot de succulentes<\/li>\n<li>Deux rondelles M14 compatibles avec le BitJig M14<\/li>\n<\/ul>\n<p>Consultez notre <a href=\"https:\/\/hideyourkeys.io\/fr\/produit\/manuel-pot-de-plante-coffre\/<br \/>\u00ab\u00a0>manuel d&rsquo;utilisation<\/a> avant d&rsquo;acheter.<\/p>\n","protected":false},"excerpt":{"rendered":"<p>Plante succulente artificielle de petite taille pour cacher vos cl\u00e9s. Stockez phrase de r\u00e9cup\u00e9ration.<\/p>\n","protected":false},"featured_media":19014,"comment_status":"open","ping_status":"closed","template":"","meta":{"powered_cache_disable_cache":false,"powered_cache_disable_lazyload":false,"powered_cache_disable_css_optimization":false,"powered_cache_disable_js_optimization":false},"product_brand":[],"product_cat":[274],"product_tag":[395,402,313],"class_list":{"0":"post-18709","1":"product","2":"type-product","3":"status-publish","4":"has-post-thumbnail","6":"product_cat-pots-de-fleurs-et-vases","7":"product_tag-cacher-lexpression-de-la-graine","8":"product_tag-pot-de-succulentes-mini","9":"product_tag-pot-factice","10":"pa_color-beige-fr","11":"pa_color-blanc","12":"pa_color-granit","13":"pa_color-gris-fr","14":"pa_color-noir","15":"pa_style-pics","16":"pa_style-zigzag-fr","18":"first","19":"instock","20":"taxable","21":"shipping-taxable","22":"purchasable","23":"product-type-variable"},"_links":{"self":[{"href":"https:\/\/hideyourkeys.io\/fr\/wp-json\/wp\/v2\/product\/18709","targetHints":{"allow":["GET"]}}],"collection":[{"href":"https:\/\/hideyourkeys.io\/fr\/wp-json\/wp\/v2\/product"}],"about":[{"href":"https:\/\/hideyourkeys.io\/fr\/wp-json\/wp\/v2\/types\/product"}],"replies":[{"embeddable":true,"href":"https:\/\/hideyourkeys.io\/fr\/wp-json\/wp\/v2\/comments?post=18709"}],"wp:featuredmedia":[{"embeddable":true,"href":"https:\/\/hideyourkeys.io\/fr\/wp-json\/wp\/v2\/media\/19014"}],"wp:attachment":[{"href":"https:\/\/hideyourkeys.io\/fr\/wp-json\/wp\/v2\/media?parent=18709"}],"wp:term":[{"taxonomy":"product_brand","embeddable":true,"href":"https:\/\/hideyourkeys.io\/fr\/wp-json\/wp\/v2\/product_brand?post=18709"},{"taxonomy":"product_cat","embeddable":true,"href":"https:\/\/hideyourkeys.io\/fr\/wp-json\/wp\/v2\/product_cat?post=18709"},{"taxonomy":"product_tag","embeddable":true,"href":"https:\/\/hideyourkeys.io\/fr\/wp-json\/wp\/v2\/product_tag?post=18709"}],"curies":[{"name":"wp","href":"https:\/\/api.w.org\/{rel}","templated":true}]}}