{"id":19325,"date":"2025-12-13T14:16:51","date_gmt":"2025-12-13T14:16:51","guid":{"rendered":"https:\/\/hideyourkeys.io\/product\/poincons-acier-lettres-chiffres\/"},"modified":"2025-12-13T14:32:18","modified_gmt":"2025-12-13T14:32:18","slug":"poincons-acier-lettres-chiffres","status":"publish","type":"product","link":"https:\/\/hideyourkeys.io\/fr\/produit\/poincons-acier-lettres-chiffres\/","title":{"rendered":"Poingons d&rsquo;Acier de Lettres et Chiffres"},"content":{"rendered":"<p>Prot\u00e9gez votre Bitcoin ou crypto avec ce jeu de poin\u00e7ons en acier pour lettres et chiffres d&rsquo;une pr\u00e9cision sup\u00e9rieure. Con\u00e7us pour graver votre phrase de r\u00e9cup\u00e9ration BIP39 sur des rondelles m\u00e9talliques, ils sont enti\u00e8rement compatibles avec tous les mod\u00e8les BitJig pour un estampage parfaitement align\u00e9. <\/p>\n<p>Ce jeu de 36 pi\u00e8ces contient l&rsquo;int\u00e9gralit\u00e9 de l&rsquo;alphabet (de A \u00e0 Z), tous les chiffres de 0 \u00e0 9 (avec un seul poin\u00e7on r\u00e9versible pour le 6 et le 9), ainsi que le symbole esperluette (&amp;). Il fournit chaque caract\u00e8re n\u00e9cessaire pour estamper toute phrase de r\u00e9cup\u00e9ration standard de 12 ou 24 mots et ajouter des \u00e9tiquettes ou identifiants personnalis\u00e9s. <\/p>\n<p>Fabriqu\u00e9s en acier \u00e0 outil tremp\u00e9, chaque poin\u00e7on poss\u00e8de une queue standard de 6 mm et un caract\u00e8re de 4 mm de hauteur pour des impressions nettes et durables. Cr\u00e9ez une sauvegarde ignifuge et \u00e9tanche avec une s\u00e9curit\u00e9 totale, en conservant un contr\u00f4le et une confidentialit\u00e9 absolus du d\u00e9but \u00e0 la fin. <\/p>\n","protected":false},"excerpt":{"rendered":"<p>Prot\u00e9gez votre Bitcoin ou crypto avec ce jeu de poin\u00e7ons en acier pour lettres et chiffres d&rsquo;une pr\u00e9cision sup\u00e9rieure. Con\u00e7us pour graver votre phrase de r\u00e9cup\u00e9ration BIP39 sur des rondelles m\u00e9talliques, ils sont enti\u00e8rement compatibles avec tous les mod\u00e8les BitJig pour un estampage parfaitement align\u00e9. <\/p>\n","protected":false},"featured_media":19320,"comment_status":"open","ping_status":"closed","template":"","meta":{"powered_cache_disable_cache":false,"powered_cache_disable_lazyload":false,"powered_cache_disable_css_optimization":false,"powered_cache_disable_js_optimization":false},"product_brand":[],"product_cat":[278],"product_tag":[293,261,262],"class_list":{"0":"post-19325","1":"product","2":"type-product","3":"status-publish","4":"has-post-thumbnail","6":"product_cat-timbres-et-capsules","7":"product_tag-bitcoin-fr","8":"product_tag-stamper-fr","9":"product_tag-stamping-jig-fr","11":"first","12":"instock","13":"taxable","14":"shipping-taxable","15":"purchasable","16":"product-type-simple"},"_links":{"self":[{"href":"https:\/\/hideyourkeys.io\/fr\/wp-json\/wp\/v2\/product\/19325","targetHints":{"allow":["GET"]}}],"collection":[{"href":"https:\/\/hideyourkeys.io\/fr\/wp-json\/wp\/v2\/product"}],"about":[{"href":"https:\/\/hideyourkeys.io\/fr\/wp-json\/wp\/v2\/types\/product"}],"replies":[{"embeddable":true,"href":"https:\/\/hideyourkeys.io\/fr\/wp-json\/wp\/v2\/comments?post=19325"}],"wp:featuredmedia":[{"embeddable":true,"href":"https:\/\/hideyourkeys.io\/fr\/wp-json\/wp\/v2\/media\/19320"}],"wp:attachment":[{"href":"https:\/\/hideyourkeys.io\/fr\/wp-json\/wp\/v2\/media?parent=19325"}],"wp:term":[{"taxonomy":"product_brand","embeddable":true,"href":"https:\/\/hideyourkeys.io\/fr\/wp-json\/wp\/v2\/product_brand?post=19325"},{"taxonomy":"product_cat","embeddable":true,"href":"https:\/\/hideyourkeys.io\/fr\/wp-json\/wp\/v2\/product_cat?post=19325"},{"taxonomy":"product_tag","embeddable":true,"href":"https:\/\/hideyourkeys.io\/fr\/wp-json\/wp\/v2\/product_tag?post=19325"}],"curies":[{"name":"wp","href":"https:\/\/api.w.org\/{rel}","templated":true}]}}