{"id":5249,"date":"2023-09-03T17:59:30","date_gmt":"2023-09-03T17:59:30","guid":{"rendered":"https:\/\/hideyourkeys.io\/product\/etui-magnetique-pour-portefeuille-materiel\/"},"modified":"2024-11-12T08:03:56","modified_gmt":"2024-11-12T08:03:56","slug":"etui-magnetique-pour-cacher-le-porte-materiel","status":"publish","type":"product","link":"https:\/\/hideyourkeys.io\/fr\/produit\/etui-magnetique-pour-cacher-le-porte-materiel\/","title":{"rendered":"\u00c9tui magn\u00e9tique pour portefeuille mat\u00e9riel"},"content":{"rendered":"<div class=\"flex flex-grow flex-col gap-3 max-w-full\">\n<div class=\"min-h-[20px] flex flex-col items-start gap-3 overflow-x-auto whitespace-pre-wrap break-words\">\n<div class=\"markdown prose w-full break-words dark:prose-invert light\">\n<p>Pr\u00e9sentation de notre nouvel \u00e9tui magn\u00e9tique pour cacher le portefeuille mat\u00e9riel, votre cachette de portefeuille mat\u00e9riel pr\u00e9f\u00e9r\u00e9e ! Cet \u00e9tui est con\u00e7u avec des aimants \u00e0 l\u2019arri\u00e8re, ce qui vous permet de cacher en toute s\u00e9curit\u00e9 votre appareil derri\u00e8re ou sous n\u2019importe quelle surface m\u00e9tallique. Cet \u00e9tui garantit que votre appareil pr\u00e9f\u00e9r\u00e9 reste cach\u00e9 tout en restant facilement r\u00e9cup\u00e9rable, de sorte que vous n\u2019oublierez jamais o\u00f9 il se trouve.  <\/p>\n<p>Ce produit contient :<\/p>\n<ul>\n<li>Un \u00e9tui magn\u00e9tique pour un portefeuille mat\u00e9riel de votre choix<\/li>\n<\/ul>\n<p><strong>REMARQUE :<\/strong> le dispositif de porte-monnaie n&rsquo;est pas inclus.<\/p>\n<\/div>\n<\/div>\n<\/div>\n","protected":false},"excerpt":{"rendered":"<p>\u00c9tui pour cacher le portefeuille mat\u00e9riel, con\u00e7u avec des aimants \u00e0 l\u2019arri\u00e8re, vous permettant de cacher en toute s\u00e9curit\u00e9 votre appareil derri\u00e8re ou sous n\u2019importe quelle surface m\u00e9tallique.<\/p>\n","protected":false},"featured_media":15089,"comment_status":"open","ping_status":"closed","template":"","meta":{"powered_cache_disable_cache":false,"powered_cache_disable_lazyload":false,"powered_cache_disable_css_optimization":false,"powered_cache_disable_js_optimization":false},"product_brand":[],"product_cat":[270],"product_tag":[292,291],"class_list":{"0":"post-5249","1":"product","2":"type-product","3":"status-publish","4":"has-post-thumbnail","6":"product_cat-packs-et-autres","7":"product_tag-cacher-hardware-wallet","8":"product_tag-hardware-wallet-fr","9":"pa_color-blanc","10":"pa_color-gris-fr","11":"pa_color-noir","13":"first","14":"instock","15":"taxable","16":"shipping-taxable","17":"purchasable","18":"product-type-variable"},"_links":{"self":[{"href":"https:\/\/hideyourkeys.io\/fr\/wp-json\/wp\/v2\/product\/5249","targetHints":{"allow":["GET"]}}],"collection":[{"href":"https:\/\/hideyourkeys.io\/fr\/wp-json\/wp\/v2\/product"}],"about":[{"href":"https:\/\/hideyourkeys.io\/fr\/wp-json\/wp\/v2\/types\/product"}],"replies":[{"embeddable":true,"href":"https:\/\/hideyourkeys.io\/fr\/wp-json\/wp\/v2\/comments?post=5249"}],"wp:featuredmedia":[{"embeddable":true,"href":"https:\/\/hideyourkeys.io\/fr\/wp-json\/wp\/v2\/media\/15089"}],"wp:attachment":[{"href":"https:\/\/hideyourkeys.io\/fr\/wp-json\/wp\/v2\/media?parent=5249"}],"wp:term":[{"taxonomy":"product_brand","embeddable":true,"href":"https:\/\/hideyourkeys.io\/fr\/wp-json\/wp\/v2\/product_brand?post=5249"},{"taxonomy":"product_cat","embeddable":true,"href":"https:\/\/hideyourkeys.io\/fr\/wp-json\/wp\/v2\/product_cat?post=5249"},{"taxonomy":"product_tag","embeddable":true,"href":"https:\/\/hideyourkeys.io\/fr\/wp-json\/wp\/v2\/product_tag?post=5249"}],"curies":[{"name":"wp","href":"https:\/\/api.w.org\/{rel}","templated":true}]}}