{"id":5386,"date":"2023-08-23T22:46:56","date_gmt":"2023-08-23T22:46:56","guid":{"rendered":"https:\/\/hideyourkeys.io\/product\/pot-de-succulentes-securise\/"},"modified":"2025-02-07T21:30:00","modified_gmt":"2025-02-07T21:30:00","slug":"pot-coffre-plus","status":"publish","type":"product","link":"https:\/\/hideyourkeys.io\/fr\/produit\/pot-coffre-plus\/","title":{"rendered":"Pot de plante coffre Plus"},"content":{"rendered":"<p>Si vous aimez les plantes et la technologie, nous avons le produit id\u00e9al pour vous ! D\u00e9couvrez notre nouveau Pot de Plante Coffre Plus avec une touche technologique \u2013 vous pouvez y cacher votre phrase de r\u00e9cup\u00e9ration !<\/p>\n<p>Notre Pot de Plante Coffre Plus est con\u00e7u pour garder votre phrase de r\u00e9cup\u00e9ration Bitcoin en s\u00e9curit\u00e9 et cach\u00e9e \u00e0 l&rsquo;int\u00e9rieur, gr\u00e2ce \u00e0 un compartiment de stockage sp\u00e9cialement con\u00e7u. Cachez des dispositifs Cryptosteel et d&rsquo;autres alternatives. Vous pouvez \u00e9galement stocker diff\u00e9rents types de portefeuilles mat\u00e9riels comme Ledger, BitBox, Jade, Trezor et bien d&rsquo;autres au fond du pot.<\/p>\n<p>De plus, sous le couvercle inf\u00e9rieur, le compartiment de stockage du portefeuille mat\u00e9riel peut \u00eatre soulev\u00e9 pour r\u00e9v\u00e9ler un compartiment cach\u00e9 pour de l&rsquo;argent ou des documents. Il peut \u00eatre utilis\u00e9 pour indiquer une phrase de passe ou un indice li\u00e9 \u00e0 votre phrase de r\u00e9cup\u00e9ration. Cela ajoute une couche suppl\u00e9mentaire de s\u00e9curit\u00e9 et de commodit\u00e9 pour le stockage de vos crypto-monnaies.<\/p>\n<p>Avec son design moderne et \u00e9l\u00e9gant, il est parfait pour d\u00e9corer n&rsquo;importe quel espace.<\/p>\n<p>Ce pot succulent est parfait pour ranger votre propre phrase de r\u00e9cup\u00e9ration et votre portefeuille mat\u00e9riel.<\/p>\n<p>En r\u00e9sum\u00e9, notre pot de succulentes artificielles est la combinaison parfaite de la technologie et de la nature. C&rsquo;est le cadeau id\u00e9al pour vous ou pour toute personne qui aime les plantes et les crypto-monnaies. Passez votre commande d\u00e8s maintenant et prot\u00e9gez vos crypto-monnaies avec style !<\/p>\n<p>Ce produit contient :<\/p>\n<ul>\n<li>Un (1) pot de succulentes coffre-fort Plus<\/li>\n<\/ul>\n<p><strong data-redactor-tag=\"strong\">NOTE: <\/strong>Ce produit n\u2019inclut pas de portefeuille mat\u00e9riel ou de dispositif de sauvegarde, l\u2019option de personnalisation est demand\u00e9e pour fournir le mod\u00e8le ad\u00e9quat \u00e0 votre choix.<\/p>\n<p>Consultez le <a href=\"https:\/\/hideyourkeys.io\/fr\/produit\/manuel-pot-de-plante-coffre\/\">manuel du<\/a> produit.<\/p>\n","protected":false},"excerpt":{"rendered":"<p>Pot succulent sans danger pour cacher vos cl\u00e9s. Cachez les appareils cryptosteel et autres alternatives.<\/p>\n","protected":false},"featured_media":13183,"comment_status":"open","ping_status":"closed","template":"","meta":{"powered_cache_disable_cache":false,"powered_cache_disable_lazyload":false,"powered_cache_disable_css_optimization":false,"powered_cache_disable_js_optimization":false},"product_brand":[],"product_cat":[274],"product_tag":[395,401,313],"class_list":{"0":"post-5386","1":"product","2":"type-product","3":"status-publish","4":"has-post-thumbnail","6":"product_cat-pots-de-fleurs-et-vases","7":"product_tag-cacher-lexpression-de-la-graine","8":"product_tag-pot-de-succulentes","9":"product_tag-pot-factice","10":"pa_color-beige-fr","11":"pa_color-blanc","12":"pa_color-granit","13":"pa_color-gris-fr","14":"pa_color-noir","15":"pa_style-pics","16":"pa_style-zigzag-fr","18":"first","19":"instock","20":"taxable","21":"shipping-taxable","22":"purchasable","23":"product-type-variable"},"_links":{"self":[{"href":"https:\/\/hideyourkeys.io\/fr\/wp-json\/wp\/v2\/product\/5386","targetHints":{"allow":["GET"]}}],"collection":[{"href":"https:\/\/hideyourkeys.io\/fr\/wp-json\/wp\/v2\/product"}],"about":[{"href":"https:\/\/hideyourkeys.io\/fr\/wp-json\/wp\/v2\/types\/product"}],"replies":[{"embeddable":true,"href":"https:\/\/hideyourkeys.io\/fr\/wp-json\/wp\/v2\/comments?post=5386"}],"wp:featuredmedia":[{"embeddable":true,"href":"https:\/\/hideyourkeys.io\/fr\/wp-json\/wp\/v2\/media\/13183"}],"wp:attachment":[{"href":"https:\/\/hideyourkeys.io\/fr\/wp-json\/wp\/v2\/media?parent=5386"}],"wp:term":[{"taxonomy":"product_brand","embeddable":true,"href":"https:\/\/hideyourkeys.io\/fr\/wp-json\/wp\/v2\/product_brand?post=5386"},{"taxonomy":"product_cat","embeddable":true,"href":"https:\/\/hideyourkeys.io\/fr\/wp-json\/wp\/v2\/product_cat?post=5386"},{"taxonomy":"product_tag","embeddable":true,"href":"https:\/\/hideyourkeys.io\/fr\/wp-json\/wp\/v2\/product_tag?post=5386"}],"curies":[{"name":"wp","href":"https:\/\/api.w.org\/{rel}","templated":true}]}}