{"id":5508,"date":"2023-08-19T22:22:52","date_gmt":"2023-08-19T22:22:52","guid":{"rendered":"https:\/\/hideyourkeys.io\/product\/pot-de-succulentes-securise-mini\/"},"modified":"2025-05-21T15:22:14","modified_gmt":"2025-05-21T15:22:14","slug":"pot-coffre","status":"publish","type":"product","link":"https:\/\/hideyourkeys.io\/fr\/produit\/pot-coffre\/","title":{"rendered":"Pot de plante coffre"},"content":{"rendered":"<p>Si vous aimez les plantes et la technologie, nous avons le produit id\u00e9al pour vous ! Voici notre nouvelle \u00e9dition s\u00fbre pour succulentes artificielles, qui vous permet de conserver votre phrase secr\u00e8te et\/ou votre portefeuille mat\u00e9riel dans un r\u00e9cipient de petite taille. Notre pot est con\u00e7u pour garder votre phrase de r\u00e9cup\u00e9ration Bitcoin r\u00e9alis\u00e9e avec nos <a href=\"https:\/\/hideyourkeys.io\/fr\/produit\/bitjig-m8-pack-basique\/\">tampons<\/a> en s\u00e9curit\u00e9 et cach\u00e9e \u00e0 l\u2019int\u00e9rieur, gr\u00e2ce au compartiment de rangement sp\u00e9cialement con\u00e7u \u00e0 l\u2019int\u00e9rieur. Et pour garder vos crypto-monnaies encore plus s\u00e9curis\u00e9es, vous pouvez stocker diff\u00e9rents types de portefeuilles mat\u00e9riels comme Ledger, BitBox, Jade, Trezor. En plus d\u2019\u00eatre un excellent moyen de cacher votre phrase de r\u00e9cup\u00e9ration, notre pot est \u00e9galement une belle pi\u00e8ce d\u00e9corative pour votre maison ou votre bureau.    Avec son design moderne et \u00e9l\u00e9gant, il est parfait pour embellir n&rsquo;importe quel espace. Ce pot de rangement est parfait pour ranger votre propre phrase de r\u00e9cup\u00e9ration faite de rondelles estamp\u00e9es fabriqu\u00e9es avec nos tampons. Ce produit contient : <\/p>\n<ul>\n<li>Un (1) pot de succulentes<\/li>\n<li>Un jeu de rondelles (25 rondelles) avec une (1) vis et un (1) \u00e9crou<\/li>\n<\/ul>\n<p> Consultez notre <a href=\"https:\/\/hideyourkeys.io\/fr\/produit\/manuel-pot-de-plante-coffre\/\">manuel<\/a> d&rsquo;utilisation avant d&rsquo;acheter.<\/p>\n","protected":false},"excerpt":{"rendered":"<p>Plante succulente artificielle de petite taille pour cacher vos cl\u00e9s. Stockez phrase de r\u00e9cup\u00e9ration.<\/p>\n","protected":false},"featured_media":13343,"comment_status":"open","ping_status":"closed","template":"","meta":{"powered_cache_disable_cache":false,"powered_cache_disable_lazyload":false,"powered_cache_disable_css_optimization":false,"powered_cache_disable_js_optimization":false},"product_brand":[],"product_cat":[274],"product_tag":[395,402,313],"class_list":{"0":"post-5508","1":"product","2":"type-product","3":"status-publish","4":"has-post-thumbnail","6":"product_cat-pots-de-fleurs-et-vases","7":"product_tag-cacher-lexpression-de-la-graine","8":"product_tag-pot-de-succulentes-mini","9":"product_tag-pot-factice","10":"pa_color-beige-fr","11":"pa_color-blanc","12":"pa_color-granit","13":"pa_color-gris-fr","14":"pa_color-noir","15":"pa_style-pics","16":"pa_style-zigzag-fr","18":"first","19":"instock","20":"featured","21":"taxable","22":"shipping-taxable","23":"purchasable","24":"product-type-variable"},"_links":{"self":[{"href":"https:\/\/hideyourkeys.io\/fr\/wp-json\/wp\/v2\/product\/5508","targetHints":{"allow":["GET"]}}],"collection":[{"href":"https:\/\/hideyourkeys.io\/fr\/wp-json\/wp\/v2\/product"}],"about":[{"href":"https:\/\/hideyourkeys.io\/fr\/wp-json\/wp\/v2\/types\/product"}],"replies":[{"embeddable":true,"href":"https:\/\/hideyourkeys.io\/fr\/wp-json\/wp\/v2\/comments?post=5508"}],"wp:featuredmedia":[{"embeddable":true,"href":"https:\/\/hideyourkeys.io\/fr\/wp-json\/wp\/v2\/media\/13343"}],"wp:attachment":[{"href":"https:\/\/hideyourkeys.io\/fr\/wp-json\/wp\/v2\/media?parent=5508"}],"wp:term":[{"taxonomy":"product_brand","embeddable":true,"href":"https:\/\/hideyourkeys.io\/fr\/wp-json\/wp\/v2\/product_brand?post=5508"},{"taxonomy":"product_cat","embeddable":true,"href":"https:\/\/hideyourkeys.io\/fr\/wp-json\/wp\/v2\/product_cat?post=5508"},{"taxonomy":"product_tag","embeddable":true,"href":"https:\/\/hideyourkeys.io\/fr\/wp-json\/wp\/v2\/product_tag?post=5508"}],"curies":[{"name":"wp","href":"https:\/\/api.w.org\/{rel}","templated":true}]}}