{"id":5584,"date":"2023-08-23T23:20:59","date_gmt":"2023-08-23T23:20:59","guid":{"rendered":"https:\/\/hideyourkeys.io\/product\/vase-a-boules-empilees\/"},"modified":"2025-02-02T22:24:38","modified_gmt":"2025-02-02T22:24:38","slug":"vase-fleurs-coffre","status":"publish","type":"product","link":"https:\/\/hideyourkeys.io\/fr\/produit\/vase-fleurs-coffre\/","title":{"rendered":"Vase \u00e0 fleurs Coffre"},"content":{"rendered":"<p>Ce vase unique n\u2019est pas seulement un objet d\u00e9coratif pour votre maison ou votre bureau, mais aussi un moyen s\u00fbr et pratique de stocker vos phrases de r\u00e9cup\u00e9ration Bitcoin. Le vase dispose d\u2019un compartiment cach\u00e9 qui assure la protection de vos phrases de r\u00e9cup\u00e9ration. Les phrases de r\u00e9cup\u00e9ration r\u00e9alis\u00e9es avec nos tampons peuvent \u00eatre rang\u00e9es \u00e0 l\u2019int\u00e9rieur du vase. De cette fa\u00e7on, vous pouvez \u00eatre s\u00fbr que vos phrases de r\u00e9cup\u00e9ration sont en s\u00e9curit\u00e9 \u00e0 tout moment. L\u2019endroit id\u00e9al o\u00f9 cacher la phrase de r\u00e9cup\u00e9ration. Ce vase pour stocker les phrases de r\u00e9cup\u00e9ration de Bitcoin est un produit innovant et pratique qui allie fonctionnalit\u00e9 et design.<\/p>\n<p>Ce produit contient :<\/p>\n<ul>\n<li>Un (1) Vase \u00e0 fleurs Coffre<\/li>\n<li>Jeu de rondelles (25) avec un (1) \u00e9crou et une (1) vis<\/li>\n<\/ul>\n","protected":false},"excerpt":{"rendered":"<p>Vase \u00e0 fleurs pour cacher des phrases de r\u00e9cup\u00e9ration \u00e0 l\u2019int\u00e9rieur<\/p>\n","protected":false},"featured_media":14111,"comment_status":"open","ping_status":"closed","template":"","meta":{"powered_cache_disable_cache":false,"powered_cache_disable_lazyload":false,"powered_cache_disable_css_optimization":false,"powered_cache_disable_js_optimization":false},"product_brand":[],"product_cat":[274],"product_tag":[395,406],"class_list":{"0":"post-5584","1":"product","2":"type-product","3":"status-publish","4":"has-post-thumbnail","6":"product_cat-pots-de-fleurs-et-vases","7":"product_tag-cacher-lexpression-de-la-graine","8":"product_tag-vase-fr","9":"pa_color-beige-fr","10":"pa_color-blanc","11":"pa_color-granit","12":"pa_color-gris-fr","13":"pa_color-noir","14":"pa_size-grand","15":"pa_size-petit","16":"pa_style-rayures","17":"pa_style-texture","19":"first","20":"instock","21":"taxable","22":"shipping-taxable","23":"purchasable","24":"product-type-variable"},"_links":{"self":[{"href":"https:\/\/hideyourkeys.io\/fr\/wp-json\/wp\/v2\/product\/5584","targetHints":{"allow":["GET"]}}],"collection":[{"href":"https:\/\/hideyourkeys.io\/fr\/wp-json\/wp\/v2\/product"}],"about":[{"href":"https:\/\/hideyourkeys.io\/fr\/wp-json\/wp\/v2\/types\/product"}],"replies":[{"embeddable":true,"href":"https:\/\/hideyourkeys.io\/fr\/wp-json\/wp\/v2\/comments?post=5584"}],"wp:featuredmedia":[{"embeddable":true,"href":"https:\/\/hideyourkeys.io\/fr\/wp-json\/wp\/v2\/media\/14111"}],"wp:attachment":[{"href":"https:\/\/hideyourkeys.io\/fr\/wp-json\/wp\/v2\/media?parent=5584"}],"wp:term":[{"taxonomy":"product_brand","embeddable":true,"href":"https:\/\/hideyourkeys.io\/fr\/wp-json\/wp\/v2\/product_brand?post=5584"},{"taxonomy":"product_cat","embeddable":true,"href":"https:\/\/hideyourkeys.io\/fr\/wp-json\/wp\/v2\/product_cat?post=5584"},{"taxonomy":"product_tag","embeddable":true,"href":"https:\/\/hideyourkeys.io\/fr\/wp-json\/wp\/v2\/product_tag?post=5584"}],"curies":[{"name":"wp","href":"https:\/\/api.w.org\/{rel}","templated":true}]}}