{"id":5609,"date":"2023-08-23T23:24:09","date_gmt":"2023-08-23T23:24:09","guid":{"rendered":"https:\/\/hideyourkeys.io\/product\/portefeuille-materiel-hideyourkeys\/"},"modified":"2024-11-12T07:35:32","modified_gmt":"2024-11-12T07:35:32","slug":"hideyourkeys-portefeuille-materiel","status":"publish","type":"product","link":"https:\/\/hideyourkeys.io\/fr\/produit\/hideyourkeys-portefeuille-materiel\/","title":{"rendered":"Portefeuille mat\u00e9riel HideYourKeys"},"content":{"rendered":"<p>Voici le DIY de portefeuille mat\u00e9riel le plus simple pour une gestion transparente des bitcoins &#8211; votre cl\u00e9 pour un contr\u00f4le sans effort de vos actifs num\u00e9riques. Dot\u00e9 d\u2019un design \u00e9l\u00e9gant avec un port USB-C pratique, notre portefeuille mat\u00e9riel assure une connectivit\u00e9 rapide pour des transactions et des mises \u00e0 jour s\u00e9curis\u00e9es.  Die benutzerfreundliche Oberfl\u00e4che vereinfacht den Verwaltungsprozess und erm\u00f6glicht es Ihnen m\u00fchelos, Ihre Bitcoin zu senden, zu empfangen und Ihre Bitcoin-Best\u00e4nde mit Zuversicht zu \u00fcberwachen.<\/p>\n<p>Commencez votre voyage en Bitcoin avec notre portefeuille open source. Bas\u00e9 sur une carte de d\u00e9veloppement arduino, pr\u00e9charg\u00e9 avec un logiciel de portefeuille open-source.<\/p>\n<p>Pour des instructions d\u00e9taill\u00e9es, ne manquez pas de consulter le <a href=\"https:\/\/hideyourkeys.io\/fr\/produit\/manuel-portefeuille-materiel\/\">manuel<\/a> complet fourni, qui vous permettra d&rsquo;exploiter tout le potentiel du produit.<\/p>\n<p>Ce produit contient :<\/p>\n<ul>\n<li>Un (1) portefeuille mat\u00e9riel open source. Le c\u00e2ble de connexion USB-C n&rsquo;est pas inclus.<\/li>\n<\/ul>\n","protected":false},"excerpt":{"rendered":"<p>portefeuille mat\u00e9riel de d\u00e9veloppement pour bitcoin uniquement. Portefeuille mat\u00e9riel DIY. <\/p>\n","protected":false},"featured_media":15281,"comment_status":"open","ping_status":"closed","template":"","meta":{"powered_cache_disable_cache":false,"powered_cache_disable_lazyload":false,"powered_cache_disable_css_optimization":false,"powered_cache_disable_js_optimization":false},"product_brand":[],"product_cat":[270],"product_tag":[293,291],"class_list":{"0":"post-5609","1":"product","2":"type-product","3":"status-publish","4":"has-post-thumbnail","6":"product_cat-packs-et-autres","7":"product_tag-bitcoin-fr","8":"product_tag-hardware-wallet-fr","9":"pa_color-blanc","10":"pa_color-vert-transparent","12":"first","13":"instock","14":"taxable","15":"shipping-taxable","16":"purchasable","17":"product-type-variable"},"_links":{"self":[{"href":"https:\/\/hideyourkeys.io\/fr\/wp-json\/wp\/v2\/product\/5609","targetHints":{"allow":["GET"]}}],"collection":[{"href":"https:\/\/hideyourkeys.io\/fr\/wp-json\/wp\/v2\/product"}],"about":[{"href":"https:\/\/hideyourkeys.io\/fr\/wp-json\/wp\/v2\/types\/product"}],"replies":[{"embeddable":true,"href":"https:\/\/hideyourkeys.io\/fr\/wp-json\/wp\/v2\/comments?post=5609"}],"wp:featuredmedia":[{"embeddable":true,"href":"https:\/\/hideyourkeys.io\/fr\/wp-json\/wp\/v2\/media\/15281"}],"wp:attachment":[{"href":"https:\/\/hideyourkeys.io\/fr\/wp-json\/wp\/v2\/media?parent=5609"}],"wp:term":[{"taxonomy":"product_brand","embeddable":true,"href":"https:\/\/hideyourkeys.io\/fr\/wp-json\/wp\/v2\/product_brand?post=5609"},{"taxonomy":"product_cat","embeddable":true,"href":"https:\/\/hideyourkeys.io\/fr\/wp-json\/wp\/v2\/product_cat?post=5609"},{"taxonomy":"product_tag","embeddable":true,"href":"https:\/\/hideyourkeys.io\/fr\/wp-json\/wp\/v2\/product_tag?post=5609"}],"curies":[{"name":"wp","href":"https:\/\/api.w.org\/{rel}","templated":true}]}}