{"id":5625,"date":"2023-08-23T23:29:12","date_gmt":"2023-08-23T23:29:12","guid":{"rendered":"https:\/\/hideyourkeys.io\/product\/vase-elance\/"},"modified":"2025-02-02T22:20:46","modified_gmt":"2025-02-02T22:20:46","slug":"lampe-coffre","status":"publish","type":"product","link":"https:\/\/hideyourkeys.io\/fr\/produit\/lampe-coffre\/","title":{"rendered":"Lampe Coffre"},"content":{"rendered":"<p>Cette lampe unique n\u2019est pas seulement une lumi\u00e8re d\u00e9corative pour votre maison ou votre bureau, mais aussi un moyen s\u00fbr et pratique de stocker vos phrases de r\u00e9cup\u00e9ration Bitcoin et un portefeuille mat\u00e9riel .<br \/>\nLa lampe dispose d\u2019un compartiment cach\u00e9 qui assure la protection de vos phrases de r\u00e9cup\u00e9ration.<br \/>\nLes phrases de r\u00e9cup\u00e9ration r\u00e9alis\u00e9es avec nos <a>tampons<\/a> peuvent \u00eatre rang\u00e9es \u00e0 l\u2019int\u00e9rieur de la lampe. De cette fa\u00e7on, vous pouvez \u00eatre s\u00fbr que vos phrases de r\u00e9cup\u00e9ration sont en s\u00e9curit\u00e9 \u00e0 tout moment.<\/p>\n<p>Cette lampe est con\u00e7ue en deux styles. Le premier style est un \u00e9l\u00e9gant motif \u00e0 rayures (Rayures). Le deuxi\u00e8me style pr\u00e9sente un motif \u00e0 pois (Pois).<\/p>\n<p>Ce produit contient :<\/p>\n<ul>\n<li>Une (1) Lampe Coffre<\/li>\n<li>Jeu de rondelles (25) avec un (1) \u00e9crou et une (1) vis<\/li>\n<\/ul>\n<p>Consultez notre <a href=\"https:\/\/hideyourkeys.io\/fr\/produit\/vases-manuel\/\">manuel<\/a> des lampes et vases<\/p>\n","protected":false},"excerpt":{"rendered":"<p>Lampe pour cacher une phrase de r\u00e9cup\u00e9ration et\/ou portefeuille mat\u00e9riel \u00e0 l\u2019int\u00e9rieur. Cachez la phrase de r\u00e9cup\u00e9ration \u00e0 l\u2019int\u00e9rieur d\u2019une lampe.<\/p>\n","protected":false},"featured_media":14577,"comment_status":"open","ping_status":"closed","template":"","meta":{"powered_cache_disable_cache":false,"powered_cache_disable_lazyload":false,"powered_cache_disable_css_optimization":false,"powered_cache_disable_js_optimization":false},"product_brand":[],"product_cat":[270,274],"product_tag":[395,406],"class_list":{"0":"post-5625","1":"product","2":"type-product","3":"status-publish","4":"has-post-thumbnail","6":"product_cat-packs-et-autres","7":"product_cat-pots-de-fleurs-et-vases","8":"product_tag-cacher-lexpression-de-la-graine","9":"product_tag-vase-fr","10":"pa_color-beige-fr","11":"pa_color-blanc","12":"pa_color-gris-fr","13":"pa_color-noir","14":"pa_style-points","15":"pa_style-rayures","17":"first","18":"instock","19":"taxable","20":"shipping-taxable","21":"purchasable","22":"product-type-variable"},"_links":{"self":[{"href":"https:\/\/hideyourkeys.io\/fr\/wp-json\/wp\/v2\/product\/5625","targetHints":{"allow":["GET"]}}],"collection":[{"href":"https:\/\/hideyourkeys.io\/fr\/wp-json\/wp\/v2\/product"}],"about":[{"href":"https:\/\/hideyourkeys.io\/fr\/wp-json\/wp\/v2\/types\/product"}],"replies":[{"embeddable":true,"href":"https:\/\/hideyourkeys.io\/fr\/wp-json\/wp\/v2\/comments?post=5625"}],"wp:featuredmedia":[{"embeddable":true,"href":"https:\/\/hideyourkeys.io\/fr\/wp-json\/wp\/v2\/media\/14577"}],"wp:attachment":[{"href":"https:\/\/hideyourkeys.io\/fr\/wp-json\/wp\/v2\/media?parent=5625"}],"wp:term":[{"taxonomy":"product_brand","embeddable":true,"href":"https:\/\/hideyourkeys.io\/fr\/wp-json\/wp\/v2\/product_brand?post=5625"},{"taxonomy":"product_cat","embeddable":true,"href":"https:\/\/hideyourkeys.io\/fr\/wp-json\/wp\/v2\/product_cat?post=5625"},{"taxonomy":"product_tag","embeddable":true,"href":"https:\/\/hideyourkeys.io\/fr\/wp-json\/wp\/v2\/product_tag?post=5625"}],"curies":[{"name":"wp","href":"https:\/\/api.w.org\/{rel}","templated":true}]}}