{"id":5689,"date":"2023-08-23T23:32:48","date_gmt":"2023-08-23T23:32:48","guid":{"rendered":"https:\/\/hideyourkeys.io\/product\/capsule-phrase-graine\/"},"modified":"2025-12-30T16:20:06","modified_gmt":"2025-12-30T16:20:06","slug":"phrase-recuperation-capsule","status":"publish","type":"product","link":"https:\/\/hideyourkeys.io\/fr\/produit\/phrase-recuperation-capsule\/","title":{"rendered":"Capsule pour phrase de r\u00e9cup\u00e9ration (M8)"},"content":{"rendered":"<p>Ces capsules sont con\u00e7ues pour stocker en toute s\u00e9curit\u00e9 vos pr\u00e9cieuses phrases de r\u00e9cup\u00e9ration Bitcoin ou autres Crypto, en veillant \u00e0 ce qu\u2019elles restent s\u00fbres et phrases de r\u00e9cup\u00e9ration. La capsule pour rondelles est \u00e9galement con\u00e7ue pour \u00eatre petite et compacte, ce qui la rend facile \u00e0 transporter partout avec vous. Chaque capsule peut s\u2019adapter \u00e0 un ensemble de rondelles m\u00e9talliques estamp\u00e9es (M8-24) fabriqu\u00e9es avec notre <a>BitJig<\/a> qui affiche votre phrase de r\u00e9cup\u00e9ration Bitcoin ou Crypto, offrant ainsi une couche suppl\u00e9mentaire de protection contre les acc\u00e8s non autoris\u00e9s.<\/p>\n<p>Cette fonction garantit que vos pr\u00e9cieux actifs en bitcoins sont s\u00e9curis\u00e9s et prot\u00e9g\u00e9s \u00e0 tout moment.<\/p>\n<p>La phrase de r\u00e9cup\u00e9ration doit \u00eatre pr\u00e9alablement estampill\u00e9e sur des rondelles m\u00e9talliques, consultez notre estampeur pour g\u00e9n\u00e9rer une sauvegarde de phrase appropri\u00e9e. Ce produit comprend une vis M8 qui s\u2019adapte \u00e0 24 rondelles (\u00e9galement incluses) et un \u00e9crou. Elles s&rsquo;ins\u00e8rent tous parfaitement dans la capsule. La capsule mesure 62 mm de hauteur et 33 mm de diam\u00e8tre.<\/p>\n<p>Outre leurs avantages pratiques, nos capsules de phrases Bitcoin Seed constituent \u00e9galement un accessoire \u00e9l\u00e9gant et unique. Elles sont disponibles dans une gamme de couleurs et de designs diff\u00e9rents, ce qui vous permet de choisir celui qui refl\u00e8te le mieux votre style personnel.<\/p>\n<p>Ce produit contient :<\/p>\n<ul>\n<li>Une (1) capsule de stockage<\/li>\n<li>Jeu de rondelles (25), avec un (1) \u00e9crou et une (1) vis<\/li>\n<\/ul>\n","protected":false},"excerpt":{"rendered":"<p>Capsule pour stocker la phrase de r\u00e9cup\u00e9ration grav\u00e9e sur m\u00e9tal. Capsule pour rondelles.<\/p>\n","protected":false},"featured_media":14843,"comment_status":"open","ping_status":"closed","template":"","meta":{"powered_cache_disable_cache":false,"powered_cache_disable_lazyload":false,"powered_cache_disable_css_optimization":false,"powered_cache_disable_js_optimization":false},"product_brand":[],"product_cat":[278],"product_tag":[395,301],"class_list":{"0":"post-5689","1":"product","2":"type-product","3":"status-publish","4":"has-post-thumbnail","6":"product_cat-timbres-et-capsules","7":"product_tag-cacher-lexpression-de-la-graine","8":"product_tag-capsule-fr","9":"pa_color-beige-fr","10":"pa_color-blanc","11":"pa_color-granit","12":"pa_color-gris-fr","13":"pa_color-noir","15":"first","16":"instock","17":"taxable","18":"shipping-taxable","19":"purchasable","20":"product-type-variable"},"_links":{"self":[{"href":"https:\/\/hideyourkeys.io\/fr\/wp-json\/wp\/v2\/product\/5689","targetHints":{"allow":["GET"]}}],"collection":[{"href":"https:\/\/hideyourkeys.io\/fr\/wp-json\/wp\/v2\/product"}],"about":[{"href":"https:\/\/hideyourkeys.io\/fr\/wp-json\/wp\/v2\/types\/product"}],"replies":[{"embeddable":true,"href":"https:\/\/hideyourkeys.io\/fr\/wp-json\/wp\/v2\/comments?post=5689"}],"wp:featuredmedia":[{"embeddable":true,"href":"https:\/\/hideyourkeys.io\/fr\/wp-json\/wp\/v2\/media\/14843"}],"wp:attachment":[{"href":"https:\/\/hideyourkeys.io\/fr\/wp-json\/wp\/v2\/media?parent=5689"}],"wp:term":[{"taxonomy":"product_brand","embeddable":true,"href":"https:\/\/hideyourkeys.io\/fr\/wp-json\/wp\/v2\/product_brand?post=5689"},{"taxonomy":"product_cat","embeddable":true,"href":"https:\/\/hideyourkeys.io\/fr\/wp-json\/wp\/v2\/product_cat?post=5689"},{"taxonomy":"product_tag","embeddable":true,"href":"https:\/\/hideyourkeys.io\/fr\/wp-json\/wp\/v2\/product_tag?post=5689"}],"curies":[{"name":"wp","href":"https:\/\/api.w.org\/{rel}","templated":true}]}}