{"id":5841,"date":"2023-08-23T23:42:29","date_gmt":"2023-08-23T23:42:29","guid":{"rendered":"https:\/\/hideyourkeys.io\/product\/capsule-de-phrase-de-semence-paquet-de-3\/"},"modified":"2025-02-02T21:55:27","modified_gmt":"2025-02-02T21:55:27","slug":"phrase-de-recuperation-paquet-de-3-capsules","status":"publish","type":"product","link":"https:\/\/hideyourkeys.io\/fr\/produit\/phrase-de-recuperation-paquet-de-3-capsules\/","title":{"rendered":"Capsule pour phrase de r\u00e9cup\u00e9ration &#8211; Pack de 3 (M8)"},"content":{"rendered":"<p>Ces capsules sont con\u00e7ues pour stocker en toute s\u00e9curit\u00e9 vos pr\u00e9cieuses phrases de r\u00e9cup\u00e9ration Bitcoin ou autres Crypto, en veillant \u00e0 ce qu\u2019elles restent en s\u00e9curit\u00e9 et phrases de r\u00e9cup\u00e9ration, et maintenant elles sont livr\u00e9es dans un pack de 3 ! Les capsules sont \u00e9galement astucieusement con\u00e7ues pour \u00eatre petites et compactes, ce qui les rend faciles \u00e0 transporter avec vous o\u00f9 que vous alliez.<\/p>\n<p>Chaque capsule pour cacher les phrases de r\u00e9cup\u00e9ration peut s\u2019adapter \u00e0 un ensemble de rondelles m\u00e9talliques estamp\u00e9es fabriqu\u00e9es avec notre <a href=\"https:\/\/hideyourkeys.io\/fr\/produit\/bitjig-m8-pack-basique\/\">BitJig<\/a> (M8-24) qui affiche votre phrase de r\u00e9cup\u00e9ration Bitcoin ou Crypto, offrant une couche suppl\u00e9mentaire de protection contre les acc\u00e8s non autoris\u00e9s. Cette fonction garantit que vos pr\u00e9cieux actifs en bitcoins sont s\u00e9curis\u00e9s et prot\u00e9g\u00e9s \u00e0 tout moment.<\/p>\n<p>La phrase de r\u00e9cup\u00e9ration doit \u00eatre pr\u00e9alablement estampill\u00e9e sur des rondelles m\u00e9talliques, consultez notre estampeur pour g\u00e9n\u00e9rer une sauvegarde de phrase appropri\u00e9e. Ce produit comprend une vis M8 qui s\u2019adapte \u00e0 24 rondelles (\u00e9galement incluses) et un \u00e9crou. Elles s&rsquo;ins\u00e8rent tous parfaitement dans la capsule.<\/p>\n<p>Outre leurs avantages pratiques, nos capsules de phrases Bitcoin Seed constituent \u00e9galement un accessoire \u00e9l\u00e9gant et unique. Elles sont disponibles dans une gamme de couleurs et de designs diff\u00e9rents, ce qui vous permet de choisir celui qui refl\u00e8te le mieux votre style personnel.<\/p>\n<p>Ce produit contient :<\/p>\n<ul>\n<li>Trois (3) capsules de stockage<\/li>\n<li>Trois jeux de rondelles (75), avec trois (3) \u00e9crous et trois (3) vis<\/li>\n<\/ul>\n","protected":false},"excerpt":{"rendered":"<p>Paquet de 3 capsules rondelle , la capsule parfaite pour cacher les phrases de r\u00e9cup\u00e9ration.<\/p>\n","protected":false},"featured_media":14918,"comment_status":"open","ping_status":"closed","template":"","meta":{"powered_cache_disable_cache":false,"powered_cache_disable_lazyload":false,"powered_cache_disable_css_optimization":false,"powered_cache_disable_js_optimization":false},"product_brand":[],"product_cat":[270],"product_tag":[395,301],"class_list":{"0":"post-5841","1":"product","2":"type-product","3":"status-publish","4":"has-post-thumbnail","6":"product_cat-packs-et-autres","7":"product_tag-cacher-lexpression-de-la-graine","8":"product_tag-capsule-fr","10":"first","11":"instock","12":"taxable","13":"shipping-taxable","14":"purchasable","15":"product-type-variable"},"_links":{"self":[{"href":"https:\/\/hideyourkeys.io\/fr\/wp-json\/wp\/v2\/product\/5841","targetHints":{"allow":["GET"]}}],"collection":[{"href":"https:\/\/hideyourkeys.io\/fr\/wp-json\/wp\/v2\/product"}],"about":[{"href":"https:\/\/hideyourkeys.io\/fr\/wp-json\/wp\/v2\/types\/product"}],"replies":[{"embeddable":true,"href":"https:\/\/hideyourkeys.io\/fr\/wp-json\/wp\/v2\/comments?post=5841"}],"wp:featuredmedia":[{"embeddable":true,"href":"https:\/\/hideyourkeys.io\/fr\/wp-json\/wp\/v2\/media\/14918"}],"wp:attachment":[{"href":"https:\/\/hideyourkeys.io\/fr\/wp-json\/wp\/v2\/media?parent=5841"}],"wp:term":[{"taxonomy":"product_brand","embeddable":true,"href":"https:\/\/hideyourkeys.io\/fr\/wp-json\/wp\/v2\/product_brand?post=5841"},{"taxonomy":"product_cat","embeddable":true,"href":"https:\/\/hideyourkeys.io\/fr\/wp-json\/wp\/v2\/product_cat?post=5841"},{"taxonomy":"product_tag","embeddable":true,"href":"https:\/\/hideyourkeys.io\/fr\/wp-json\/wp\/v2\/product_tag?post=5841"}],"curies":[{"name":"wp","href":"https:\/\/api.w.org\/{rel}","templated":true}]}}