{"id":5869,"date":"2023-09-03T13:11:21","date_gmt":"2023-09-03T13:11:21","guid":{"rendered":"https:\/\/hideyourkeys.io\/product\/le-guide-definitif-des-plebeiens-pour-stocker-vos-bitcoins\/"},"modified":"2024-10-24T21:46:15","modified_gmt":"2024-10-24T21:46:15","slug":"le-guide-definitive-pleb-pour-stocker-vos-bitcoins","status":"publish","type":"product","link":"https:\/\/hideyourkeys.io\/fr\/produit\/le-guide-definitive-pleb-pour-stocker-vos-bitcoins\/","title":{"rendered":"Le guide d\u00e9finitif des pl\u00e9b\u00e9iens pour stocker vos bitcoins"},"content":{"rendered":"<p align=\"justify\"><span style=\"font-family: Liberation Sans, sans-serif;\"><span style=\"font-size: medium;\">Lorsqu&rsquo;il s&rsquo;agit de prot\u00e9ger votre bitcoin (ou d&rsquo;autres crypto-monnaies), il est essentiel d&rsquo;avoir le contr\u00f4le de vos cl\u00e9s et de ne pas d\u00e9pendre d&rsquo;\u00e9changes ou de tierces parties. Ce guide explique les m\u00e9thodes qui sont suffisamment efficaces et efficientes pour le stockage s\u00e9curis\u00e9 de Bitcoin selon notre point de vue. D\u00e9couvrez la meilleure fa\u00e7on de conserver vous-m\u00eame des bitcoins.<\/span><\/span><\/p>\n<p align=\"justify\"><span style=\"font-family: Liberation Sans, sans-serif;\"><span style=\"font-size: medium;\">Les m\u00e9thodes mettent l&rsquo;accent sur le stockage physique des cl\u00e9s, loin des dispositifs expos\u00e9s \u00e0 Internet ou de la d\u00e9gradation mat\u00e9rielle. Au lieu de solutions papier vuln\u00e9rables, nous explorerons la possibilit\u00e9 de graver votre phrase cl\u00e9 sur du m\u00e9tal et fournirons des instructions \u00e9tape par \u00e9tape pour g\u00e9n\u00e9rer des cl\u00e9s Bitcoin \u00e0 l\u2019aide de portefeuilles mat\u00e9riels, ou d\u2019autres m\u00e9thodes \u00e9quivalentes, telles que des outils hors ligne ou des outils manuels (d\u00e9s, calculatrices&#8230;).  <\/span><\/span><\/p>\n","protected":false},"excerpt":{"rendered":"<p>Le guide d\u00e9taill\u00e9 sur la fa\u00e7on de stocker correctement vos bitcoins. D\u00e9couvrez la meilleure fa\u00e7on de conserver vous-m\u00eame des bitcoins. <\/p>\n","protected":false},"featured_media":16420,"comment_status":"open","ping_status":"closed","template":"","meta":{"powered_cache_disable_cache":false,"powered_cache_disable_lazyload":false,"powered_cache_disable_css_optimization":false,"powered_cache_disable_js_optimization":false},"product_brand":[],"product_cat":[266],"product_tag":[293,414],"class_list":{"0":"post-5869","1":"product","2":"type-product","3":"status-publish","4":"has-post-thumbnail","6":"product_cat-guides-et-manuels","7":"product_tag-bitcoin-fr","8":"product_tag-manuel","10":"first","11":"instock","12":"downloadable","13":"taxable","14":"shipping-taxable","15":"purchasable","16":"product-type-simple"},"_links":{"self":[{"href":"https:\/\/hideyourkeys.io\/fr\/wp-json\/wp\/v2\/product\/5869","targetHints":{"allow":["GET"]}}],"collection":[{"href":"https:\/\/hideyourkeys.io\/fr\/wp-json\/wp\/v2\/product"}],"about":[{"href":"https:\/\/hideyourkeys.io\/fr\/wp-json\/wp\/v2\/types\/product"}],"replies":[{"embeddable":true,"href":"https:\/\/hideyourkeys.io\/fr\/wp-json\/wp\/v2\/comments?post=5869"}],"wp:featuredmedia":[{"embeddable":true,"href":"https:\/\/hideyourkeys.io\/fr\/wp-json\/wp\/v2\/media\/16420"}],"wp:attachment":[{"href":"https:\/\/hideyourkeys.io\/fr\/wp-json\/wp\/v2\/media?parent=5869"}],"wp:term":[{"taxonomy":"product_brand","embeddable":true,"href":"https:\/\/hideyourkeys.io\/fr\/wp-json\/wp\/v2\/product_brand?post=5869"},{"taxonomy":"product_cat","embeddable":true,"href":"https:\/\/hideyourkeys.io\/fr\/wp-json\/wp\/v2\/product_cat?post=5869"},{"taxonomy":"product_tag","embeddable":true,"href":"https:\/\/hideyourkeys.io\/fr\/wp-json\/wp\/v2\/product_tag?post=5869"}],"curies":[{"name":"wp","href":"https:\/\/api.w.org\/{rel}","templated":true}]}}