{"id":5890,"date":"2023-09-03T14:16:13","date_gmt":"2023-09-03T14:16:13","guid":{"rendered":"https:\/\/hideyourkeys.io\/product\/manuel-sur-les-coffres-forts-pour-plantes-succulentes\/"},"modified":"2024-10-24T21:38:29","modified_gmt":"2024-10-24T21:38:29","slug":"manuel-pot-de-plante-coffre","status":"publish","type":"product","link":"https:\/\/hideyourkeys.io\/fr\/produit\/manuel-pot-de-plante-coffre\/","title":{"rendered":"Manuel Pot de Plante Coffre"},"content":{"rendered":"<p>Consultez notre manuel de s\u00e9curit\u00e9 pour les pots de fleurs pour vous assurer d\u2019une utilisation correcte du produit. D\u00e9couvrez l\u2019une de nos suggestions pour masquer votre phrase de r\u00e9cup\u00e9ration sans que les gens ne s\u2019en aper\u00e7oivent.  Gravez des phrase de r\u00e9cup\u00e9ration crypto dans du m\u00e9tal et cachez-les \u00e0 l\u2019int\u00e9rieur de l\u2019un de nos pots. Nous vous recommandons de t\u00e9l\u00e9charger nos manuels avant d\u2019acheter les produits.<\/p>\n","protected":false},"excerpt":{"rendered":"<p>Manuel de s\u00e9curit\u00e9 des pots de fleurs. Gravez des phrase de r\u00e9cup\u00e9ration crypto dans du m\u00e9tal et cachez-les \u00e0 l\u2019int\u00e9rieur de l\u2019un de nos pots. <\/p>\n","protected":false},"featured_media":16381,"comment_status":"open","ping_status":"closed","template":"","meta":{"powered_cache_disable_cache":false,"powered_cache_disable_lazyload":false,"powered_cache_disable_css_optimization":false,"powered_cache_disable_js_optimization":false},"product_brand":[],"product_cat":[266],"product_tag":[293,395,414,313],"class_list":{"0":"post-5890","1":"product","2":"type-product","3":"status-publish","4":"has-post-thumbnail","6":"product_cat-guides-et-manuels","7":"product_tag-bitcoin-fr","8":"product_tag-cacher-lexpression-de-la-graine","9":"product_tag-manuel","10":"product_tag-pot-factice","12":"first","13":"instock","14":"downloadable","15":"taxable","16":"shipping-taxable","17":"purchasable","18":"product-type-simple"},"_links":{"self":[{"href":"https:\/\/hideyourkeys.io\/fr\/wp-json\/wp\/v2\/product\/5890","targetHints":{"allow":["GET"]}}],"collection":[{"href":"https:\/\/hideyourkeys.io\/fr\/wp-json\/wp\/v2\/product"}],"about":[{"href":"https:\/\/hideyourkeys.io\/fr\/wp-json\/wp\/v2\/types\/product"}],"replies":[{"embeddable":true,"href":"https:\/\/hideyourkeys.io\/fr\/wp-json\/wp\/v2\/comments?post=5890"}],"wp:featuredmedia":[{"embeddable":true,"href":"https:\/\/hideyourkeys.io\/fr\/wp-json\/wp\/v2\/media\/16381"}],"wp:attachment":[{"href":"https:\/\/hideyourkeys.io\/fr\/wp-json\/wp\/v2\/media?parent=5890"}],"wp:term":[{"taxonomy":"product_brand","embeddable":true,"href":"https:\/\/hideyourkeys.io\/fr\/wp-json\/wp\/v2\/product_brand?post=5890"},{"taxonomy":"product_cat","embeddable":true,"href":"https:\/\/hideyourkeys.io\/fr\/wp-json\/wp\/v2\/product_cat?post=5890"},{"taxonomy":"product_tag","embeddable":true,"href":"https:\/\/hideyourkeys.io\/fr\/wp-json\/wp\/v2\/product_tag?post=5890"}],"curies":[{"name":"wp","href":"https:\/\/api.w.org\/{rel}","templated":true}]}}