{"id":5892,"date":"2023-09-03T14:22:11","date_gmt":"2023-09-03T14:22:11","guid":{"rendered":"https:\/\/hideyourkeys.io\/product\/manuel-des-vases\/"},"modified":"2024-10-24T21:20:38","modified_gmt":"2024-10-24T21:20:38","slug":"vases-manuel","status":"publish","type":"product","link":"https:\/\/hideyourkeys.io\/fr\/produit\/vases-manuel\/","title":{"rendered":"Mode d\u2019emploi des vases et des lampes"},"content":{"rendered":"<p>Consultez notre manuel des vases et des lampes pour vous assurer d\u2019une bonne utilisation du produit. D\u00e9couvrez l\u2019une de nos suggestions pour masquer votre phrase de r\u00e9cup\u00e9ration sans que les gens ne s\u2019en aper\u00e7oivent. Nous vous recommandons de t\u00e9l\u00e9charger phrase de r\u00e9cup\u00e9ration nos manuels avant d\u2019acheter les produits.  <\/p>\n","protected":false},"excerpt":{"rendered":"<p>Vases et lampes. manuel<\/p>\n","protected":false},"featured_media":16375,"comment_status":"open","ping_status":"closed","template":"","meta":{"powered_cache_disable_cache":false,"powered_cache_disable_lazyload":false,"powered_cache_disable_css_optimization":false,"powered_cache_disable_js_optimization":false},"product_brand":[],"product_cat":[266],"product_tag":[293,395,414],"class_list":{"0":"post-5892","1":"product","2":"type-product","3":"status-publish","4":"has-post-thumbnail","6":"product_cat-guides-et-manuels","7":"product_tag-bitcoin-fr","8":"product_tag-cacher-lexpression-de-la-graine","9":"product_tag-manuel","11":"first","12":"instock","13":"downloadable","14":"taxable","15":"shipping-taxable","16":"purchasable","17":"product-type-simple"},"_links":{"self":[{"href":"https:\/\/hideyourkeys.io\/fr\/wp-json\/wp\/v2\/product\/5892","targetHints":{"allow":["GET"]}}],"collection":[{"href":"https:\/\/hideyourkeys.io\/fr\/wp-json\/wp\/v2\/product"}],"about":[{"href":"https:\/\/hideyourkeys.io\/fr\/wp-json\/wp\/v2\/types\/product"}],"replies":[{"embeddable":true,"href":"https:\/\/hideyourkeys.io\/fr\/wp-json\/wp\/v2\/comments?post=5892"}],"wp:featuredmedia":[{"embeddable":true,"href":"https:\/\/hideyourkeys.io\/fr\/wp-json\/wp\/v2\/media\/16375"}],"wp:attachment":[{"href":"https:\/\/hideyourkeys.io\/fr\/wp-json\/wp\/v2\/media?parent=5892"}],"wp:term":[{"taxonomy":"product_brand","embeddable":true,"href":"https:\/\/hideyourkeys.io\/fr\/wp-json\/wp\/v2\/product_brand?post=5892"},{"taxonomy":"product_cat","embeddable":true,"href":"https:\/\/hideyourkeys.io\/fr\/wp-json\/wp\/v2\/product_cat?post=5892"},{"taxonomy":"product_tag","embeddable":true,"href":"https:\/\/hideyourkeys.io\/fr\/wp-json\/wp\/v2\/product_tag?post=5892"}],"curies":[{"name":"wp","href":"https:\/\/api.w.org\/{rel}","templated":true}]}}