{"id":5896,"date":"2023-09-03T15:56:41","date_gmt":"2023-09-03T15:56:41","guid":{"rendered":"https:\/\/hideyourkeys.io\/product\/manuel-sur-les-drains-de-jardin\/"},"modified":"2024-10-24T19:14:00","modified_gmt":"2024-10-24T19:14:00","slug":"manuel-drain-jardin","status":"publish","type":"product","link":"https:\/\/hideyourkeys.io\/fr\/produit\/manuel-drain-jardin\/","title":{"rendered":"Manuel sur les drains de jardin"},"content":{"rendered":"<p>Consultez notre Manuel de l&rsquo;\u00c9vacuation de Jardin pour vous assurer d&rsquo;une utilisation ad\u00e9quate du produit. D\u00e9couvrez l\u2019une de nos suggestions pour masquer votre phrase de r\u00e9cup\u00e9ration sans que les gens ne s\u2019en aper\u00e7oivent. Cacher la phrase de r\u00e9cup\u00e9ration de crypto. Nous vous recommandons de t\u00e9l\u00e9charger nos manuels avant d\u2019acheter les produits. <\/p>\n","protected":false},"excerpt":{"rendered":"<p>Manuel du faux drain de jardin<\/p>\n","protected":false},"featured_media":16370,"comment_status":"open","ping_status":"closed","template":"","meta":{"powered_cache_disable_cache":false,"powered_cache_disable_lazyload":false,"powered_cache_disable_css_optimization":false,"powered_cache_disable_js_optimization":false},"product_brand":[],"product_cat":[266],"product_tag":[395,414],"class_list":{"0":"post-5896","1":"product","2":"type-product","3":"status-publish","4":"has-post-thumbnail","6":"product_cat-guides-et-manuels","7":"product_tag-cacher-lexpression-de-la-graine","8":"product_tag-manuel","10":"first","11":"instock","12":"downloadable","13":"taxable","14":"shipping-taxable","15":"purchasable","16":"product-type-simple"},"_links":{"self":[{"href":"https:\/\/hideyourkeys.io\/fr\/wp-json\/wp\/v2\/product\/5896","targetHints":{"allow":["GET"]}}],"collection":[{"href":"https:\/\/hideyourkeys.io\/fr\/wp-json\/wp\/v2\/product"}],"about":[{"href":"https:\/\/hideyourkeys.io\/fr\/wp-json\/wp\/v2\/types\/product"}],"replies":[{"embeddable":true,"href":"https:\/\/hideyourkeys.io\/fr\/wp-json\/wp\/v2\/comments?post=5896"}],"wp:featuredmedia":[{"embeddable":true,"href":"https:\/\/hideyourkeys.io\/fr\/wp-json\/wp\/v2\/media\/16370"}],"wp:attachment":[{"href":"https:\/\/hideyourkeys.io\/fr\/wp-json\/wp\/v2\/media?parent=5896"}],"wp:term":[{"taxonomy":"product_brand","embeddable":true,"href":"https:\/\/hideyourkeys.io\/fr\/wp-json\/wp\/v2\/product_brand?post=5896"},{"taxonomy":"product_cat","embeddable":true,"href":"https:\/\/hideyourkeys.io\/fr\/wp-json\/wp\/v2\/product_cat?post=5896"},{"taxonomy":"product_tag","embeddable":true,"href":"https:\/\/hideyourkeys.io\/fr\/wp-json\/wp\/v2\/product_tag?post=5896"}],"curies":[{"name":"wp","href":"https:\/\/api.w.org\/{rel}","templated":true}]}}