{"id":5898,"date":"2023-09-03T15:57:33","date_gmt":"2023-09-03T15:57:33","guid":{"rendered":"https:\/\/hideyourkeys.io\/product\/le-guide-rapide-pour-stocker-vos-bitcoins\/"},"modified":"2024-10-27T13:56:36","modified_gmt":"2024-10-27T13:56:36","slug":"quest-ce-que-le-bitcoin-donne-un-sens-au-bitcoin","status":"publish","type":"product","link":"https:\/\/hideyourkeys.io\/fr\/produit\/quest-ce-que-le-bitcoin-donne-un-sens-au-bitcoin\/","title":{"rendered":"Comprendre le bitcoin"},"content":{"rendered":"<p>Vous savez que vous n\u2019avez pas voulu lire notre guide de la <a href=\"https:\/\/hideyourkeys.io\/fr\/produit\/le-guide-definitive-pleb-pour-stocker-vos-bitcoins\/\">pl\u00e8be<\/a> de pr\u00e8s de 200 pages, car vous d\u00e9butez avec le bitcoin&#8230; Alors jetez un coup d\u2019\u0153il \u00e0 notre guide \u00ab&nbsp;Donner un sens au Bitcoin&nbsp;\u00bb, il s\u2019agit d\u2019un r\u00e9sum\u00e9 avec nos meilleurs conseils et recommandations pour stocker correctement votre bitcoin, et commencer \u00e0 mieux le comprendre. D\u00e9couvrez ce qu\u2019est le bitcoin et son potentiel gr\u00e2ce \u00e0 notre guide. Le guide commence par les FAQ les plus courantes li\u00e9es au Bitcoin, puis met l\u2019accent sur le stockage physique des cl\u00e9s, loin des appareils expos\u00e9s \u00e0 Internet ou de la d\u00e9gradation mat\u00e9rielle.  <\/p>\n<p> Au lieu de solutions vuln\u00e9rables bas\u00e9es sur du papier, nous explorerons l&rsquo;option de graver votre phrase-cl\u00e9 sur du m\u00e9tal. Il fournit \u00e9galement des instructions \u00e9tape par \u00e9tape pour g\u00e9n\u00e9rer des cl\u00e9s Bitcoin \u00e0 l\u2019aide de portefeuilles mat\u00e9riels, ou d\u2019autres m\u00e9thodes \u00e9quivalentes, telles que des outils hors ligne ou des outils manuels (d\u00e9s, calculatrices&#8230;).<\/p>\n<div class=\"flex max-w-full flex-col flex-grow\">\n<div class=\"min-h-8 text-message flex w-full flex-col items-end gap-2 whitespace-normal break-words [.text-message+&amp;]:mt-5\" dir=\"auto\" data-message-author-role=\"assistant\" data-message-id=\"88561fb1-06aa-47fb-83b3-87d04eb8cf6a\" data-message-model-slug=\"gpt-4o\">\n<div class=\"flex w-full flex-col gap-1 empty:hidden first:pt-[3px]\">\n<div class=\"markdown prose w-full break-words dark:prose-invert dark\">\n<p>Un autre des principes cl\u00e9s de Bitcoin est \u00ab&nbsp;ne faites pas confiance, v\u00e9rifiez&nbsp;\u00bb, alors ne vous fiez pas uniquement \u00e0 nos guides &#8211; il y a une mine d\u2019informations en ligne que vous pouvez explorer. Un excellent point de d\u00e9part est <a href=\"https:\/\/bitcoin.org\" target=\"_new\" rel=\"noopener\">bitcoin.org<\/a>, o\u00f9 vous trouverez des ressources, de la documentation et des liens vers des informations suppl\u00e9mentaires sur la technologie, la s\u00e9curit\u00e9 et la communaut\u00e9 de Bitcoin. Plongez et commencez \u00e0 v\u00e9rifier par vous-m\u00eame !  <\/p>\n<\/div>\n<\/div>\n<\/div>\n<\/div>\n<div class=\"mb-2 flex gap-3 empty:hidden -ml-2\">\n<div class=\"items-center justify-start rounded-xl p-1 flex\">\n<div class=\"flex items-center\"><\/div>\n<\/div>\n<\/div>\n","protected":false},"excerpt":{"rendered":"<p>Jetez un coup d\u2019\u0153il \u00e0 notre guide \u00ab&nbsp;Comprendre le Bitcoin&nbsp;\u00bb, il s\u2019agit d\u2019un r\u00e9sum\u00e9 avec nos meilleurs conseils et recommandations pour stocker correctement votre bitcoin et commencer \u00e0 mieux le comprendre. D\u00e9couvrez ce qu\u2019est le bitcoin et son potentiel gr\u00e2ce \u00e0 notre guide. <\/p>\n","protected":false},"featured_media":16583,"comment_status":"open","ping_status":"closed","template":"","meta":{"powered_cache_disable_cache":false,"powered_cache_disable_lazyload":false,"powered_cache_disable_css_optimization":false,"powered_cache_disable_js_optimization":false},"product_brand":[],"product_cat":[266],"product_tag":[293,395,414],"class_list":{"0":"post-5898","1":"product","2":"type-product","3":"status-publish","4":"has-post-thumbnail","6":"product_cat-guides-et-manuels","7":"product_tag-bitcoin-fr","8":"product_tag-cacher-lexpression-de-la-graine","9":"product_tag-manuel","11":"first","12":"instock","13":"downloadable","14":"taxable","15":"shipping-taxable","16":"purchasable","17":"product-type-simple"},"_links":{"self":[{"href":"https:\/\/hideyourkeys.io\/fr\/wp-json\/wp\/v2\/product\/5898","targetHints":{"allow":["GET"]}}],"collection":[{"href":"https:\/\/hideyourkeys.io\/fr\/wp-json\/wp\/v2\/product"}],"about":[{"href":"https:\/\/hideyourkeys.io\/fr\/wp-json\/wp\/v2\/types\/product"}],"replies":[{"embeddable":true,"href":"https:\/\/hideyourkeys.io\/fr\/wp-json\/wp\/v2\/comments?post=5898"}],"wp:featuredmedia":[{"embeddable":true,"href":"https:\/\/hideyourkeys.io\/fr\/wp-json\/wp\/v2\/media\/16583"}],"wp:attachment":[{"href":"https:\/\/hideyourkeys.io\/fr\/wp-json\/wp\/v2\/media?parent=5898"}],"wp:term":[{"taxonomy":"product_brand","embeddable":true,"href":"https:\/\/hideyourkeys.io\/fr\/wp-json\/wp\/v2\/product_brand?post=5898"},{"taxonomy":"product_cat","embeddable":true,"href":"https:\/\/hideyourkeys.io\/fr\/wp-json\/wp\/v2\/product_cat?post=5898"},{"taxonomy":"product_tag","embeddable":true,"href":"https:\/\/hideyourkeys.io\/fr\/wp-json\/wp\/v2\/product_tag?post=5898"}],"curies":[{"name":"wp","href":"https:\/\/api.w.org\/{rel}","templated":true}]}}