{"id":5901,"date":"2023-09-03T16:00:56","date_gmt":"2023-09-03T16:00:56","guid":{"rendered":"https:\/\/hideyourkeys.io\/product\/manuel-hardware-wallet\/"},"modified":"2024-11-12T08:00:18","modified_gmt":"2024-11-12T08:00:18","slug":"manuel-portefeuille-materiel","status":"publish","type":"product","link":"https:\/\/hideyourkeys.io\/fr\/produit\/manuel-portefeuille-materiel\/","title":{"rendered":"Manuel Hardware Wallet"},"content":{"rendered":"<p>Consultez notre Manuel du Portefeuille Mat\u00e9riel pour garantir une utilisation appropri\u00e9e du produit. \u00c9tant donn\u00e9 que c&rsquo;est un appareil de d\u00e9veloppement, il est fortement recommand\u00e9 de parcourir l&rsquo;int\u00e9gralit\u00e9 du manuel avant d&rsquo;acheter le produit. Le manuel comprend \u00e9galement des instructions pour flasher un appareil par vous-m\u00eame, pour obtenir un portefeuille mat\u00e9riel DIY. Nous vous recommandons de t\u00e9l\u00e9charger nos manuels avant d\u2019acheter les produits.<\/p>\n","protected":false},"excerpt":{"rendered":"<p>Manuel du portefeuille mat\u00e9riel<\/p>\n","protected":false},"featured_media":16391,"comment_status":"open","ping_status":"closed","template":"","meta":{"powered_cache_disable_cache":false,"powered_cache_disable_lazyload":false,"powered_cache_disable_css_optimization":false,"powered_cache_disable_js_optimization":false},"product_brand":[],"product_cat":[266],"product_tag":[291,414],"class_list":{"0":"post-5901","1":"product","2":"type-product","3":"status-publish","4":"has-post-thumbnail","6":"product_cat-guides-et-manuels","7":"product_tag-hardware-wallet-fr","8":"product_tag-manuel","10":"first","11":"instock","12":"downloadable","13":"taxable","14":"shipping-taxable","15":"purchasable","16":"product-type-simple"},"_links":{"self":[{"href":"https:\/\/hideyourkeys.io\/fr\/wp-json\/wp\/v2\/product\/5901","targetHints":{"allow":["GET"]}}],"collection":[{"href":"https:\/\/hideyourkeys.io\/fr\/wp-json\/wp\/v2\/product"}],"about":[{"href":"https:\/\/hideyourkeys.io\/fr\/wp-json\/wp\/v2\/types\/product"}],"replies":[{"embeddable":true,"href":"https:\/\/hideyourkeys.io\/fr\/wp-json\/wp\/v2\/comments?post=5901"}],"wp:featuredmedia":[{"embeddable":true,"href":"https:\/\/hideyourkeys.io\/fr\/wp-json\/wp\/v2\/media\/16391"}],"wp:attachment":[{"href":"https:\/\/hideyourkeys.io\/fr\/wp-json\/wp\/v2\/media?parent=5901"}],"wp:term":[{"taxonomy":"product_brand","embeddable":true,"href":"https:\/\/hideyourkeys.io\/fr\/wp-json\/wp\/v2\/product_brand?post=5901"},{"taxonomy":"product_cat","embeddable":true,"href":"https:\/\/hideyourkeys.io\/fr\/wp-json\/wp\/v2\/product_cat?post=5901"},{"taxonomy":"product_tag","embeddable":true,"href":"https:\/\/hideyourkeys.io\/fr\/wp-json\/wp\/v2\/product_tag?post=5901"}],"curies":[{"name":"wp","href":"https:\/\/api.w.org\/{rel}","templated":true}]}}