{"id":4520,"date":"2023-08-24T15:47:03","date_gmt":"2023-08-24T15:47:03","guid":{"rendered":"https:\/\/hideyourkeys.io\/politica-de-cookies\/"},"modified":"2024-08-06T11:10:44","modified_gmt":"2024-08-06T11:10:44","slug":"politica-de-cookies","status":"publish","type":"page","link":"https:\/\/hideyourkeys.io\/pt-pt\/politica-de-cookies\/","title":{"rendered":"Pol\u00edtica de cookies"},"content":{"rendered":"\n<div class=\"wp-block-stackable-text stk-block-text stk-block stk-308d439\" data-block-id=\"308d439\"><p class=\"stk-block-text__text has-text-align-justify\">Para gerir os cookies e as tecnologias semelhantes utilizadas (pix\u00e9is de rastreio, web beacons, etc.) e os respectivos consentimentos, utilizamos a ferramenta de consentimento &#8220;Real Cookie Banner&#8221;. Os pormenores sobre o funcionamento da &#8220;Real Cookie Banner&#8221; podem ser consultados em <a rel=\"noreferrer noopener\" href=\"https:\/\/devowl.io\/rcb\/data-processing\/\" target=\"_blank\">https:\/\/devowl.io\/rcb\/data-processing\/.<\/a><\/p><\/div>\n\n<div class=\"wp-block-stackable-text stk-block-text stk-block stk-9f44d42\" data-block-id=\"9f44d42\"><p class=\"stk-block-text__text has-text-align-justify\">A base jur\u00eddica para o tratamento de dados pessoais neste contexto \u00e9 o Art. 6 (1) lit. c do RGPD e Art. 6 (1) lit. f RGPD. O nosso interesse leg\u00edtimo \u00e9 a gest\u00e3o dos cookies e tecnologias semelhantes utilizadas e os respectivos consentimentos.<\/p><\/div>\n\n<div class=\"wp-block-stackable-text stk-block-text stk-block stk-d0665b9\" data-block-id=\"d0665b9\"><p class=\"stk-block-text__text has-text-align-justify\">O fornecimento de dados pessoais n\u00e3o \u00e9 contratualmente exigido nem necess\u00e1rio para a celebra\u00e7\u00e3o de um contrato. O utilizador n\u00e3o \u00e9 obrigado a fornecer os dados pessoais. Se n\u00e3o fornecer os dados pessoais, n\u00e3o poderemos gerir os seus consentimentos.<\/p><\/div>\n\n<p><\/p>\n\n<div class=\"wp-block-stackable-text stk-block-text stk-block stk-94bfc4c\" data-block-id=\"94bfc4c\"><p class=\"stk-block-text__text has-text-align-justify\">Gravatar \u00e9 um servi\u00e7o em que as pessoas podem associar o seu endere\u00e7o de correio eletr\u00f3nico a uma imagem de avatar que \u00e9, por exemplo, carregada na \u00e1rea de coment\u00e1rios. N\u00e3o s\u00e3o instalados cookies no sentido t\u00e9cnico no cliente do utilizador, mas os dados t\u00e9cnicos e pessoais, como o endere\u00e7o IP, ser\u00e3o transmitidos do cliente para o servidor do prestador de servi\u00e7os para tornar poss\u00edvel a utiliza\u00e7\u00e3o do servi\u00e7o.<\/p><\/div>\n\n<p><\/p>\n\n<div class=\"wp-block-stackable-text stk-block-text stk-block stk-3369c86\" data-block-id=\"3369c86\"><p class=\"stk-block-text__text has-text-align-justify\">O WordPress, enquanto sistema de gest\u00e3o de conte\u00fados, oferece a possibilidade de escrever coment\u00e1rios nas publica\u00e7\u00f5es de blogues e conte\u00fados semelhantes. O cookie armazena o nome, o endere\u00e7o de correio eletr\u00f3nico e o s\u00edtio Web de um comentador para o mostrar novamente se o comentador quiser escrever outro coment\u00e1rio neste s\u00edtio Web.<\/p><\/div>\n\n<p><\/p>\n\n<div class=\"wp-block-stackable-text stk-block-text stk-block stk-6d96f45\" data-block-id=\"6d96f45\"><p class=\"stk-block-text__text has-text-align-justify\">O Google Fonts \u00e9 um servi\u00e7o que descarrega tipos de letra que n\u00e3o est\u00e3o instalados no dispositivo cliente do utilizador e os incorpora no s\u00edtio Web. N\u00e3o s\u00e3o instalados cookies no sentido t\u00e9cnico no cliente do utilizador, mas os dados t\u00e9cnicos e pessoais, como o endere\u00e7o IP, ser\u00e3o transmitidos do cliente para o servidor do prestador de servi\u00e7os para tornar poss\u00edvel a utiliza\u00e7\u00e3o do servi\u00e7o.<\/p><\/div>\n\n<p><\/p>\n\n<p>Este s\u00edtio Web utiliza o WooCommerce para compras e gest\u00e3o de contas. Embora n\u00e3o sejam instalados cookies diretamente no seu dispositivo, determinados dados t\u00e9cnicos e pessoais, como o seu endere\u00e7o IP, s\u00e3o transmitidos ao servidor do prestador de servi\u00e7os para permitir estas fun\u00e7\u00f5es, incluindo a gest\u00e3o de informa\u00e7\u00f5es sobre encomendas e contas de utilizador. Ao utilizar este s\u00edtio, o utilizador d\u00e1 o seu consentimento a esta transmiss\u00e3o de dados e tem o direito de aceder, retificar ou apagar os seus dados pessoais<\/p>\n\n<p><\/p>\n\n<p>Este s\u00edtio Web utiliza a Stripe como plataforma de pagamento para o processamento seguro dos pagamentos. Embora n\u00e3o sejam definidos cookies diretamente no seu dispositivo, determinados dados t\u00e9cnicos e pessoais, como os seus dados de pagamento e registos de transac\u00e7\u00f5es, podem ser transmitidos de forma segura \u00e0 Stripe para facilitar o processamento do pagamento. Ao utilizar este s\u00edtio e ao efetuar compras atrav\u00e9s do Stripe, o utilizador concorda com esta transmiss\u00e3o de dados. O utilizador tem o direito de aceder, retificar ou apagar os seus dados pessoais relativos a pagamentos<\/p>\n\n<p><\/p>\n\n<p>Este site utiliza o Cloudflare, um servi\u00e7o de entrega de conte\u00fado e seguran\u00e7a que pode coletar e processar dados t\u00e9cnicos, como endere\u00e7os IP, para otimizar o desempenho do site e proteger contra amea\u00e7as \u00e0 seguran\u00e7a. Nenhuma informa\u00e7\u00e3o pessoal \u00e9 armazenada ou usada para fins de rastreamento.<\/p>\n\n<p><\/p>\n\n<p>Este site utiliza o WPML, um plugin do WordPress para fins de tradu\u00e7\u00e3o. Pode coletar e processar o conte\u00fado do site para tradu\u00e7\u00e3o, mas n\u00e3o armazena informa\u00e7\u00f5es pessoais nem rastreia o comportamento do usu\u00e1rio.<\/p>\n","protected":false},"excerpt":{"rendered":"<p>Para gerir os cookies e as tecnologias semelhantes utilizadas (pix\u00e9is de rastreio, web beacons, etc.) e os respectivos consentimentos, utilizamos a ferramenta de consentimento &#8220;Real Cookie Banner&#8221;. Os pormenores sobre o funcionamento da &#8220;Real Cookie Banner&#8221; podem ser consultados em https:\/\/devowl.io\/rcb\/data-processing\/. A base jur\u00eddica para o tratamento de dados pessoais neste contexto \u00e9 o Art. [&hellip;]<\/p>\n","protected":false},"author":1,"featured_media":0,"parent":0,"menu_order":0,"comment_status":"closed","ping_status":"open","template":"","meta":{"powered_cache_disable_cache":false,"powered_cache_disable_lazyload":false,"powered_cache_disable_css_optimization":false,"powered_cache_disable_js_optimization":false,"footnotes":""},"class_list":["post-4520","page","type-page","status-publish","hentry"],"blocksy_meta":[],"_links":{"self":[{"href":"https:\/\/hideyourkeys.io\/pt-pt\/wp-json\/wp\/v2\/pages\/4520","targetHints":{"allow":["GET"]}}],"collection":[{"href":"https:\/\/hideyourkeys.io\/pt-pt\/wp-json\/wp\/v2\/pages"}],"about":[{"href":"https:\/\/hideyourkeys.io\/pt-pt\/wp-json\/wp\/v2\/types\/page"}],"author":[{"embeddable":true,"href":"https:\/\/hideyourkeys.io\/pt-pt\/wp-json\/wp\/v2\/users\/1"}],"replies":[{"embeddable":true,"href":"https:\/\/hideyourkeys.io\/pt-pt\/wp-json\/wp\/v2\/comments?post=4520"}],"version-history":[{"count":0,"href":"https:\/\/hideyourkeys.io\/pt-pt\/wp-json\/wp\/v2\/pages\/4520\/revisions"}],"wp:attachment":[{"href":"https:\/\/hideyourkeys.io\/pt-pt\/wp-json\/wp\/v2\/media?parent=4520"}],"curies":[{"name":"wp","href":"https:\/\/api.w.org\/{rel}","templated":true}]}}