{"id":4528,"date":"2023-09-03T13:55:27","date_gmt":"2023-09-03T13:55:27","guid":{"rendered":"https:\/\/hideyourkeys.io\/transferencias\/"},"modified":"2025-10-10T19:53:19","modified_gmt":"2025-10-10T19:53:19","slug":"transferencias","status":"publish","type":"page","link":"https:\/\/hideyourkeys.io\/pt-pt\/transferencias\/","title":{"rendered":"Transfer\u00eancias"},"content":{"rendered":"\n<div class=\"wp-block-stackable-text stk-block-text stk-block stk-bf728cb\" data-block-id=\"bf728cb\"><p class=\"stk-block-text__text\">Nesta sec\u00e7\u00e3o, encontrar\u00e1 downloads dos nossos manuais para os produtos da loja, bem como guias para o ajudar a compreender as diferentes formas de auto-cust\u00f3dia de Bitcoin\/Crypto.<\/p><\/div>\n\n<div class=\"wp-block-stackable-heading stk-block-heading stk-block-heading--v2 stk-block stk-b4f3c02\" id=\"3-d-printing-files\" data-block-id=\"b4f3c02\"><h2 class=\"stk-block-heading__text\">Ficheiros de impress\u00e3o 3D<\/h2><\/div>\n\n<div class=\"wp-block-stackable-text stk-block-text stk-block stk-3441832\" data-block-id=\"3441832\"><p class=\"stk-block-text__text has-text-align-justify\">Descarrega os nossos ficheiros .STL para imprimires o teu pr\u00f3prio Jig:<\/p><\/div>\n\n<div class=\"wp-block-stackable-text stk-block-text stk-block stk-40bac39\" data-block-id=\"40bac39\"><p class=\"stk-block-text__text\"><strong>BitJig Free:<\/strong><\/p><\/div>\n\n<div class=\"wp-block-stackable-text stk-block-text stk-block stk-6e1c72d\" data-block-id=\"6e1c72d\"><p class=\"stk-block-text__text has-text-align-justify\">Se voc\u00ea tem uma impressora 3D, pode baixar os arquivos .STL para imprimir a vers\u00e3o BitJig Free, permitindo que voc\u00ea grave facilmente suas palavras de recupera\u00e7\u00e3o em arruelas M8 (24 mm).<\/p><\/div>\n\n<div class=\"wp-block-stackable-button-group stk-block-button-group stk-block stk-b63c85c\" data-block-id=\"b63c85c\"><div class=\"stk-row stk-inner-blocks stk-block-content stk-button-group\">\n<div class=\"wp-block-stackable-button stk-block-button my-animated-button stk-block stk-efd8c2b\" data-block-id=\"efd8c2b\"><style>.stk-efd8c2b .stk-button{background:var(--theme-palette-color-1, #FE9412) !important;border-top-left-radius:50px !important;border-top-right-radius:50px !important;border-bottom-right-radius:50px !important;border-bottom-left-radius:50px !important;}.stk-efd8c2b .stk-button:hover:after{background:var(--theme-palette-color-4, #0E0D12) !important;opacity:1 !important;}.stk-efd8c2b .stk-button:before{border-style:solid !important;border-color:var(--theme-palette-color-1, #FE9412) !important;border-top-width:2px !important;border-right-width:2px !important;border-bottom-width:2px !important;border-left-width:2px !important;}.stk-efd8c2b .stk-button:hover:before{border-color:var(--theme-palette-color-4, #0E0D12) !important;border-top-width:2px !important;border-right-width:2px !important;border-bottom-width:2px !important;border-left-width:2px !important;}.stk-efd8c2b .stk-button__inner-text{font-size:14px !important;color:var(--theme-palette-color-8, #ffffff) !important;}.stk-efd8c2b .stk-button:hover .stk-button__inner-text{color:var(--theme-palette-color-8, #ffffff) !important;}@media screen and (max-width:999px){.stk-efd8c2b .stk-button__inner-text{font-size:14px !important;}}<\/style><a class=\"stk-link stk-button stk--hover-effect-lift\" href=\"https:\/\/hideyourkeys.io\/pt-pt\/produto\/bitjig-free\" rel=\"noreferrer noopener\"><span class=\"has-text-color stk-button__inner-text\"><strong>DESCARREGAR<\/strong><\/span><\/a><\/div>\n<\/div><\/div>\n\n<div class=\"wp-block-stackable-text stk-block-text stk-block stk-861f796\" data-block-id=\"861f796\"><p class=\"stk-block-text__text\"><strong>BitJig Free 12 ranhuras:<\/strong><\/p><\/div>\n\n<div class=\"wp-block-stackable-text stk-block-text stk-block stk-bdcf1cd\" data-block-id=\"bdcf1cd\"><p class=\"stk-block-text__text has-text-align-justify\">Se voc\u00ea tem uma impressora 3D, pode baixar os arquivos .STL para imprimir a vers\u00e3o BitJig Free, permitindo que voc\u00ea grave facilmente suas palavras de recupera\u00e7\u00e3o em arruelas M8 (24 mm).<\/p><\/div>\n\n<div class=\"wp-block-stackable-button-group stk-block-button-group stk-block stk-d37c79e\" data-block-id=\"d37c79e\"><div class=\"stk-row stk-inner-blocks stk-block-content stk-button-group\">\n<div class=\"wp-block-stackable-button stk-block-button my-animated-button stk-block stk-27ffd7e\" data-block-id=\"27ffd7e\"><style>.stk-27ffd7e .stk-button{background:var(--theme-palette-color-1, #FE9412) !important;border-top-left-radius:50px !important;border-top-right-radius:50px !important;border-bottom-right-radius:50px !important;border-bottom-left-radius:50px !important;}.stk-27ffd7e .stk-button:hover:after{background:var(--theme-palette-color-4, #0E0D12) !important;opacity:1 !important;}.stk-27ffd7e .stk-button:before{border-style:solid !important;border-color:var(--theme-palette-color-1, #FE9412) !important;border-top-width:2px !important;border-right-width:2px !important;border-bottom-width:2px !important;border-left-width:2px !important;}.stk-27ffd7e .stk-button:hover:before{border-color:var(--theme-palette-color-4, #0E0D12) !important;border-top-width:2px !important;border-right-width:2px !important;border-bottom-width:2px !important;border-left-width:2px !important;}.stk-27ffd7e .stk-button__inner-text{font-size:14px !important;color:var(--theme-palette-color-8, #ffffff) !important;}.stk-27ffd7e .stk-button:hover .stk-button__inner-text{color:var(--theme-palette-color-8, #ffffff) !important;}@media screen and (max-width:999px){.stk-27ffd7e .stk-button__inner-text{font-size:14px !important;}}<\/style><a class=\"stk-link stk-button stk--hover-effect-lift\" href=\"https:\/\/hideyourkeys.io\/product\/bitjig-free-12-ranhuras\" rel=\"noreferrer noopener\"><span class=\"has-text-color stk-button__inner-text\"><strong>DESCARREGAR<\/strong><\/span><\/a><\/div>\n<\/div><\/div>\n\n<div class=\"wp-block-stackable-heading stk-block-heading stk-block-heading--v2 stk-block stk-1e41cc3\" id=\"guides\" data-block-id=\"1e41cc3\"><h2 class=\"stk-block-heading__text\">Guias<\/h2><\/div>\n\n<div class=\"wp-block-stackable-text stk-block-text stk-block stk-7a03249\" data-block-id=\"7a03249\"><p class=\"stk-block-text__text has-text-align-justify\">Descarregar os nossos guias:<\/p><\/div>\n\n<div class=\"wp-block-stackable-text stk-block-text stk-block stk-e1a92cb\" data-block-id=\"e1a92cb\"><p class=\"stk-block-text__text\"><strong>O guia definitivo para os plebeus guardarem a sua Bitcoin<\/strong><\/p><\/div>\n\n<div class=\"wp-block-stackable-text stk-block-text stk-block stk-96793be\" data-block-id=\"96793be\"><p class=\"stk-block-text__text has-text-align-justify\">Quando se trata de proteger a sua Bitcoin (ou outras criptomoedas), \u00e9 crucial ter controlo sobre as suas chaves e n\u00e3o depender de trocas ou de terceiros. Este guia explicar\u00e1 os m\u00e9todos que s\u00e3o suficientemente eficazes e eficientes para o armazenamento seguro de Bitcoin na nossa perspetiva.<\/p><\/div>\n\n<div class=\"wp-block-stackable-button-group stk-block-button-group stk-block stk-2fa8e2f\" data-block-id=\"2fa8e2f\"><div class=\"stk-row stk-inner-blocks stk-block-content stk-button-group\">\n<div class=\"wp-block-stackable-button stk-block-button my-animated-button stk-block stk-12fa784\" data-block-id=\"12fa784\"><style>.stk-12fa784 .stk-button{background:var(--theme-palette-color-1, #FE9412) !important;}.stk-12fa784 .stk-button:hover:after{background:var(--theme-palette-color-4, #0E0D12) !important;opacity:1 !important;}.stk-12fa784 .stk-button:before{border-style:solid !important;border-color:var(--theme-palette-color-1, #FE9412) !important;border-top-width:2px !important;border-right-width:2px !important;border-bottom-width:2px !important;border-left-width:2px !important;}.stk-12fa784 .stk-button:hover:before{border-color:var(--theme-palette-color-4, #0E0D12) !important;border-top-width:2px !important;border-right-width:2px !important;border-bottom-width:2px !important;border-left-width:2px !important;}.stk-12fa784 .stk-button__inner-text{font-size:14px !important;color:var(--theme-palette-color-8, #ffffff) !important;}.stk-12fa784 .stk-button:hover .stk-button__inner-text{color:var(--theme-palette-color-8, #ffffff) !important;}@media screen and (max-width:999px){.stk-12fa784 .stk-button__inner-text{font-size:14px !important;}}<\/style><a class=\"stk-link stk-button stk--hover-effect-lift\" href=\"https:\/\/hideyourkeys.io\/pt-pt\/produto\/o-guia-definitivo-da-pele-para-armazenar-sua-bitcoin\/\" rel=\"noreferrer noopener\"><span class=\"has-text-color stk-button__inner-text\"><strong>DESCARREGAR<\/strong><\/span><\/a><\/div>\n<\/div><\/div>\n\n<div class=\"wp-block-stackable-text stk-block-text stk-block stk-ff41b96\" data-block-id=\"ff41b96\"><p class=\"stk-block-text__text\"><strong>Dando sentido ao Bitcoin<\/strong><\/p><\/div>\n\n<div class=\"wp-block-stackable-text stk-block-text stk-block stk-4bdba1a\" data-block-id=\"4bdba1a\"><p class=\"stk-block-text__text has-text-align-justify\">Quando se trata de proteger a sua Bitcoin (ou outras criptomoedas), \u00e9 crucial ter controlo sobre as suas chaves e n\u00e3o depender de trocas ou de terceiros. Este guia ir\u00e1 ajud\u00e1-lo a entender o Bitcoin e explicar os m\u00e9todos que s\u00e3o eficazes e eficientes o suficiente para o armazenamento seguro de Bitcoin sob nossa perspetiva.<\/p><\/div>\n\n<div class=\"wp-block-stackable-button-group stk-block-button-group stk-block stk-f9b9cdf\" data-block-id=\"f9b9cdf\"><div class=\"stk-row stk-inner-blocks stk-block-content stk-button-group\">\n<div class=\"wp-block-stackable-button stk-block-button my-animated-button stk-block stk-373e94c\" data-block-id=\"373e94c\"><style>.stk-373e94c .stk-button{background:var(--theme-palette-color-1, #FE9412) !important;}.stk-373e94c .stk-button:hover:after{background:var(--theme-palette-color-4, #0E0D12) !important;opacity:1 !important;}.stk-373e94c .stk-button:before{border-style:solid !important;border-color:var(--theme-palette-color-1, #FE9412) !important;border-top-width:2px !important;border-right-width:2px !important;border-bottom-width:2px !important;border-left-width:2px !important;}.stk-373e94c .stk-button:hover:before{border-color:var(--theme-palette-color-4, #0E0D12) !important;border-top-width:2px !important;border-right-width:2px !important;border-bottom-width:2px !important;border-left-width:2px !important;}.stk-373e94c .stk-button__inner-text{font-size:14px !important;color:var(--theme-palette-color-8, #ffffff) !important;}.stk-373e94c .stk-button:hover .stk-button__inner-text{color:var(--theme-palette-color-8, #ffffff) !important;}@media screen and (max-width:999px){.stk-373e94c .stk-button__inner-text{font-size:14px !important;}}<\/style><a class=\"stk-link stk-button stk--hover-effect-lift\" href=\"https:\/\/hideyourkeys.io\/pt-pt\/produto\/o-que-e-bitcoin-fazendo-sentido-de-bitcoin\/\" rel=\"noreferrer noopener\"><span class=\"has-text-color stk-button__inner-text\"><strong>DESCARREGAR<\/strong><\/span><\/a><\/div>\n<\/div><\/div>\n\n<div class=\"wp-block-stackable-text stk-block-text stk-block stk-0a1d691\" data-block-id=\"0a1d691\"><p class=\"stk-block-text__text\"><strong>Como compreenderes a Bitcoin em menos de 1 hora?<\/strong><\/p><\/div>\n\n<div class=\"wp-block-stackable-text stk-block-text stk-block stk-a161ab2\" data-block-id=\"a161ab2\"><p class=\"stk-block-text__text has-text-align-justify\">O guia de introdu\u00e7\u00e3o perfeito para &#8220;encher de laranja&#8221; os teus amigos e familiares.<\/p><\/div>\n\n<div class=\"wp-block-stackable-button-group stk-block-button-group stk-block stk-42dc740\" data-block-id=\"42dc740\"><div class=\"stk-row stk-inner-blocks stk-block-content stk-button-group\">\n<div class=\"wp-block-stackable-button stk-block-button my-animated-button stk-block stk-d6c261d\" data-block-id=\"d6c261d\"><style>.stk-d6c261d .stk-button{background:var(--theme-palette-color-1, #FE9412) !important;}.stk-d6c261d .stk-button:hover:after{background:var(--theme-palette-color-4, #0E0D12) !important;opacity:1 !important;}.stk-d6c261d .stk-button:before{border-style:solid !important;border-color:var(--theme-palette-color-1, #FE9412) !important;border-top-width:2px !important;border-right-width:2px !important;border-bottom-width:2px !important;border-left-width:2px !important;}.stk-d6c261d .stk-button:hover:before{border-color:var(--theme-palette-color-4, #0E0D12) !important;border-top-width:2px !important;border-right-width:2px !important;border-bottom-width:2px !important;border-left-width:2px !important;}.stk-d6c261d .stk-button__inner-text{font-size:14px !important;color:var(--theme-palette-color-8, #ffffff) !important;}.stk-d6c261d .stk-button:hover .stk-button__inner-text{color:var(--theme-palette-color-8, #ffffff) !important;}@media screen and (max-width:999px){.stk-d6c261d .stk-button__inner-text{font-size:14px !important;}}<\/style><a class=\"stk-link stk-button stk--hover-effect-lift\" href=\"https:\/\/hideyourkeys.io\/pt-pt\/produto\/entenda-bitcoin-menos-1-hora\/\" rel=\"noreferrer noopener\"><span class=\"has-text-color stk-button__inner-text\"><strong>DESCARREGAR<\/strong><\/span><\/a><\/div>\n<\/div><\/div>\n\n<div class=\"wp-block-stackable-heading stk-block-heading stk-block-heading--v2 stk-block stk-b88887a\" id=\"manuals\" data-block-id=\"b88887a\"><h2 class=\"stk-block-heading__text\">Manuais<\/h2><\/div>\n\n<div class=\"wp-block-stackable-text stk-block-text stk-block stk-51faa7c\" data-block-id=\"51faa7c\"><p class=\"stk-block-text__text has-text-align-justify\">Descarregar os nossos manuais:<\/p><\/div>\n\n<div class=\"wp-block-stackable-text stk-block-text stk-block stk-23f8361\" data-block-id=\"23f8361\"><p class=\"stk-block-text__text\"><strong>Manual do BitJig:<\/strong><\/p><\/div>\n\n<div class=\"wp-block-stackable-text stk-block-text stk-block stk-dcbba58\" data-block-id=\"dcbba58\"><p class=\"stk-block-text__text\">Descarregue os nossos manuais de gabaritos de estampagem, para gravar corretamente as suas anilhas met\u00e1licas.<\/p><\/div>\n\n<div class=\"wp-block-stackable-button-group stk-block-button-group stk-block stk-43b5c08\" data-block-id=\"43b5c08\"><div class=\"stk-row stk-inner-blocks stk-block-content stk-button-group\">\n<div class=\"wp-block-stackable-button stk-block-button my-animated-button stk-block stk-526dc3e\" data-block-id=\"526dc3e\"><style>.stk-526dc3e .stk-button{background:var(--theme-palette-color-1, #FE9412) !important;}.stk-526dc3e .stk-button:hover:after{background:var(--theme-palette-color-4, #0E0D12) !important;opacity:1 !important;}.stk-526dc3e .stk-button:before{border-style:solid !important;border-color:var(--theme-palette-color-1, #FE9412) !important;border-top-width:2px !important;border-right-width:2px !important;border-bottom-width:2px !important;border-left-width:2px !important;}.stk-526dc3e .stk-button:hover:before{border-color:var(--theme-palette-color-4, #0E0D12) !important;border-top-width:2px !important;border-right-width:2px !important;border-bottom-width:2px !important;border-left-width:2px !important;}.stk-526dc3e .stk-button__inner-text{font-size:14px !important;color:var(--theme-palette-color-8, #ffffff) !important;}.stk-526dc3e .stk-button:hover .stk-button__inner-text{color:var(--theme-palette-color-8, #ffffff) !important;}@media screen and (max-width:999px){.stk-526dc3e .stk-button__inner-text{font-size:14px !important;}}<\/style><a class=\"stk-link stk-button stk--hover-effect-lift\" href=\"https:\/\/hideyourkeys.io\/pt-pt\/produto\/bitjig-manual\/\" rel=\"noreferrer noopener\"><span class=\"has-text-color stk-button__inner-text\"><strong>DESCARREGAR<\/strong><\/span><\/a><\/div>\n<\/div><\/div>\n\n<div class=\"wp-block-stackable-text stk-block-text stk-block stk-36cf19e\" data-block-id=\"36cf19e\"><p class=\"stk-block-text__text\"><strong>Vasos para plantas:<\/strong><\/p><\/div>\n\n<div class=\"wp-block-stackable-text stk-block-text stk-block stk-2942d2f\" data-block-id=\"2942d2f\"><p class=\"stk-block-text__text\">Consulte o nosso manual de vasos para plantas, para ver como esconder as suas frases de sementes no interior!<\/p><\/div>\n\n<div class=\"wp-block-stackable-button-group stk-block-button-group stk-block stk-4290e67\" data-block-id=\"4290e67\"><div class=\"stk-row stk-inner-blocks stk-block-content stk-button-group\">\n<div class=\"wp-block-stackable-button stk-block-button my-animated-button stk-block stk-d34c3e5\" data-block-id=\"d34c3e5\"><style>.stk-d34c3e5 .stk-button{background:var(--theme-palette-color-1, #FE9412) !important;}.stk-d34c3e5 .stk-button:hover:after{background:var(--theme-palette-color-4, #0E0D12) !important;opacity:1 !important;}.stk-d34c3e5 .stk-button:before{border-style:solid !important;border-color:var(--theme-palette-color-1, #FE9412) !important;border-top-width:2px !important;border-right-width:2px !important;border-bottom-width:2px !important;border-left-width:2px !important;}.stk-d34c3e5 .stk-button:hover:before{border-color:var(--theme-palette-color-4, #0E0D12) !important;border-top-width:2px !important;border-right-width:2px !important;border-bottom-width:2px !important;border-left-width:2px !important;}.stk-d34c3e5 .stk-button__inner-text{font-size:14px !important;color:var(--theme-palette-color-8, #ffffff) !important;}.stk-d34c3e5 .stk-button:hover .stk-button__inner-text{color:var(--theme-palette-color-8, #ffffff) !important;}@media screen and (max-width:999px){.stk-d34c3e5 .stk-button__inner-text{font-size:14px !important;}}<\/style><a class=\"stk-link stk-button stk--hover-effect-lift\" href=\"https:\/\/hideyourkeys.io\/pt-pt\/produto\/vaso-cofre-manual\/\" rel=\"noreferrer noopener\"><span class=\"has-text-color stk-button__inner-text\"><strong>DESCARREGAR<\/strong><\/span><\/a><\/div>\n<\/div><\/div>\n\n<div class=\"wp-block-stackable-text stk-block-text stk-block stk-597c41e\" data-block-id=\"597c41e\"><p class=\"stk-block-text__text\"><strong>Vasos:<\/strong><\/p><\/div>\n\n<div class=\"wp-block-stackable-text stk-block-text stk-block stk-272909e\" data-block-id=\"272909e\"><p class=\"stk-block-text__text\">Quer um local perfeito para esconder a sua frase mnem\u00f3nica? Consulte o nosso manual de vasos<\/p><\/div>\n\n<div class=\"wp-block-stackable-button-group stk-block-button-group stk-block stk-502c116\" data-block-id=\"502c116\"><div class=\"stk-row stk-inner-blocks stk-block-content stk-button-group\">\n<div class=\"wp-block-stackable-button stk-block-button my-animated-button stk-block stk-a6a0e95\" data-block-id=\"a6a0e95\"><style>.stk-a6a0e95 .stk-button{background:var(--theme-palette-color-1, #FE9412) !important;}.stk-a6a0e95 .stk-button:hover:after{background:var(--theme-palette-color-4, #0E0D12) !important;opacity:1 !important;}.stk-a6a0e95 .stk-button:before{border-style:solid !important;border-color:var(--theme-palette-color-1, #FE9412) !important;border-top-width:2px !important;border-right-width:2px !important;border-bottom-width:2px !important;border-left-width:2px !important;}.stk-a6a0e95 .stk-button:hover:before{border-color:var(--theme-palette-color-4, #0E0D12) !important;border-top-width:2px !important;border-right-width:2px !important;border-bottom-width:2px !important;border-left-width:2px !important;}.stk-a6a0e95 .stk-button__inner-text{font-size:14px !important;color:var(--theme-palette-color-8, #ffffff) !important;}.stk-a6a0e95 .stk-button:hover .stk-button__inner-text{color:var(--theme-palette-color-8, #ffffff) !important;}@media screen and (max-width:999px){.stk-a6a0e95 .stk-button__inner-text{font-size:14px !important;}}<\/style><a class=\"stk-link stk-button stk--hover-effect-lift\" href=\"https:\/\/hideyourkeys.io\/pt-pt\/produto\/vasos-manuais\/\" rel=\"noreferrer noopener\"><span class=\"has-text-color stk-button__inner-text\"><strong>DESCARREGAR<\/strong><\/span><\/a><\/div>\n<\/div><\/div>\n\n<div class=\"wp-block-stackable-text stk-block-text stk-block stk-d62c768\" data-block-id=\"d62c768\"><p class=\"stk-block-text__text\"><strong>Dreno de jardim:<\/strong><\/p><\/div>\n\n<div class=\"wp-block-stackable-text stk-block-text stk-block stk-a639ffd\" data-block-id=\"a639ffd\"><p class=\"stk-block-text__text\">Tem um belo jardim? Bem, pode ser um bom s\u00edtio para esconder as chaves. Consulte o nosso manual:<\/p><\/div>\n\n<div class=\"wp-block-stackable-button-group stk-block-button-group stk-block stk-706c2c7\" data-block-id=\"706c2c7\"><div class=\"stk-row stk-inner-blocks stk-block-content stk-button-group\">\n<div class=\"wp-block-stackable-button stk-block-button my-animated-button stk-block stk-2ca94bf\" data-block-id=\"2ca94bf\"><style>.stk-2ca94bf .stk-button{background:var(--theme-palette-color-1, #FE9412) !important;}.stk-2ca94bf .stk-button:hover:after{background:var(--theme-palette-color-4, #0E0D12) !important;opacity:1 !important;}.stk-2ca94bf .stk-button:before{border-style:solid !important;border-color:var(--theme-palette-color-1, #FE9412) !important;border-top-width:2px !important;border-right-width:2px !important;border-bottom-width:2px !important;border-left-width:2px !important;}.stk-2ca94bf .stk-button:hover:before{border-color:var(--theme-palette-color-4, #0E0D12) !important;border-top-width:2px !important;border-right-width:2px !important;border-bottom-width:2px !important;border-left-width:2px !important;}.stk-2ca94bf .stk-button__inner-text{font-size:14px !important;color:var(--theme-palette-color-8, #ffffff) !important;}.stk-2ca94bf .stk-button:hover .stk-button__inner-text{color:var(--theme-palette-color-8, #ffffff) !important;}@media screen and (max-width:999px){.stk-2ca94bf .stk-button__inner-text{font-size:14px !important;}}<\/style><a class=\"stk-link stk-button stk--hover-effect-lift\" href=\"https:\/\/hideyourkeys.io\/pt-pt\/produto\/manual-drenagem-jardim\/\" rel=\"noreferrer noopener\"><span class=\"has-text-color stk-button__inner-text\"><strong>DESCARREGAR<\/strong><\/span><\/a><\/div>\n<\/div><\/div>\n\n<div class=\"wp-block-stackable-text stk-block-text stk-block stk-a3f497b\" data-block-id=\"a3f497b\"><p class=\"stk-block-text__text\"><strong>Carteira de hardware:<\/strong><\/p><\/div>\n\n<div class=\"wp-block-stackable-text stk-block-text stk-block stk-a0cdb72\" data-block-id=\"a0cdb72\"><p class=\"stk-block-text__text\">Quer experimentar a nossa carteira de hardware? Bem, devias ler o manual primeiro:<\/p><\/div>\n\n<div class=\"wp-block-stackable-button-group stk-block-button-group stk-block stk-8cda56f\" data-block-id=\"8cda56f\"><div class=\"stk-row stk-inner-blocks stk-block-content stk-button-group\">\n<div class=\"wp-block-stackable-button stk-block-button my-animated-button stk-block stk-56f5323\" data-block-id=\"56f5323\"><style>.stk-56f5323 .stk-button{background:var(--theme-palette-color-1, #FE9412) !important;}.stk-56f5323 .stk-button:hover:after{background:var(--theme-palette-color-4, #0E0D12) !important;opacity:1 !important;}.stk-56f5323 .stk-button:before{border-style:solid !important;border-color:var(--theme-palette-color-1, #FE9412) !important;border-top-width:2px !important;border-right-width:2px !important;border-bottom-width:2px !important;border-left-width:2px !important;}.stk-56f5323 .stk-button:hover:before{border-color:var(--theme-palette-color-4, #0E0D12) !important;border-top-width:2px !important;border-right-width:2px !important;border-bottom-width:2px !important;border-left-width:2px !important;}.stk-56f5323 .stk-button__inner-text{font-size:14px !important;color:var(--theme-palette-color-8, #ffffff) !important;}.stk-56f5323 .stk-button:hover .stk-button__inner-text{color:var(--theme-palette-color-8, #ffffff) !important;}@media screen and (max-width:999px){.stk-56f5323 .stk-button__inner-text{font-size:14px !important;}}<\/style><a class=\"stk-link stk-button stk--hover-effect-lift\" href=\"https:\/\/hideyourkeys.io\/pt-pt\/produto\/manual-da-carteira-de-hardware\/\" rel=\"noreferrer noopener\"><span class=\"has-text-color stk-button__inner-text\"><strong>DESCARREGAR<\/strong><\/span><\/a><\/div>\n<\/div><\/div>\n\n<div class=\"wp-block-stackable-heading stk-block-heading stk-block-heading--v2 stk-block stk-0797dec\" id=\"need-help\" data-block-id=\"0797dec\"><h2 class=\"stk-block-heading__text\">Precisa de ajuda?<\/h2><\/div>\n\n<div class=\"wp-block-stackable-text stk-block-text stk-block stk-6b416af\" data-block-id=\"6b416af\"><p class=\"stk-block-text__text\">Para qualquer outra quest\u00e3o, contacte-nos atrav\u00e9s do endere\u00e7o <strong>info@hideyourkeys.io<\/strong> <\/p><\/div>\n\n<p><\/p>\n","protected":false},"excerpt":{"rendered":"<p>Nesta sec\u00e7\u00e3o, encontrar\u00e1 downloads dos nossos manuais para os produtos da loja, bem como guias para o ajudar a compreender as diferentes formas de auto-cust\u00f3dia de Bitcoin\/Crypto. Ficheiros de impress\u00e3o 3D Descarrega os nossos ficheiros .STL para imprimires o teu pr\u00f3prio Jig: BitJig Free: Se voc\u00ea tem uma impressora 3D, pode baixar os arquivos .STL [&hellip;]<\/p>\n","protected":false},"author":1,"featured_media":0,"parent":0,"menu_order":0,"comment_status":"closed","ping_status":"closed","template":"","meta":{"powered_cache_disable_cache":false,"powered_cache_disable_lazyload":false,"powered_cache_disable_css_optimization":false,"powered_cache_disable_js_optimization":false,"footnotes":""},"class_list":["post-4528","page","type-page","status-publish","hentry"],"blocksy_meta":[],"_links":{"self":[{"href":"https:\/\/hideyourkeys.io\/pt-pt\/wp-json\/wp\/v2\/pages\/4528","targetHints":{"allow":["GET"]}}],"collection":[{"href":"https:\/\/hideyourkeys.io\/pt-pt\/wp-json\/wp\/v2\/pages"}],"about":[{"href":"https:\/\/hideyourkeys.io\/pt-pt\/wp-json\/wp\/v2\/types\/page"}],"author":[{"embeddable":true,"href":"https:\/\/hideyourkeys.io\/pt-pt\/wp-json\/wp\/v2\/users\/1"}],"replies":[{"embeddable":true,"href":"https:\/\/hideyourkeys.io\/pt-pt\/wp-json\/wp\/v2\/comments?post=4528"}],"version-history":[{"count":0,"href":"https:\/\/hideyourkeys.io\/pt-pt\/wp-json\/wp\/v2\/pages\/4528\/revisions"}],"wp:attachment":[{"href":"https:\/\/hideyourkeys.io\/pt-pt\/wp-json\/wp\/v2\/media?parent=4528"}],"curies":[{"name":"wp","href":"https:\/\/api.w.org\/{rel}","templated":true}]}}