{"id":4550,"date":"2022-03-02T09:54:53","date_gmt":"2022-03-02T09:54:53","guid":{"rendered":"https:\/\/hideyourkeys.io\/politica-de-privacidade\/"},"modified":"2024-08-06T11:24:13","modified_gmt":"2024-08-06T11:24:13","slug":"politica-de-privacidade","status":"publish","type":"page","link":"https:\/\/hideyourkeys.io\/pt-pt\/politica-de-privacidade\/","title":{"rendered":"Pol\u00edtica de privacidade"},"content":{"rendered":"\n<div class=\"wp-block-stackable-text stk-block-text stk-block stk-182c3e1\" data-block-id=\"182c3e1\"><p class=\"stk-block-text__text has-text-align-justify\">Bem-vindo \u00e0 sec\u00e7\u00e3o Pol\u00edtica de Privacidade do HideYourKeys. Esta pol\u00edtica explica como tratamos as suas informa\u00e7\u00f5es e dados pessoais quando utiliza o nosso s\u00edtio Web. Valorizamos a sua privacidade e estamos empenhados em cumprir o Regulamento Geral sobre a Prote\u00e7\u00e3o de Dados (RGPD) e o artigo 165\u00ba (3) da Lei das Telecomunica\u00e7\u00f5es (TKG).<\/p><\/div>\n\n<div class=\"wp-block-stackable-text stk-block-text stk-block stk-f2867c8\" data-block-id=\"f2867c8\"><p class=\"stk-block-text__text has-text-align-justify\"><strong>1. Recolha e utiliza\u00e7\u00e3o de dados:<\/strong> Recolhemos informa\u00e7\u00f5es pessoais, tais como nome, endere\u00e7o de correio eletr\u00f3nico, endere\u00e7o de envio e detalhes de pagamento para processar encomendas e proporcionar uma experi\u00eancia de compra sem problemas. Os seus dados podem ser utilizados para o cumprimento de encomendas, acompanhamento de encomendas, servi\u00e7o ao cliente e comunica\u00e7\u00e3o sobre promo\u00e7\u00f5es e actualiza\u00e7\u00f5es.<\/p><\/div>\n\n<div class=\"wp-block-stackable-text stk-block-text stk-block stk-585c68c\" data-block-id=\"585c68c\"><p class=\"stk-block-text__text\"><strong>2. Consentimento e controlo de dados:<\/strong> Ao utilizar o nosso s\u00edtio Web e ao fornecer as suas informa\u00e7\u00f5es, o utilizador autoriza a recolha, a utiliza\u00e7\u00e3o e o tratamento dos seus dados tal como descrito na presente pol\u00edtica.<\/p><\/div>\n\n<div class=\"wp-block-stackable-text stk-block-text stk-block stk-c9fadf3\" data-block-id=\"c9fadf3\"><p class=\"stk-block-text__text\"><strong>3. Seguran\u00e7a dos dados:<\/strong> Este s\u00edtio implementa medidas de seguran\u00e7a para proteger os dados do utilizador contra acesso, divulga\u00e7\u00e3o ou altera\u00e7\u00e3o n\u00e3o autorizados. As informa\u00e7\u00f5es de pagamento s\u00e3o encriptadas.<\/p><\/div>\n\n<div class=\"wp-block-stackable-text stk-block-text stk-block stk-510b4be\" data-block-id=\"510b4be\"><p class=\"stk-block-text__text\"><strong>4. Reten\u00e7\u00e3o de dados:<\/strong> Conservamos os seus dados pessoais apenas durante o tempo necess\u00e1rio para cumprir os objectivos descritos nesta pol\u00edtica ou conforme exigido por lei.<\/p><\/div>\n\n<div class=\"wp-block-stackable-text stk-block-text stk-block stk-7f842a2\" data-block-id=\"7f842a2\"><p class=\"stk-block-text__text\"><strong>5. Direitos dos titulares dos dados:<\/strong> O utilizador tem o direito de aceder, retificar ou apagar os seus dados pessoais, bem como o direito de restringir ou de se opor ao tratamento.<\/p><\/div>\n\n<div class=\"wp-block-stackable-text stk-block-text stk-block stk-1f7fd98\" data-block-id=\"1f7fd98\"><p class=\"stk-block-text__text has-text-align-justify\"><strong>6. Cookies e rastreio:<\/strong> O nosso s\u00edtio Web pode utilizar cookies para melhorar a sua experi\u00eancia de navega\u00e7\u00e3o e analisar o tr\u00e1fego do s\u00edtio Web. Para mais informa\u00e7\u00f5es, consulte a nossa pol\u00edtica de cookies.<\/p><\/div>\n\n<div class=\"wp-block-stackable-text stk-block-text stk-block stk-9b92cea\" data-block-id=\"9b92cea\"><p class=\"stk-block-text__text has-text-align-justify\">Para gerir os cookies e as tecnologias semelhantes utilizadas (pix\u00e9is de rastreio, web beacons, etc.) e os respectivos consentimentos, utilizamos a ferramenta de consentimento &#8220;Real Cookie Banner&#8221;. Os pormenores sobre o funcionamento da &#8220;Real Cookie Banner&#8221; podem ser consultados em <a href=\"https:\/\/devowl.io\/rcb\/data-processing\/\" rel=\"noreferrer noopener\" target=\"_blank\">https:\/\/devowl.io\/rcb\/data-processing\/.<\/a><\/p><\/div>\n\n<div class=\"wp-block-stackable-text stk-block-text stk-block stk-8626bfe\" data-block-id=\"8626bfe\"><p class=\"stk-block-text__text has-text-align-justify\">A base jur\u00eddica para o tratamento de dados pessoais neste contexto \u00e9 o Art. 6 (1) lit. c do RGPD e Art. 6 (1) lit. f RGPD. O nosso interesse leg\u00edtimo \u00e9 a gest\u00e3o dos cookies e tecnologias semelhantes utilizadas e os respectivos consentimentos.<\/p><\/div>\n\n<div class=\"wp-block-stackable-text stk-block-text stk-block stk-0685207\" data-block-id=\"0685207\"><p class=\"stk-block-text__text has-text-align-justify\">O fornecimento de dados pessoais n\u00e3o \u00e9 contratualmente exigido nem necess\u00e1rio para a celebra\u00e7\u00e3o de um contrato. O utilizador n\u00e3o \u00e9 obrigado a fornecer os dados pessoais. Se n\u00e3o fornecer os dados pessoais, n\u00e3o poderemos gerir os seus consentimentos.<\/p><\/div>\n\n<div class=\"wp-block-stackable-text stk-block-text stk-block stk-d835cc3\" data-block-id=\"d835cc3\"><p class=\"stk-block-text__text\"><strong>7. Servi\u00e7os de terceiros:<\/strong> O nosso s\u00edtio Web pode integrar-se em servi\u00e7os de terceiros para processamento de pagamentos e an\u00e1lises. Consulte as respectivas pol\u00edticas de privacidade em separado.<\/p><\/div>\n\n<div class=\"wp-block-stackable-text stk-block-text stk-block stk-1020084\" data-block-id=\"1020084\"><p class=\"stk-block-text__text has-text-align-justify\"><strong>8. Actualiza\u00e7\u00f5es da Pol\u00edtica de Privacidade:<\/strong> Esta Pol\u00edtica de Privacidade pode ser actualizada para refletir altera\u00e7\u00f5es nas leis de prote\u00e7\u00e3o de dados ou nas nossas pr\u00e1ticas. Quaisquer altera\u00e7\u00f5es ser\u00e3o publicadas no nosso s\u00edtio Web.<\/p><\/div>\n\n<div class=\"wp-block-stackable-text stk-block-text stk-block stk-94c4526\" data-block-id=\"94c4526\"><p class=\"stk-block-text__text\"><strong>9. Informa\u00e7\u00f5es de contacto:<\/strong> Para quest\u00f5es, preocupa\u00e7\u00f5es ou pedidos relacionados com os seus dados pessoais, contacte-nos atrav\u00e9s do endere\u00e7o info@hideyourkeys.io<\/p><\/div>\n\n<div class=\"wp-block-stackable-text stk-block-text stk-block stk-a4464b6\" data-block-id=\"a4464b6\"><p class=\"stk-block-text__text has-text-align-justify\">Leia atentamente esta Pol\u00edtica de Privacidade para compreender como s\u00e3o tratados os seus dados. Ao utilizar o nosso s\u00edtio Web, o utilizador concorda com os termos descritos na presente pol\u00edtica. Se tiver alguma d\u00favida ou preocupa\u00e7\u00e3o, n\u00e3o hesite em contactar-nos.<\/p><\/div>\n","protected":false},"excerpt":{"rendered":"<p>Bem-vindo \u00e0 sec\u00e7\u00e3o Pol\u00edtica de Privacidade do HideYourKeys. Esta pol\u00edtica explica como tratamos as suas informa\u00e7\u00f5es e dados pessoais quando utiliza o nosso s\u00edtio Web. Valorizamos a sua privacidade e estamos empenhados em cumprir o Regulamento Geral sobre a Prote\u00e7\u00e3o de Dados (RGPD) e o artigo 165\u00ba (3) da Lei das Telecomunica\u00e7\u00f5es (TKG). 1. Recolha [&hellip;]<\/p>\n","protected":false},"author":1,"featured_media":0,"parent":0,"menu_order":0,"comment_status":"closed","ping_status":"open","template":"","meta":{"powered_cache_disable_cache":false,"powered_cache_disable_lazyload":false,"powered_cache_disable_css_optimization":false,"powered_cache_disable_js_optimization":false,"footnotes":""},"class_list":["post-4550","page","type-page","status-publish","hentry"],"blocksy_meta":[],"_links":{"self":[{"href":"https:\/\/hideyourkeys.io\/pt-pt\/wp-json\/wp\/v2\/pages\/4550","targetHints":{"allow":["GET"]}}],"collection":[{"href":"https:\/\/hideyourkeys.io\/pt-pt\/wp-json\/wp\/v2\/pages"}],"about":[{"href":"https:\/\/hideyourkeys.io\/pt-pt\/wp-json\/wp\/v2\/types\/page"}],"author":[{"embeddable":true,"href":"https:\/\/hideyourkeys.io\/pt-pt\/wp-json\/wp\/v2\/users\/1"}],"replies":[{"embeddable":true,"href":"https:\/\/hideyourkeys.io\/pt-pt\/wp-json\/wp\/v2\/comments?post=4550"}],"version-history":[{"count":0,"href":"https:\/\/hideyourkeys.io\/pt-pt\/wp-json\/wp\/v2\/pages\/4550\/revisions"}],"wp:attachment":[{"href":"https:\/\/hideyourkeys.io\/pt-pt\/wp-json\/wp\/v2\/media?parent=4550"}],"curies":[{"name":"wp","href":"https:\/\/api.w.org\/{rel}","templated":true}]}}