{"id":4558,"date":"2023-08-24T08:38:35","date_gmt":"2023-08-24T08:38:35","guid":{"rendered":"https:\/\/hideyourkeys.io\/politica-de-reembolso-e-devolucao\/"},"modified":"2024-08-06T11:23:20","modified_gmt":"2024-08-06T11:23:20","slug":"politica-de-reembolso-e-devolucao","status":"publish","type":"page","link":"https:\/\/hideyourkeys.io\/pt-pt\/politica-de-reembolso-e-devolucao\/","title":{"rendered":"Pol\u00edtica de reembolso e devolu\u00e7\u00e3o"},"content":{"rendered":"\n<p><\/p>\n\n<h3 class=\"wp-block-heading\">Vis\u00e3o geral<\/h3>\n\n<div class=\"wp-block-stackable-text stk-block-text stk-block stk-7a03249\" data-block-id=\"7a03249\"><p class=\"stk-block-text__text has-text-align-justify\">A nossa pol\u00edtica de reembolso e devolu\u00e7\u00e3o tem uma dura\u00e7\u00e3o de 14 dias. Se tiverem passado 14 dias ap\u00f3s a compra, n\u00e3o podemos oferecer-lhe um reembolso total ou uma troca.<\/p><\/div>\n\n<div class=\"wp-block-stackable-text stk-block-text stk-block stk-96793be\" data-block-id=\"96793be\"><p class=\"stk-block-text__text has-text-align-justify\">Para ser eleg\u00edvel para uma devolu\u00e7\u00e3o, o artigo n\u00e3o deve ter sido utilizado e deve estar nas mesmas condi\u00e7\u00f5es em que o recebeu. Al\u00e9m disso, deve estar na embalagem original. Para efetuar a sua devolu\u00e7\u00e3o, \u00e9 necess\u00e1rio um recibo ou prova de compra.<\/p><\/div>\n<h2>Reembolsos<\/h2>\n\n<div class=\"wp-block-stackable-text stk-block-text stk-block stk-51faa7c\" data-block-id=\"51faa7c\"><p class=\"stk-block-text__text has-text-align-justify\">Assim que a sua devolu\u00e7\u00e3o for recebida e inspeccionada, enviar-lhe-emos um e-mail para o notificar de que recebemos o artigo devolvido. Tamb\u00e9m o notificaremos da aprova\u00e7\u00e3o ou rejei\u00e7\u00e3o do seu reembolso. Se for aprovado, o seu reembolso ser\u00e1 processado e um cr\u00e9dito ser\u00e1 automaticamente aplicado ao seu cart\u00e3o de cr\u00e9dito ou m\u00e9todo de pagamento original, dentro de um determinado n\u00famero de dias.<\/p><\/div>\n\n<div class=\"wp-block-stackable-text stk-block-text stk-block stk-23f8361\" data-block-id=\"23f8361\"><p class=\"stk-block-text__text\"><b>Reembolsos atrasados ou em falta<\/b><\/p><\/div>\n\n<div class=\"wp-block-stackable-text stk-block-text stk-block stk-dcbba58\" data-block-id=\"dcbba58\"><p class=\"stk-block-text__text\">Se ainda n\u00e3o recebeu o reembolso, verifique novamente a sua conta banc\u00e1ria.<\/p><\/div>\n\n<div class=\"wp-block-stackable-text stk-block-text stk-block stk-36cf19e\" data-block-id=\"36cf19e\"><p class=\"stk-block-text__text\">Em seguida, contacte a empresa do seu cart\u00e3o de cr\u00e9dito, pois pode demorar algum tempo at\u00e9 que o seu reembolso seja oficialmente publicado.<\/p><\/div>\n\n<div class=\"wp-block-stackable-text stk-block-text stk-block stk-2942d2f\" data-block-id=\"2942d2f\"><p class=\"stk-block-text__text\">Em seguida, contacte o seu banco. \u00c9 frequente haver algum tempo de processamento antes de um reembolso ser lan\u00e7ado.<\/p><\/div>\n\n<div class=\"wp-block-stackable-text stk-block-text stk-block stk-597c41e\" data-block-id=\"597c41e\"><p class=\"stk-block-text__text\">Se tiver feito tudo isto e ainda n\u00e3o tiver recebido o seu reembolso, contacte-nos atrav\u00e9s de <strong>info@hideyourkeys.io<\/strong><\/p><\/div>\n<h2>Trocas<\/h2>\n\n<div class=\"wp-block-stackable-text stk-block-text stk-block stk-4731d45\" data-block-id=\"4731d45\"><p class=\"stk-block-text__text has-text-align-justify\">S\u00f3 substitu\u00edmos os artigos se estiverem defeituosos e n\u00e3o tiverem sido utilizados. Se precisar de o trocar pelo mesmo artigo, envie-nos um e-mail para <strong>info@hideyourkeys.io<\/strong> e fornecer-lhe-emos os dados para a devolu\u00e7\u00e3o.<\/p><\/div>\n<h2>Devolu\u00e7\u00f5es de envios<\/h2>\n\n<div class=\"wp-block-stackable-text stk-block-text stk-block stk-62b75cb\" data-block-id=\"62b75cb\"><p class=\"stk-block-text__text\">Para devolver o seu produto, deve contactar-nos atrav\u00e9s do endere\u00e7o <strong>info@hideyourkeys.io<\/strong> <\/p><\/div>\n\n<div class=\"wp-block-stackable-text stk-block-text stk-block stk-04c1137\" data-block-id=\"04c1137\"><p class=\"stk-block-text__text has-text-align-justify\">O utilizador ser\u00e1 respons\u00e1vel pelo pagamento dos seus pr\u00f3prios custos de envio para a devolu\u00e7\u00e3o do artigo. Os custos de envio n\u00e3o s\u00e3o reembols\u00e1veis. Se receber um reembolso, o custo do envio da devolu\u00e7\u00e3o ser\u00e1 deduzido do seu reembolso.<\/p><\/div>\n\n<div class=\"wp-block-stackable-text stk-block-text stk-block stk-85d12fe\" data-block-id=\"85d12fe\"><p class=\"stk-block-text__text\">Dependendo do local onde vive, o tempo que pode demorar a chegar o seu produto trocado pode variar.<\/p><\/div>\n\n<div class=\"wp-block-stackable-text stk-block-text stk-block stk-7041a1d\" data-block-id=\"7041a1d\"><p class=\"stk-block-text__text has-text-align-justify\">Se estiver a devolver artigos mais caros, pode considerar utilizar um servi\u00e7o de envio rastre\u00e1vel ou adquirir um seguro de transporte. N\u00e3o garantimos a rece\u00e7\u00e3o do artigo devolvido.<\/p><\/div>\n<h2>Precisa de ajuda?<\/h2>\n\n<div class=\"wp-block-stackable-text stk-block-text stk-block stk-6b416af\" data-block-id=\"6b416af\"><p class=\"stk-block-text__text\">Contacte-nos em <strong>info@hideyourkeys.io<\/strong> para quest\u00f5es relacionadas com reembolsos e devolu\u00e7\u00f5es.<\/p><\/div>\n","protected":false},"excerpt":{"rendered":"<p>Vis\u00e3o geral A nossa pol\u00edtica de reembolso e devolu\u00e7\u00e3o tem uma dura\u00e7\u00e3o de 14 dias. Se tiverem passado 14 dias ap\u00f3s a compra, n\u00e3o podemos oferecer-lhe um reembolso total ou uma troca. Para ser eleg\u00edvel para uma devolu\u00e7\u00e3o, o artigo n\u00e3o deve ter sido utilizado e deve estar nas mesmas condi\u00e7\u00f5es em que o recebeu. [&hellip;]<\/p>\n","protected":false},"author":1,"featured_media":0,"parent":0,"menu_order":0,"comment_status":"closed","ping_status":"closed","template":"","meta":{"powered_cache_disable_cache":false,"powered_cache_disable_lazyload":false,"powered_cache_disable_css_optimization":false,"powered_cache_disable_js_optimization":false,"footnotes":""},"class_list":["post-4558","page","type-page","status-publish","hentry"],"blocksy_meta":[],"_links":{"self":[{"href":"https:\/\/hideyourkeys.io\/pt-pt\/wp-json\/wp\/v2\/pages\/4558","targetHints":{"allow":["GET"]}}],"collection":[{"href":"https:\/\/hideyourkeys.io\/pt-pt\/wp-json\/wp\/v2\/pages"}],"about":[{"href":"https:\/\/hideyourkeys.io\/pt-pt\/wp-json\/wp\/v2\/types\/page"}],"author":[{"embeddable":true,"href":"https:\/\/hideyourkeys.io\/pt-pt\/wp-json\/wp\/v2\/users\/1"}],"replies":[{"embeddable":true,"href":"https:\/\/hideyourkeys.io\/pt-pt\/wp-json\/wp\/v2\/comments?post=4558"}],"version-history":[{"count":0,"href":"https:\/\/hideyourkeys.io\/pt-pt\/wp-json\/wp\/v2\/pages\/4558\/revisions"}],"wp:attachment":[{"href":"https:\/\/hideyourkeys.io\/pt-pt\/wp-json\/wp\/v2\/media?parent=4558"}],"curies":[{"name":"wp","href":"https:\/\/api.w.org\/{rel}","templated":true}]}}