{"id":4574,"date":"2023-08-24T12:58:33","date_gmt":"2023-08-24T12:58:33","guid":{"rendered":"https:\/\/hideyourkeys.io\/termos-e-condicoes\/"},"modified":"2024-08-06T11:23:20","modified_gmt":"2024-08-06T11:23:20","slug":"termos-e-condicoes","status":"publish","type":"page","link":"https:\/\/hideyourkeys.io\/pt-pt\/termos-e-condicoes\/","title":{"rendered":"Termos e condi\u00e7\u00f5es"},"content":{"rendered":"\n<div class=\"wp-block-stackable-text stk-block-text stk-block stk-8f55d4a\" data-block-id=\"8f55d4a\"><p class=\"stk-block-text__text\"><strong>Pol\u00edtica de servi\u00e7o ao cliente<\/strong><\/p><\/div>\n\n<div class=\"wp-block-stackable-text stk-block-text stk-block stk-6e7539c\" data-block-id=\"6e7539c\"><p class=\"stk-block-text__text has-text-align-justify\">Na HideYourKeys, estamos empenhados em fornecer um servi\u00e7o de apoio ao cliente excecional e em garantir que os seus direitos de privacidade e prote\u00e7\u00e3o de dados s\u00e3o respeitados de acordo com o Regulamento Geral de Prote\u00e7\u00e3o de Dados (RGPD) e o Artigo 165 (3) da Lei das Telecomunica\u00e7\u00f5es (TKG). Reserve um momento para se familiarizar com a nossa pol\u00edtica de servi\u00e7o ao cliente para compreender como lidamos com v\u00e1rios aspectos da sua experi\u00eancia de compra.<\/p><\/div>\n\n<div class=\"wp-block-stackable-text stk-block-text stk-block stk-b80cc6f\" data-block-id=\"b80cc6f\"><p class=\"stk-block-text__text has-text-align-justify\"><strong>1. Privacidade e prote\u00e7\u00e3o de dados:<\/strong> Valorizamos a sua privacidade e tratamos as suas informa\u00e7\u00f5es pessoais em conformidade com o RGPD. O utilizador tem o direito de saber como os seus dados s\u00e3o recolhidos, utilizados e armazenados. Para mais informa\u00e7\u00f5es, consulte a nossa Pol\u00edtica de Privacidade, dispon\u00edvel no nosso s\u00edtio Web.<\/p><\/div>\n\n<div class=\"wp-block-stackable-text stk-block-text stk-block stk-1677ba2\" data-block-id=\"1677ba2\"><p class=\"stk-block-text__text has-text-align-justify\"><strong>2. Encomenda e envio:<\/strong> Processamos as encomendas com rapidez, sendo os produtos expedidos a partir do nosso centro log\u00edstico na Europa. Os prazos de expedi\u00e7\u00e3o na Europa s\u00e3o reduzidos, garantindo uma entrega atempada. Receber\u00e1 uma confirma\u00e7\u00e3o de encomenda com as informa\u00e7\u00f5es de rastreio assim que a sua encomenda for enviada. Para quaisquer quest\u00f5es relacionadas com a sua encomenda, envio ou seguimento, a nossa equipa de servi\u00e7o de apoio ao cliente est\u00e1 dispon\u00edvel para o ajudar.<\/p><\/div>\n\n<div class=\"wp-block-stackable-text stk-block-text stk-block stk-ed6e674\" data-block-id=\"ed6e674\"><p class=\"stk-block-text__text has-text-align-justify\"><strong>3. Devolu\u00e7\u00f5es e reembolsos:<\/strong> Se receber um produto danificado ou incorreto, contacte-nos no prazo de 7 dias ap\u00f3s a entrega para obter assist\u00eancia. Para artigos n\u00e3o danificados, a nossa pol\u00edtica de devolu\u00e7\u00e3o permite a devolu\u00e7\u00e3o no prazo de 14 dias ap\u00f3s a entrega. Consulte a nossa Pol\u00edtica de devolu\u00e7\u00e3o e reembolso para obter instru\u00e7\u00f5es pormenorizadas.<\/p><\/div>\n\n<div class=\"wp-block-stackable-text stk-block-text stk-block stk-bd7699e\" data-block-id=\"bd7699e\"><p class=\"stk-block-text__text has-text-align-justify\"><strong>4. Pedidos de privacidade (artigos 13.\u00ba e 14.\u00ba do RGPD):<\/strong> O utilizador tem o direito de aceder aos seus dados pessoais e de solicitar a sua corre\u00e7\u00e3o ou elimina\u00e7\u00e3o, tal como previsto no RGPD. Se tiver d\u00favidas sobre a forma como os seus dados est\u00e3o a ser processados, contacte-nos atrav\u00e9s do endere\u00e7o info@hideyourkeys.io<\/p><\/div>\n\n<div class=\"wp-block-stackable-text stk-block-text stk-block stk-618223f\" data-block-id=\"618223f\"><p class=\"stk-block-text__text has-text-align-justify\"><strong>5. Contactar o servi\u00e7o de apoio ao cliente:<\/strong> A nossa equipa de apoio ao cliente est\u00e1 dispon\u00edvel por correio eletr\u00f3nico, Nostr e outras redes sociais, tal como indicado na nossa p\u00e1gina inicial. Para quest\u00f5es relacionadas com a prote\u00e7\u00e3o de dados e a privacidade, contacte-nos atrav\u00e9s do endere\u00e7o info@hideyourkeys.io.<\/p><\/div>\n\n<div class=\"wp-block-stackable-text stk-block-text stk-block stk-15d1cc8\" data-block-id=\"15d1cc8\"><p class=\"stk-block-text__text has-text-align-justify\"><strong>6. Feedback e reclama\u00e7\u00f5es:<\/strong> Agradecemos o seu feedback e procuramos responder prontamente a quaisquer preocupa\u00e7\u00f5es. Se tiver uma queixa relacionada com a privacidade ou a prote\u00e7\u00e3o de dados, contacte-nos atrav\u00e9s do endere\u00e7o info@hideyourkeys.io<\/p><\/div>\n\n<div class=\"wp-block-stackable-text stk-block-text stk-block stk-b40330e\" data-block-id=\"b40330e\"><p class=\"stk-block-text__text has-text-align-justify\"><strong>7. Actualiza\u00e7\u00f5es da Pol\u00edtica:<\/strong> A presente Pol\u00edtica de Servi\u00e7o ao Cliente pode ser actualizada periodicamente. Quaisquer altera\u00e7\u00f5es ser\u00e3o comunicadas no nosso s\u00edtio Web e poder\u00e3o exigir o seu consentimento, se aplic\u00e1vel.<\/p><\/div>\n\n<div class=\"wp-block-stackable-text stk-block-text stk-block stk-da6b156\" data-block-id=\"da6b156\"><p class=\"stk-block-text__text has-text-align-justify\"><strong>8. Quadro jur\u00eddico:<\/strong> Esta pol\u00edtica est\u00e1 alinhada com as disposi\u00e7\u00f5es dos artigos 13\u00ba e 14\u00ba do Regulamento Geral sobre a Prote\u00e7\u00e3o de Dados (RGPD), bem como com o artigo 165\u00ba (3) da Lei das Telecomunica\u00e7\u00f5es (TKG).<\/p><\/div>\n\n<div class=\"wp-block-stackable-text stk-block-text stk-block stk-3d2a58c\" data-block-id=\"3d2a58c\"><p class=\"stk-block-text__text has-text-align-justify\">Estamos empenhados em proporcionar uma experi\u00eancia de compra segura e sem problemas aos nossos clientes. Se tiver d\u00favidas ou precisar de assist\u00eancia, n\u00e3o hesite em contactar a nossa equipa de apoio ao cliente.<\/p><\/div>\n","protected":false},"excerpt":{"rendered":"<p>Pol\u00edtica de servi\u00e7o ao cliente Na HideYourKeys, estamos empenhados em fornecer um servi\u00e7o de apoio ao cliente excecional e em garantir que os seus direitos de privacidade e prote\u00e7\u00e3o de dados s\u00e3o respeitados de acordo com o Regulamento Geral de Prote\u00e7\u00e3o de Dados (RGPD) e o Artigo 165 (3) da Lei das Telecomunica\u00e7\u00f5es (TKG). Reserve [&hellip;]<\/p>\n","protected":false},"author":1,"featured_media":0,"parent":0,"menu_order":0,"comment_status":"closed","ping_status":"open","template":"","meta":{"powered_cache_disable_cache":false,"powered_cache_disable_lazyload":false,"powered_cache_disable_css_optimization":false,"powered_cache_disable_js_optimization":false,"footnotes":""},"class_list":["post-4574","page","type-page","status-publish","hentry"],"blocksy_meta":[],"_links":{"self":[{"href":"https:\/\/hideyourkeys.io\/pt-pt\/wp-json\/wp\/v2\/pages\/4574","targetHints":{"allow":["GET"]}}],"collection":[{"href":"https:\/\/hideyourkeys.io\/pt-pt\/wp-json\/wp\/v2\/pages"}],"about":[{"href":"https:\/\/hideyourkeys.io\/pt-pt\/wp-json\/wp\/v2\/types\/page"}],"author":[{"embeddable":true,"href":"https:\/\/hideyourkeys.io\/pt-pt\/wp-json\/wp\/v2\/users\/1"}],"replies":[{"embeddable":true,"href":"https:\/\/hideyourkeys.io\/pt-pt\/wp-json\/wp\/v2\/comments?post=4574"}],"version-history":[{"count":0,"href":"https:\/\/hideyourkeys.io\/pt-pt\/wp-json\/wp\/v2\/pages\/4574\/revisions"}],"wp:attachment":[{"href":"https:\/\/hideyourkeys.io\/pt-pt\/wp-json\/wp\/v2\/media?parent=4574"}],"curies":[{"name":"wp","href":"https:\/\/api.w.org\/{rel}","templated":true}]}}