{"id":10380,"date":"2024-02-03T11:29:45","date_gmt":"2024-02-03T11:29:45","guid":{"rendered":"https:\/\/hideyourkeys.io\/?post_type=product&#038;p=10380"},"modified":"2024-11-30T12:35:41","modified_gmt":"2024-11-30T12:35:41","slug":"frase-semente-aco-capsula-mini-m6","status":"publish","type":"product","link":"https:\/\/hideyourkeys.io\/pt-pt\/produto\/frase-semente-aco-capsula-mini-m6\/","title":{"rendered":"C\u00e1psula de a\u00e7o para frase de recupera\u00e7\u00e3o Mini (M6)"},"content":{"rendered":"<p>Essas c\u00e1psulas s\u00e3o projetadas para armazenar com seguran\u00e7a suas valiosas frases de recupera\u00e7\u00e3o de Bitcoin ou outras criptomoedas, garantindo que elas permane\u00e7am seguras e protegidas. A c\u00e1psula de frase-semente de a\u00e7o tamb\u00e9m \u00e9 muito pequena e compacta, facilitando o transporte consigo para onde quer que v\u00e1.<\/p>\n<p>Cada c\u00e1psula pode acomodar um conjunto de arruelas met\u00e1licas estampadas (M6-18) feitas com nosso <a href=\"https:\/\/hideyourkeys.io\/pt-pt\/produto\/bitjig-m6-basic-pack\/\">BitJig M6<\/a>, exibindo sua frase-semente de Bitcoin ou Criptomoeda, proporcionando uma camada adicional de prote\u00e7\u00e3o contra acessos n\u00e3o autorizados. Esta funcionalidade garante que os seus valiosos activos Bitcoin est\u00e3o sempre seguros e protegidos.<\/p>\n<p>A semente tem de ser previamente estampada em anilhas met\u00e1licas, consulte o nosso estampador para gerar uma reserva de sementes adequada. Este produto inclui um parafuso M6 que se ajusta a 24 arruelas (tamb\u00e9m inclu\u00eddas) e uma porca. Todos eles cabem perfeitamente dentro da c\u00e1psula. A c\u00e1psula tem 69 mm de altura e 22 mm de di\u00e2metro.<\/p>\n<p>Este produto cont\u00e9m:<\/p>\n<ul>\n<li>Uma (1) c\u00e1psula de armazenamento em a\u00e7o<\/li>\n<li>Conjunto de anilhas (25), com uma (1) porca e um (1) parafuso<\/li>\n<\/ul>\n","protected":false},"excerpt":{"rendered":"<p>C\u00e1psula para armazenar frase-semente gravada em metal. C\u00e1psula de frase-semente de a\u00e7o para arruelas M6. <\/p>\n","protected":false},"featured_media":15065,"comment_status":"open","ping_status":"closed","template":"","meta":{"powered_cache_disable_cache":false,"powered_cache_disable_lazyload":false,"powered_cache_disable_css_optimization":false,"powered_cache_disable_js_optimization":false},"product_brand":[],"product_cat":[265],"product_tag":[304,397],"class_list":{"0":"post-10380","1":"product","2":"type-product","3":"status-publish","4":"has-post-thumbnail","6":"product_cat-carimbadores-capsulas","7":"product_tag-capsula-pt","8":"product_tag-ocultar-a-frase-semente","10":"first","11":"instock","12":"taxable","13":"shipping-taxable","14":"purchasable","15":"product-type-variable"},"_links":{"self":[{"href":"https:\/\/hideyourkeys.io\/pt-pt\/wp-json\/wp\/v2\/product\/10380","targetHints":{"allow":["GET"]}}],"collection":[{"href":"https:\/\/hideyourkeys.io\/pt-pt\/wp-json\/wp\/v2\/product"}],"about":[{"href":"https:\/\/hideyourkeys.io\/pt-pt\/wp-json\/wp\/v2\/types\/product"}],"replies":[{"embeddable":true,"href":"https:\/\/hideyourkeys.io\/pt-pt\/wp-json\/wp\/v2\/comments?post=10380"}],"wp:featuredmedia":[{"embeddable":true,"href":"https:\/\/hideyourkeys.io\/pt-pt\/wp-json\/wp\/v2\/media\/15065"}],"wp:attachment":[{"href":"https:\/\/hideyourkeys.io\/pt-pt\/wp-json\/wp\/v2\/media?parent=10380"}],"wp:term":[{"taxonomy":"product_brand","embeddable":true,"href":"https:\/\/hideyourkeys.io\/pt-pt\/wp-json\/wp\/v2\/product_brand?post=10380"},{"taxonomy":"product_cat","embeddable":true,"href":"https:\/\/hideyourkeys.io\/pt-pt\/wp-json\/wp\/v2\/product_cat?post=10380"},{"taxonomy":"product_tag","embeddable":true,"href":"https:\/\/hideyourkeys.io\/pt-pt\/wp-json\/wp\/v2\/product_tag?post=10380"}],"curies":[{"name":"wp","href":"https:\/\/api.w.org\/{rel}","templated":true}]}}